{"id":8371,"date":"2024-11-25T09:09:34","date_gmt":"2024-11-25T08:09:34","guid":{"rendered":"https:\/\/sklep.thepartners.pl\/?post_type=product&#038;p=8371"},"modified":"2024-11-25T09:12:16","modified_gmt":"2024-11-25T08:12:16","slug":"univerzalni-hmozdinka-8x65-mm-s-vrutem-50x80-mm-50-ks-kopia","status":"publish","type":"product","link":"https:\/\/sklep.thepartners.pl\/cs\/produkt\/univerzalni-hmozdinka-8x65-mm-s-vrutem-50x80-mm-50-ks-kopia\/","title":{"rendered":"Univerz\u00e1ln\u00ed hmo\u017edinka 10&#215;50 mm s vrutem 6,0&#215;60 mm -25 ks"},"content":{"rendered":"<div class=\"flex max-w-full flex-col flex-grow\">\n<div class=\"min-h-8 text-message flex w-full flex-col items-end gap-2 whitespace-normal break-words [.text-message+&amp;]:mt-5\" dir=\"auto\" data-message-author-role=\"assistant\" data-message-id=\"f4f3a212-7187-4693-ae87-122770bc99b8\" data-message-model-slug=\"gpt-4o\">\n<div class=\"flex w-full flex-col gap-1 empty:hidden first:pt-[3px]\">\n<div class=\"markdown prose w-full break-words dark:prose-invert light\">\n<p>Univerz\u00e1ln\u00ed hmo\u017edinka o rozm\u011brech 10&#215;50 mm s odpov\u00eddaj\u00edc\u00edm vrutem 6,0&#215;60 mm je pevn\u00e9 a spolehliv\u00e9 \u0159e\u0161en\u00ed pro mont\u00e1\u017e v r\u016fzn\u00fdch typech podklad\u016f. D\u00edky sv\u00e9 konstrukci je vhodn\u00e1 pro pou\u017eit\u00ed jak v pln\u00fdch, tak dut\u00fdch materi\u00e1lech a zaji\u0161\u0165uje bezpe\u010dn\u00e9 uchycen\u00ed. Produkt je balen v kartonov\u00e9m obalu obsahuj\u00edc\u00edm 25 sad, co\u017e ho \u010din\u00ed ide\u00e1ln\u00edm pro dom\u00e1c\u00ed i profesion\u00e1ln\u00ed vyu\u017eit\u00ed.<\/p>\n<h4><strong>Pou\u017eit\u00ed:<\/strong><\/h4>\n<ul>\n<li>Upevn\u011bn\u00ed polic, v\u011b\u0161\u00e1k\u016f, sk\u0159\u00edn\u011bk a dal\u0161\u00edch interi\u00e9rov\u00fdch prvk\u016f.<\/li>\n<li>Vhodn\u00e9 pro podklady, jako jsou cihly, beton, p\u00f3robeton nebo s\u00e1drokarton.<\/li>\n<li>Pou\u017eit\u00ed pro lehk\u00e9 a st\u0159edn\u011b zat\u00ed\u017een\u00e9 konstrukce.<\/li>\n<\/ul>\n<h4><strong>Vlastnosti produktu:<\/strong><\/h4>\n<ul>\n<li><strong>Univerz\u00e1lnost:<\/strong> Vhodn\u00e9 pro r\u016fzn\u00e9 typy podklad\u016f.<\/li>\n<li><strong>Vysok\u00e1 odolnost:<\/strong> Hmo\u017edinka z pevn\u00e9ho plastu a vrut z pozinkovan\u00e9 oceli odoln\u00e9 v\u016f\u010di korozi.<\/li>\n<li><strong>Snadn\u00e1 instalace:<\/strong> Ergonomick\u00fd design hmo\u017edinky umo\u017e\u0148uje rychlou a jednoduchou mont\u00e1\u017e.<\/li>\n<li><strong>Stabilita:<\/strong> Zaji\u0161\u0165uje pevn\u00e9 uchycen\u00ed bez rizika uvoln\u011bn\u00ed nebo vyta\u017een\u00ed.<\/li>\n<\/ul>\n<h4><strong>Obsah balen\u00ed:<\/strong><\/h4>\n<ul>\n<li>Hmo\u017edinky: 10&#215;50 mm \u2013 25 ks.<\/li>\n<li>Vruty: 6,0&#215;60 mm \u2013 25 ks.<\/li>\n<\/ul>\n<\/div>\n<\/div>\n<\/div>\n<\/div>\n<div class=\"mb-2 flex gap-3 empty:hidden -ml-2\">\n<div class=\"items-center justify-start rounded-xl p-1 flex\"><\/div>\n<\/div>\n","protected":false},"excerpt":{"rendered":"<p>Univerz\u00e1ln\u00ed hmo\u017edinka o rozm\u011brech 10&#215;50 mm s odpov\u00eddaj\u00edc\u00edm vrutem 6,0&#215;60 mm je pevn\u00e9 a spolehliv\u00e9 \u0159e\u0161en\u00ed pro mont\u00e1\u017e v r\u016fzn\u00fdch<\/p>\n","protected":false},"featured_media":8362,"comment_status":"open","ping_status":"closed","template":"","meta":{"_acf_changed":false},"product_brand":[],"product_cat":[956,156,946],"product_tag":[],"class_list":{"0":"post-8371","1":"product","2":"type-product","3":"status-publish","4":"has-post-thumbnail","6":"product_cat-natloukaci-hmozdinky","7":"product_cat-stavebni-materialy","8":"product_cat-sucha-vystavba","9":"product_shipping_class-kurier-cs","10":"pa_producent-rawplug-cs","12":"first","13":"instock","14":"taxable","15":"shipping-taxable","16":"purchasable","17":"product-type-simple"},"acf":[],"_links":{"self":[{"href":"https:\/\/sklep.thepartners.pl\/cs\/wp-json\/wp\/v2\/product\/8371","targetHints":{"allow":["GET"]}}],"collection":[{"href":"https:\/\/sklep.thepartners.pl\/cs\/wp-json\/wp\/v2\/product"}],"about":[{"href":"https:\/\/sklep.thepartners.pl\/cs\/wp-json\/wp\/v2\/types\/product"}],"replies":[{"embeddable":true,"href":"https:\/\/sklep.thepartners.pl\/cs\/wp-json\/wp\/v2\/comments?post=8371"}],"wp:featuredmedia":[{"embeddable":true,"href":"https:\/\/sklep.thepartners.pl\/cs\/wp-json\/wp\/v2\/media\/8362"}],"wp:attachment":[{"href":"https:\/\/sklep.thepartners.pl\/cs\/wp-json\/wp\/v2\/media?parent=8371"}],"wp:term":[{"taxonomy":"product_brand","embeddable":true,"href":"https:\/\/sklep.thepartners.pl\/cs\/wp-json\/wp\/v2\/product_brand?post=8371"},{"taxonomy":"product_cat","embeddable":true,"href":"https:\/\/sklep.thepartners.pl\/cs\/wp-json\/wp\/v2\/product_cat?post=8371"},{"taxonomy":"product_tag","embeddable":true,"href":"https:\/\/sklep.thepartners.pl\/cs\/wp-json\/wp\/v2\/product_tag?post=8371"}],"curies":[{"name":"wp","href":"https:\/\/api.w.org\/{rel}","templated":true}]}}