{"id":8375,"date":"2024-11-25T10:10:37","date_gmt":"2024-11-25T09:10:37","guid":{"rendered":"https:\/\/sklep.thepartners.pl\/produkt\/tasma-aluminiowa-blue-dolphin-48-mm-x-25\/"},"modified":"2024-12-02T13:14:03","modified_gmt":"2024-12-02T12:14:03","slug":"tasma-aluminiowa-blue-dolphin-48-mm-x-25","status":"publish","type":"product","link":"https:\/\/sklep.thepartners.pl\/cs\/produkt\/tasma-aluminiowa-blue-dolphin-48-mm-x-25\/","title":{"rendered":"Hlin\u00edkov\u00e1 p\u00e1ska Blue Dolphin 48 mm x 25"},"content":{"rendered":"<p>je vysoce kvalitn\u00ed produkt ur\u010den\u00fd pro pou\u017eit\u00ed v klimatiza\u010dn\u00edch a ventila\u010dn\u00edch instalac\u00edch. Vyrobeno z m\u011bkk\u00e9ho \u010dist\u00e9ho hlin\u00edku o tlou\u0161\u0165ce 0,03 mm, je pokryto lepidlem na b\u00e1zi syntetick\u00e9ho kau\u010duku, kter\u00e9 zaji\u0161\u0165uje odoln\u00e9 a pevn\u00e9 spojen\u00ed.<\/p>\n<p><strong>Kl\u00ed\u010dov\u00e9 vlastnosti:<\/strong><\/p>\n<p><strong>Materi\u00e1l:<\/strong> \u010cist\u00fd hlin\u00edk, tlou\u0161\u0165ka 0,03 mm.<br \/>\n<strong>Lepidlo:<\/strong> Na b\u00e1zi syntetick\u00e9ho kau\u010duku.<br \/>\n<strong>Rozsah provozn\u00edch teplot:<\/strong> Od -25\u00b0C do +120\u00b0C.<br \/>\n<strong>\u0160\u00ed\u0159ka:<\/strong> 48 mm.<br \/>\n<strong>D\u00e9lka:<\/strong> 25 yard\u016f (cca 22,85 m).<\/p>\n<p><strong>Aplikace:<\/strong><\/p>\n<p><strong>P\u00e1ska je ide\u00e1ln\u00ed pro:<\/strong><\/p>\n<p>T\u011bsn\u011bn\u00ed sp\u00e1r ve ventila\u010dn\u00edch a klimatiza\u010dn\u00edch syst\u00e9mech.<br \/>\nSpojov\u00e1n\u00ed a opravy paropropustn\u00fdch a parot\u011bsn\u00fdch f\u00f3li\u00ed.<br \/>\nInstalace za\u0159\u00edzen\u00ed vy\u017eaduj\u00edc\u00edch odolnost v\u016f\u010di vysok\u00fdm teplot\u00e1m.<\/p>\n","protected":false},"excerpt":{"rendered":"<p><strong>Kl\u00ed\u010dov\u00e9 vlastnosti:<\/strong><\/p>\n<p><strong>Materi\u00e1l:<\/strong> \u010cist\u00fd hlin\u00edk, tlou\u0161\u0165ka 0,03 mm.<br \/>\n<strong>Lepidlo:<\/strong> Na b\u00e1zi syntetick\u00e9ho kau\u010duku.<br \/>\n<strong>Rozsah provozn\u00edch teplot:<\/strong> Od -25\u00b0C do +120\u00b0C.<br \/>\n<strong>\u0160\u00ed\u0159ka:<\/strong> 48 mm.<br \/>\n<strong>D\u00e9lka:<\/strong> 25 yard\u016f (cca 22,85 m).<\/p>\n","protected":false},"featured_media":8374,"comment_status":"open","ping_status":"closed","template":"","meta":{"_acf_changed":false},"product_brand":[],"product_cat":[162,1159],"product_tag":[],"class_list":{"0":"post-8375","1":"product","2":"type-product","3":"status-publish","4":"has-post-thumbnail","6":"product_cat-micharna-barev-a-omitek","7":"product_cat-malirske-doplnky","8":"product_shipping_class-kurier-cs","9":"pa_producent-blue-dolphin","11":"first","12":"instock","13":"taxable","14":"shipping-taxable","15":"purchasable","16":"product-type-simple"},"acf":[],"_links":{"self":[{"href":"https:\/\/sklep.thepartners.pl\/cs\/wp-json\/wp\/v2\/product\/8375","targetHints":{"allow":["GET"]}}],"collection":[{"href":"https:\/\/sklep.thepartners.pl\/cs\/wp-json\/wp\/v2\/product"}],"about":[{"href":"https:\/\/sklep.thepartners.pl\/cs\/wp-json\/wp\/v2\/types\/product"}],"replies":[{"embeddable":true,"href":"https:\/\/sklep.thepartners.pl\/cs\/wp-json\/wp\/v2\/comments?post=8375"}],"wp:featuredmedia":[{"embeddable":true,"href":"https:\/\/sklep.thepartners.pl\/cs\/wp-json\/wp\/v2\/media\/8374"}],"wp:attachment":[{"href":"https:\/\/sklep.thepartners.pl\/cs\/wp-json\/wp\/v2\/media?parent=8375"}],"wp:term":[{"taxonomy":"product_brand","embeddable":true,"href":"https:\/\/sklep.thepartners.pl\/cs\/wp-json\/wp\/v2\/product_brand?post=8375"},{"taxonomy":"product_cat","embeddable":true,"href":"https:\/\/sklep.thepartners.pl\/cs\/wp-json\/wp\/v2\/product_cat?post=8375"},{"taxonomy":"product_tag","embeddable":true,"href":"https:\/\/sklep.thepartners.pl\/cs\/wp-json\/wp\/v2\/product_tag?post=8375"}],"curies":[{"name":"wp","href":"https:\/\/api.w.org\/{rel}","templated":true}]}}