{"id":8384,"date":"2024-11-25T11:02:15","date_gmt":"2024-11-25T10:02:15","guid":{"rendered":"https:\/\/sklep.thepartners.pl\/?post_type=product&#038;p=8384"},"modified":"2025-07-21T11:16:42","modified_gmt":"2025-07-21T09:16:42","slug":"tasma-do-sklejania-folii-budowlanych-50x50-blue-dolphin","status":"publish","type":"product","link":"https:\/\/sklep.thepartners.pl\/cs\/produkt\/tasma-do-sklejania-folii-budowlanych-50x50-blue-dolphin\/","title":{"rendered":"Ta\u015bma do sklejania folii budowlanych 50&#215;50 Blue Dolphin"},"content":{"rendered":"<p>to wytrzyma\u0142a, czarna ta\u015bma zaprojektowana specjalnie do trwa\u0142ego \u0142\u0105czenia folii budowlanych.<\/p>\n<p><strong>Kluczowe cechy:<\/strong><\/p>\n<ul>\n<li><strong>Mocny klej:<\/strong> Zapewnia solidne i trwa\u0142e po\u0142\u0105czenie folii.<\/li>\n<li><strong>Odporno\u015b\u0107 na wilgo\u0107:<\/strong> Idealna do zastosowa\u0144 w wilgotnych warunkach.<\/li>\n<li><strong>Elastyczno\u015b\u0107:<\/strong> Dostosowuje si\u0119 do nier\u00f3wnych powierzchni, zapewniaj\u0105c szczelno\u015b\u0107.<\/li>\n<li><strong>Odporno\u015b\u0107 na rozrywanie:<\/strong> Gwarantuje trwa\u0142o\u015b\u0107 i niezawodno\u015b\u0107 po\u0142\u0105cze\u0144.<\/li>\n<\/ul>\n<p><strong>Zastosowanie:<\/strong><\/p>\n<p>Ta\u015bma jest przeznaczona do \u0142\u0105czenia folii budowlanych, takich jak folie ogrodowe, dachowe i pod\u0142ogowe. Dzi\u0119ki odporno\u015bci na wilgo\u0107 i promieniowanie UV sprawdza si\u0119 zar\u00f3wno wewn\u0105trz, jak i na zewn\u0105trz budynk\u00f3w.<\/p>\n","protected":false},"excerpt":{"rendered":"<p><strong>Kluczowe cechy:<\/strong><\/p>\n<ul>\n<li><strong>Mocny klej:<\/strong> Zapewnia solidne i trwa\u0142e po\u0142\u0105czenie folii.<\/li>\n<li><strong>Odporno\u015b\u0107 na wilgo\u0107:<\/strong> Idealna do zastosowa\u0144 w wilgotnych warunkach.<\/li>\n<li><strong>Elastyczno\u015b\u0107:<\/strong> Dostosowuje si\u0119 do nier\u00f3wnych powierzchni, zapewniaj\u0105c szczelno\u015b\u0107.<\/li>\n<li><strong>Odporno\u015b\u0107 na rozrywanie:<\/strong> Gwarantuje trwa\u0142o\u015b\u0107 i niezawodno\u015b\u0107 po\u0142\u0105cze\u0144.<\/li>\n<\/ul>\n","protected":false},"featured_media":8393,"comment_status":"open","ping_status":"closed","template":"","meta":{"_acf_changed":false},"product_brand":[],"product_cat":[1159,162],"product_tag":[],"class_list":{"0":"post-8384","1":"product","2":"type-product","3":"status-publish","4":"has-post-thumbnail","6":"product_cat-malirske-doplnky","7":"product_cat-micharna-barev-a-omitek","8":"product_shipping_class-kurier-cs","9":"pa_producent-blue-dolphin","11":"first","12":"instock","13":"taxable","14":"shipping-taxable","15":"purchasable","16":"product-type-simple"},"acf":[],"_links":{"self":[{"href":"https:\/\/sklep.thepartners.pl\/cs\/wp-json\/wp\/v2\/product\/8384","targetHints":{"allow":["GET"]}}],"collection":[{"href":"https:\/\/sklep.thepartners.pl\/cs\/wp-json\/wp\/v2\/product"}],"about":[{"href":"https:\/\/sklep.thepartners.pl\/cs\/wp-json\/wp\/v2\/types\/product"}],"replies":[{"embeddable":true,"href":"https:\/\/sklep.thepartners.pl\/cs\/wp-json\/wp\/v2\/comments?post=8384"}],"wp:featuredmedia":[{"embeddable":true,"href":"https:\/\/sklep.thepartners.pl\/cs\/wp-json\/wp\/v2\/media\/8393"}],"wp:attachment":[{"href":"https:\/\/sklep.thepartners.pl\/cs\/wp-json\/wp\/v2\/media?parent=8384"}],"wp:term":[{"taxonomy":"product_brand","embeddable":true,"href":"https:\/\/sklep.thepartners.pl\/cs\/wp-json\/wp\/v2\/product_brand?post=8384"},{"taxonomy":"product_cat","embeddable":true,"href":"https:\/\/sklep.thepartners.pl\/cs\/wp-json\/wp\/v2\/product_cat?post=8384"},{"taxonomy":"product_tag","embeddable":true,"href":"https:\/\/sklep.thepartners.pl\/cs\/wp-json\/wp\/v2\/product_tag?post=8384"}],"curies":[{"name":"wp","href":"https:\/\/api.w.org\/{rel}","templated":true}]}}