{"id":8407,"date":"2024-11-25T11:14:34","date_gmt":"2024-11-25T10:14:34","guid":{"rendered":"https:\/\/sklep.thepartners.pl\/produkt\/tasma-dwustronna-pp-50x25-blue-dolphin\/"},"modified":"2024-12-02T13:44:33","modified_gmt":"2024-12-02T12:44:33","slug":"tasma-dwustronna-pp-50x25-blue-dolphin","status":"publish","type":"product","link":"https:\/\/sklep.thepartners.pl\/cs\/produkt\/tasma-dwustronna-pp-50x25-blue-dolphin\/","title":{"rendered":"Oboustrann\u00e1 p\u00e1ska PP 50&#215;25 Blue Dolphin"},"content":{"rendered":"<p>je v\u0161estrann\u00fd produkt ur\u010den\u00fd k p\u0159ipev\u0148ov\u00e1n\u00ed podlahov\u00fdch krytin a jin\u00fdch materi\u00e1l\u016f na povrchy jako je sklo, plast nebo kov.<\/p>\n<p><strong>Kl\u00ed\u010dov\u00e9 vlastnosti:<\/strong><\/p>\n<p>Nosn\u00fd materi\u00e1l: Polypropylenov\u00e1 f\u00f3lie.<br \/>\nLepidlo: B\u00edl\u00e9 lepidlo na b\u00e1zi syntetick\u00e9ho kau\u010duku, zaji\u0161\u0165uj\u00edc\u00ed pevn\u00e9 a odoln\u00e9 spojen\u00ed.<br \/>\nPou\u017eit\u00ed: Perfektn\u00ed pro lepen\u00ed podlahov\u00fdch krytin, ru\u010dn\u00edch prac\u00ed a dekorac\u00ed.<\/p>\n<p><strong>v\u00fdhody:<\/strong><\/p>\n<p>Multitasking: Vhodn\u00e9 pro r\u016fzn\u00e9 pou\u017eit\u00ed, dom\u00e1c\u00ed i profesion\u00e1ln\u00ed.<br \/>\nSiln\u00e9 lepidlo: Poskytuje trvanliv\u00e9 spojen\u00ed na r\u016fzn\u00e9 povrchy.<br \/>\nSnadn\u00e9 pou\u017eit\u00ed: D\u00edky zoubkovan\u00e9mu okraji lze p\u00e1sku snadno roztrhnout rukou.<\/p>\n","protected":false},"excerpt":{"rendered":"<p><strong>Kl\u00ed\u010dov\u00e9 vlastnosti:<\/strong><\/p>\n<p>Nosn\u00fd materi\u00e1l: Polypropylenov\u00e1 f\u00f3lie.<br \/>\nLepidlo: B\u00edl\u00e9 lepidlo na b\u00e1zi syntetick\u00e9ho kau\u010duku, zaji\u0161\u0165uj\u00edc\u00ed pevn\u00e9 a odoln\u00e9 spojen\u00ed.<br \/>\nPou\u017eit\u00ed: Perfektn\u00ed pro lepen\u00ed podlahov\u00fdch krytin, ru\u010dn\u00edch prac\u00ed a dekorac\u00ed.<\/p>\n","protected":false},"featured_media":8404,"comment_status":"open","ping_status":"closed","template":"","meta":{"_acf_changed":false},"product_brand":[],"product_cat":[162,1159],"product_tag":[],"class_list":{"0":"post-8407","1":"product","2":"type-product","3":"status-publish","4":"has-post-thumbnail","6":"product_cat-micharna-barev-a-omitek","7":"product_cat-malirske-doplnky","8":"product_shipping_class-kurier-cs","9":"pa_producent-blue-dolphin","11":"first","12":"instock","13":"taxable","14":"shipping-taxable","15":"purchasable","16":"product-type-simple"},"acf":[],"_links":{"self":[{"href":"https:\/\/sklep.thepartners.pl\/cs\/wp-json\/wp\/v2\/product\/8407","targetHints":{"allow":["GET"]}}],"collection":[{"href":"https:\/\/sklep.thepartners.pl\/cs\/wp-json\/wp\/v2\/product"}],"about":[{"href":"https:\/\/sklep.thepartners.pl\/cs\/wp-json\/wp\/v2\/types\/product"}],"replies":[{"embeddable":true,"href":"https:\/\/sklep.thepartners.pl\/cs\/wp-json\/wp\/v2\/comments?post=8407"}],"wp:featuredmedia":[{"embeddable":true,"href":"https:\/\/sklep.thepartners.pl\/cs\/wp-json\/wp\/v2\/media\/8404"}],"wp:attachment":[{"href":"https:\/\/sklep.thepartners.pl\/cs\/wp-json\/wp\/v2\/media?parent=8407"}],"wp:term":[{"taxonomy":"product_brand","embeddable":true,"href":"https:\/\/sklep.thepartners.pl\/cs\/wp-json\/wp\/v2\/product_brand?post=8407"},{"taxonomy":"product_cat","embeddable":true,"href":"https:\/\/sklep.thepartners.pl\/cs\/wp-json\/wp\/v2\/product_cat?post=8407"},{"taxonomy":"product_tag","embeddable":true,"href":"https:\/\/sklep.thepartners.pl\/cs\/wp-json\/wp\/v2\/product_tag?post=8407"}],"curies":[{"name":"wp","href":"https:\/\/api.w.org\/{rel}","templated":true}]}}