{"id":8412,"date":"2024-11-25T11:28:08","date_gmt":"2024-11-25T10:28:08","guid":{"rendered":"https:\/\/sklep.thepartners.pl\/?post_type=product&#038;p=8412"},"modified":"2024-11-25T11:38:55","modified_gmt":"2024-11-25T10:38:55","slug":"univerzalni-hmozdinka-uno-8-mm-se-sroubem-50x60-mm-100-ks-kopia","status":"publish","type":"product","link":"https:\/\/sklep.thepartners.pl\/cs\/produkt\/univerzalni-hmozdinka-uno-8-mm-se-sroubem-50x60-mm-100-ks-kopia\/","title":{"rendered":"Univerz\u00e1ln\u00ed hmo\u017edinka UNO\u00ae 10 mm &#8211; 50 ks"},"content":{"rendered":"<div class=\"flex max-w-full flex-col flex-grow\">\n<div class=\"min-h-8 text-message flex w-full flex-col items-end gap-2 whitespace-normal break-words [.text-message+&amp;]:mt-5\" dir=\"auto\" data-message-author-role=\"assistant\" data-message-id=\"f4f3a212-7187-4693-ae87-122770bc99b8\" data-message-model-slug=\"gpt-4o\">\n<div class=\"flex w-full flex-col gap-1 empty:hidden first:pt-[3px]\">\n<div class=\"markdown prose w-full break-words dark:prose-invert light\">\n<p>Univerz\u00e1ln\u00ed hmo\u017edinka UNO\u00ae o pr\u016fm\u011bru 10 mm je v\u0161estrann\u00e9 \u0159e\u0161en\u00ed pro upevn\u011bn\u00ed do r\u016fzn\u00fdch typ\u016f podklad\u016f. D\u00edky sv\u00e9 speci\u00e1ln\u00ed konstrukci zaji\u0161\u0165uje pevn\u00e9 a trval\u00e9 uchycen\u00ed v pln\u00fdch i dut\u00fdch materi\u00e1lech. Produkt je dostupn\u00fd v kartonov\u00e9m balen\u00ed obsahuj\u00edc\u00edm 50 kus\u016f, ide\u00e1ln\u00ed pro profesion\u00e1ln\u00ed i dom\u00e1c\u00ed pou\u017eit\u00ed.<\/p>\n<h4><strong>Pou\u017eit\u00ed:<\/strong><\/h4>\n<ul>\n<li>Mont\u00e1\u017e sk\u0159\u00edn\u011bk, polic, dr\u017e\u00e1k\u016f, osv\u011btlen\u00ed, obraz\u016f a dal\u0161\u00edch prvk\u016f.<\/li>\n<li>Vhodn\u00e9 pro beton, cihly, tv\u00e1rnice, s\u00e1drokartonov\u00e9 desky a dal\u0161\u00ed stavebn\u00ed materi\u00e1ly.<\/li>\n<li>Ur\u010deno pro \u0161irokou \u0161k\u00e1lu rekonstruk\u010dn\u00edch a stavebn\u00edch prac\u00ed.<\/li>\n<\/ul>\n<h4><strong>Vlastnosti produktu:<\/strong><\/h4>\n<ul>\n<li><strong>Univerz\u00e1lnost:<\/strong> Navr\u017eeno pro r\u016fzn\u00e9 stavebn\u00ed materi\u00e1ly.<\/li>\n<li><strong>Trvanlivost:<\/strong> Odoln\u00fd materi\u00e1l a optimalizovan\u00fd tvar zaji\u0161\u0165uj\u00ed vysokou nosnost.<\/li>\n<li><strong>Snadn\u00e1 instalace:<\/strong> Jednoduch\u00e1 mont\u00e1\u017e s minim\u00e1ln\u00ed n\u00e1mahou pro rychl\u00e9 a bezpe\u010dn\u00e9 upevn\u011bn\u00ed.<\/li>\n<li><strong>Odolnost:<\/strong> Odoln\u00e9 v\u016f\u010di dynamick\u00e9mu i statick\u00e9mu zat\u00ed\u017een\u00ed.<\/li>\n<\/ul>\n<h4><strong>Obsah balen\u00ed:<\/strong><\/h4>\n<ul>\n<li>Hmo\u017edinky: 10 mm \u2013 50 ks.<\/li>\n<\/ul>\n<\/div>\n<\/div>\n<\/div>\n<\/div>\n","protected":false},"excerpt":{"rendered":"<p>Univerz\u00e1ln\u00ed hmo\u017edinka UNO\u00ae o pr\u016fm\u011bru 10 mm je v\u0161estrann\u00e9 \u0159e\u0161en\u00ed pro upevn\u011bn\u00ed do r\u016fzn\u00fdch typ\u016f podklad\u016f. D\u00edky sv\u00e9 speci\u00e1ln\u00ed konstrukci<\/p>\n","protected":false},"featured_media":8418,"comment_status":"open","ping_status":"closed","template":"","meta":{"_acf_changed":false},"product_brand":[],"product_cat":[956,156,946],"product_tag":[],"class_list":{"0":"post-8412","1":"product","2":"type-product","3":"status-publish","4":"has-post-thumbnail","6":"product_cat-natloukaci-hmozdinky","7":"product_cat-stavebni-materialy","8":"product_cat-sucha-vystavba","9":"product_shipping_class-kurier-cs","10":"pa_producent-rawplug-cs","12":"first","13":"instock","14":"taxable","15":"shipping-taxable","16":"purchasable","17":"product-type-simple"},"acf":[],"_links":{"self":[{"href":"https:\/\/sklep.thepartners.pl\/cs\/wp-json\/wp\/v2\/product\/8412","targetHints":{"allow":["GET"]}}],"collection":[{"href":"https:\/\/sklep.thepartners.pl\/cs\/wp-json\/wp\/v2\/product"}],"about":[{"href":"https:\/\/sklep.thepartners.pl\/cs\/wp-json\/wp\/v2\/types\/product"}],"replies":[{"embeddable":true,"href":"https:\/\/sklep.thepartners.pl\/cs\/wp-json\/wp\/v2\/comments?post=8412"}],"wp:featuredmedia":[{"embeddable":true,"href":"https:\/\/sklep.thepartners.pl\/cs\/wp-json\/wp\/v2\/media\/8418"}],"wp:attachment":[{"href":"https:\/\/sklep.thepartners.pl\/cs\/wp-json\/wp\/v2\/media?parent=8412"}],"wp:term":[{"taxonomy":"product_brand","embeddable":true,"href":"https:\/\/sklep.thepartners.pl\/cs\/wp-json\/wp\/v2\/product_brand?post=8412"},{"taxonomy":"product_cat","embeddable":true,"href":"https:\/\/sklep.thepartners.pl\/cs\/wp-json\/wp\/v2\/product_cat?post=8412"},{"taxonomy":"product_tag","embeddable":true,"href":"https:\/\/sklep.thepartners.pl\/cs\/wp-json\/wp\/v2\/product_tag?post=8412"}],"curies":[{"name":"wp","href":"https:\/\/api.w.org\/{rel}","templated":true}]}}