{"id":8422,"date":"2024-11-25T11:39:04","date_gmt":"2024-11-25T10:39:04","guid":{"rendered":"https:\/\/sklep.thepartners.pl\/produkt\/tasma-dwustronna-tkaninowa-blue-dolphin-dscl-st-50mm-x-25m\/"},"modified":"2024-12-02T13:49:21","modified_gmt":"2024-12-02T12:49:21","slug":"tasma-dwustronna-tkaninowa-blue-dolphin-dscl-st-50mm-x-25m","status":"publish","type":"product","link":"https:\/\/sklep.thepartners.pl\/cs\/produkt\/tasma-dwustronna-tkaninowa-blue-dolphin-dscl-st-50mm-x-25m\/","title":{"rendered":"Oboustrann\u00e1 textiln\u00ed p\u00e1ska Blue Dolphin DSCL-ST 50mm x 25m"},"content":{"rendered":"<p>Jedn\u00e1 se o vysoce kvalitn\u00ed v\u00fdrobek ur\u010den\u00fd k p\u0159ipevn\u011bn\u00ed podlahov\u00fdch krytin, koberc\u016f, desek, reklamn\u00edch pouta\u010d\u016f a v\u011b\u0161\u00e1k\u016f obchod\u016f.<\/p>\n<p><strong>Kl\u00ed\u010dov\u00e9 vlastnosti:<\/strong><\/p>\n<p>Nosn\u00fd materi\u00e1l: Vyztu\u017een\u00e1 textiln\u00ed s\u00ed\u0165ovina pro vysokou odolnost proti roztr\u017een\u00ed.<br \/>\nLepidlo: Na b\u00e1zi syntetick\u00e9ho kau\u010duku a prysky\u0159ic, vyzna\u010duj\u00edc\u00ed se vysokou lepic\u00ed pevnost\u00ed, zejm\u00e9na na hrub\u00e9 povrchy.<br \/>\nTlou\u0161\u0165ka: 235 um.<br \/>\nP\u0159ilnavost k oceli: \u2265 20 N\/2,5 cm.<br \/>\nPevnost v tahu: 50 N\/cm.<br \/>\nTeplotn\u00ed rozsah: Od +10\u00b0C do +60\u00b0C.<\/p>\n<p><strong>Aplikace:<\/strong><\/p>\n<p><strong>P\u00e1ska je ide\u00e1ln\u00ed pro:<\/strong><\/p>\n<p>Pokl\u00e1dka podlahov\u00fdch krytin a koberc\u016f.<br \/>\nLepen\u00ed tabul\u00ed, reklamn\u00edch pouta\u010d\u016f a v\u011b\u0161\u00e1k\u016f.<br \/>\nSpojov\u00e1n\u00ed materi\u00e1l\u016f na hrub\u00fdch povr\u0161\u00edch.<\/p>\n","protected":false},"excerpt":{"rendered":"<p><strong>Kl\u00ed\u010dov\u00e9 vlastnosti:<\/strong><\/p>\n<p>Nosn\u00fd materi\u00e1l: Vyztu\u017een\u00e1 textiln\u00ed s\u00ed\u0165ovina pro vysokou odolnost proti roztr\u017een\u00ed.<br \/>\nLepidlo: Na b\u00e1zi syntetick\u00e9ho kau\u010duku a prysky\u0159ic, vyzna\u010duj\u00edc\u00ed se vysokou lepic\u00ed pevnost\u00ed, zejm\u00e9na na hrub\u00e9 povrchy.<br \/>\nTlou\u0161\u0165ka: 235 um.<br \/>\nP\u0159ilnavost k oceli: \u2265 20 N\/2,5 cm.<br \/>\nPevnost v tahu: 50 N\/cm.<br \/>\nTeplotn\u00ed rozsah: Od +10\u00b0C do +60\u00b0C.<\/p>\n","protected":false},"featured_media":8421,"comment_status":"open","ping_status":"closed","template":"","meta":{"_acf_changed":false},"product_brand":[],"product_cat":[162,1159],"product_tag":[],"class_list":{"0":"post-8422","1":"product","2":"type-product","3":"status-publish","4":"has-post-thumbnail","6":"product_cat-micharna-barev-a-omitek","7":"product_cat-malirske-doplnky","8":"product_shipping_class-kurier-cs","9":"pa_producent-blue-dolphin","11":"first","12":"instock","13":"taxable","14":"shipping-taxable","15":"purchasable","16":"product-type-simple"},"acf":[],"_links":{"self":[{"href":"https:\/\/sklep.thepartners.pl\/cs\/wp-json\/wp\/v2\/product\/8422","targetHints":{"allow":["GET"]}}],"collection":[{"href":"https:\/\/sklep.thepartners.pl\/cs\/wp-json\/wp\/v2\/product"}],"about":[{"href":"https:\/\/sklep.thepartners.pl\/cs\/wp-json\/wp\/v2\/types\/product"}],"replies":[{"embeddable":true,"href":"https:\/\/sklep.thepartners.pl\/cs\/wp-json\/wp\/v2\/comments?post=8422"}],"wp:featuredmedia":[{"embeddable":true,"href":"https:\/\/sklep.thepartners.pl\/cs\/wp-json\/wp\/v2\/media\/8421"}],"wp:attachment":[{"href":"https:\/\/sklep.thepartners.pl\/cs\/wp-json\/wp\/v2\/media?parent=8422"}],"wp:term":[{"taxonomy":"product_brand","embeddable":true,"href":"https:\/\/sklep.thepartners.pl\/cs\/wp-json\/wp\/v2\/product_brand?post=8422"},{"taxonomy":"product_cat","embeddable":true,"href":"https:\/\/sklep.thepartners.pl\/cs\/wp-json\/wp\/v2\/product_cat?post=8422"},{"taxonomy":"product_tag","embeddable":true,"href":"https:\/\/sklep.thepartners.pl\/cs\/wp-json\/wp\/v2\/product_tag?post=8422"}],"curies":[{"name":"wp","href":"https:\/\/api.w.org\/{rel}","templated":true}]}}