{"id":8440,"date":"2024-11-25T12:00:06","date_gmt":"2024-11-25T11:00:06","guid":{"rendered":"https:\/\/sklep.thepartners.pl\/?post_type=product&#038;p=8440"},"modified":"2024-12-02T13:57:15","modified_gmt":"2024-12-02T12:57:15","slug":"tasma-elewacyjna-blue-dolphin-exterior-tape-38mm-x-50m","status":"publish","type":"product","link":"https:\/\/sklep.thepartners.pl\/cs\/produkt\/tasma-elewacyjna-blue-dolphin-exterior-tape-38mm-x-50m\/","title":{"rendered":"Fas\u00e1dn\u00ed p\u00e1ska Blue Dolphin Exterior Tape 38mm x 50m"},"content":{"rendered":"<p>je specializovan\u00fd p\u0159\u00edpravek ur\u010den\u00fd k ochran\u011b drsn\u00fdch a n\u00e1ro\u010dn\u00fdch povrch\u016f jako je om\u00edtka, k\u00e1men, beton nebo cihla.<\/p>\n<p><strong>Kl\u00ed\u010dov\u00e9 vlastnosti:<\/strong><\/p>\n<p>\u0160\u00ed\u0159ka: 38 mm<br \/>\nD\u00e9lka: 50 m<br \/>\nBarva: Oran\u017eov\u00e1<br \/>\nPou\u017eit\u00ed: Ide\u00e1ln\u00ed pro \u0161tukat\u00e9rsk\u00e9 pr\u00e1ce, nat\u00edr\u00e1n\u00ed dvou om\u00edtkov\u00fdch struktur a ochranu povrch\u016f p\u0159i stavebn\u00edch prac\u00edch.<\/p>\n<p><strong>v\u00fdhody:<\/strong><\/p>\n<p>Speci\u00e1ln\u011b upraven\u00e9 lepidlo: Poskytuje \u010dist\u00e9 barevn\u00e9 \u0159ezn\u00e9 hrany.<br \/>\nOdolnost proti mechanick\u00e9mu po\u0161kozen\u00ed: P\u00e1ska je odoln\u00e1 a odoln\u00e1.<br \/>\nSnadn\u00e9 odstran\u011bn\u00ed: Po dokon\u010den\u00ed pr\u00e1ce lze p\u00e1sku snadno odstranit bez zanech\u00e1n\u00ed zbytk\u016f lepidla nebo po\u0161kozen\u00ed povrchu.<\/p>\n","protected":false},"excerpt":{"rendered":"<p><strong>Kl\u00ed\u010dov\u00e9 vlastnosti:<\/strong><\/p>\n<p>\u0160\u00ed\u0159ka: 38 mm<br \/>\nD\u00e9lka: 50 m<br \/>\nBarva: Oran\u017eov\u00e1<br \/>\nPou\u017eit\u00ed: Ide\u00e1ln\u00ed pro \u0161tukat\u00e9rsk\u00e9 pr\u00e1ce, nat\u00edr\u00e1n\u00ed dvou om\u00edtkov\u00fdch struktur a ochranu povrch\u016f p\u0159i stavebn\u00edch prac\u00edch.<\/p>\n","protected":false},"featured_media":8436,"comment_status":"open","ping_status":"closed","template":"","meta":{"_acf_changed":false},"product_brand":[],"product_cat":[162,1159],"product_tag":[],"class_list":{"0":"post-8440","1":"product","2":"type-product","3":"status-publish","4":"has-post-thumbnail","6":"product_cat-micharna-barev-a-omitek","7":"product_cat-malirske-doplnky","8":"product_shipping_class-kurier-cs","9":"pa_producent-blue-dolphin","11":"first","12":"instock","13":"taxable","14":"shipping-taxable","15":"purchasable","16":"product-type-simple"},"acf":[],"_links":{"self":[{"href":"https:\/\/sklep.thepartners.pl\/cs\/wp-json\/wp\/v2\/product\/8440","targetHints":{"allow":["GET"]}}],"collection":[{"href":"https:\/\/sklep.thepartners.pl\/cs\/wp-json\/wp\/v2\/product"}],"about":[{"href":"https:\/\/sklep.thepartners.pl\/cs\/wp-json\/wp\/v2\/types\/product"}],"replies":[{"embeddable":true,"href":"https:\/\/sklep.thepartners.pl\/cs\/wp-json\/wp\/v2\/comments?post=8440"}],"wp:featuredmedia":[{"embeddable":true,"href":"https:\/\/sklep.thepartners.pl\/cs\/wp-json\/wp\/v2\/media\/8436"}],"wp:attachment":[{"href":"https:\/\/sklep.thepartners.pl\/cs\/wp-json\/wp\/v2\/media?parent=8440"}],"wp:term":[{"taxonomy":"product_brand","embeddable":true,"href":"https:\/\/sklep.thepartners.pl\/cs\/wp-json\/wp\/v2\/product_brand?post=8440"},{"taxonomy":"product_cat","embeddable":true,"href":"https:\/\/sklep.thepartners.pl\/cs\/wp-json\/wp\/v2\/product_cat?post=8440"},{"taxonomy":"product_tag","embeddable":true,"href":"https:\/\/sklep.thepartners.pl\/cs\/wp-json\/wp\/v2\/product_tag?post=8440"}],"curies":[{"name":"wp","href":"https:\/\/api.w.org\/{rel}","templated":true}]}}