{"id":8442,"date":"2024-11-25T12:00:49","date_gmt":"2024-11-25T11:00:49","guid":{"rendered":"https:\/\/sklep.thepartners.pl\/?post_type=product&#038;p=8442"},"modified":"2024-11-25T12:06:59","modified_gmt":"2024-11-25T11:06:59","slug":"univerzalni-hmozdinka-uno-6-mm-200-ks-kopia","status":"publish","type":"product","link":"https:\/\/sklep.thepartners.pl\/cs\/produkt\/univerzalni-hmozdinka-uno-6-mm-200-ks-kopia\/","title":{"rendered":"Kotva pro zav\u011b\u0161en\u00e9 stropy R-GS 6&#215;65 mm &#8211; 1ks"},"content":{"rendered":"<div class=\"flex max-w-full flex-col flex-grow\">\n<div class=\"min-h-8 text-message flex w-full flex-col items-end gap-2 whitespace-normal break-words [.text-message+&amp;]:mt-5\" dir=\"auto\" data-message-author-role=\"assistant\" data-message-id=\"f4f3a212-7187-4693-ae87-122770bc99b8\" data-message-model-slug=\"gpt-4o\">\n<div class=\"flex w-full flex-col gap-1 empty:hidden first:pt-[3px]\">\n<div class=\"markdown prose w-full break-words dark:prose-invert light\">\n<p>Univerz\u00e1ln\u00ed hmo\u017edinka UNO\u00ae o pr\u016fm\u011bru 6 mm je spolehliv\u00fdm \u0159e\u0161en\u00edm pro r\u016fzn\u00e9 mont\u00e1\u017en\u00ed aplikace. D\u00edky inovativn\u00ed konstrukci zaji\u0161\u0165uje pevn\u00e9 a stabiln\u00ed upevn\u011bn\u00ed v pln\u00fdch i dut\u00fdch materi\u00e1lech. Balen\u00ed obsahuje 200 kus\u016f hmo\u017edinek, co\u017e je ide\u00e1ln\u00ed pro v\u011bt\u0161\u00ed rekonstruk\u010dn\u00ed a stavebn\u00ed projekty.<\/p>\n<h4><strong>Pou\u017eit\u00ed:<\/strong><\/h4>\n<ul>\n<li>Upevn\u011bn\u00ed lehk\u00fdch prvk\u016f, jako jsou r\u00e1my, dr\u017e\u00e1ky, li\u0161ty, police, osv\u011btlen\u00ed a dal\u0161\u00ed.<\/li>\n<li>Vhodn\u00e9 pro beton, cihly, tv\u00e1rnice, s\u00e1drokartonov\u00e9 desky a jin\u00e9 podklady.<\/li>\n<li>Perfektn\u00ed pro dom\u00e1c\u00ed pou\u017eit\u00ed i profesion\u00e1ln\u00ed mont\u00e1\u017en\u00ed pr\u00e1ce.<\/li>\n<\/ul>\n<h4><strong>Vlastnosti produktu:<\/strong><\/h4>\n<ul>\n<li><strong>Univerz\u00e1lnost:<\/strong> Vhodn\u00e9 pro \u0161irokou \u0161k\u00e1lu stavebn\u00edch materi\u00e1l\u016f.<\/li>\n<li><strong>Odolnost:<\/strong> Vysoce kvalitn\u00ed materi\u00e1ly zaji\u0161\u0165uj\u00edc\u00ed trval\u00e9 uchycen\u00ed.<\/li>\n<li><strong>Snadn\u00e1 instalace:<\/strong> Jednoduch\u00e1 mont\u00e1\u017e pro rychlou a efektivn\u00ed pr\u00e1ci.<\/li>\n<li><strong>Funk\u010dnost:<\/strong> P\u0159izp\u016fsoben\u00e9 lehk\u00e9mu a st\u0159edn\u00edmu zat\u00ed\u017een\u00ed.<\/li>\n<\/ul>\n<h4><strong>Obsah balen\u00ed:<\/strong><\/h4>\n<ul>\n<li>Hmo\u017edinky: 6 mm \u2013 200 ks.<\/li>\n<\/ul>\n<\/div>\n<\/div>\n<\/div>\n<\/div>\n","protected":false},"excerpt":{"rendered":"<p>Univerz\u00e1ln\u00ed hmo\u017edinka UNO\u00ae o pr\u016fm\u011bru 6 mm je spolehliv\u00fdm \u0159e\u0161en\u00edm pro r\u016fzn\u00e9 mont\u00e1\u017en\u00ed aplikace. D\u00edky inovativn\u00ed konstrukci zaji\u0161\u0165uje pevn\u00e9 a<\/p>\n","protected":false},"featured_media":8444,"comment_status":"open","ping_status":"closed","template":"","meta":{"_acf_changed":false},"product_brand":[],"product_cat":[956,156,946],"product_tag":[],"class_list":{"0":"post-8442","1":"product","2":"type-product","3":"status-publish","4":"has-post-thumbnail","6":"product_cat-natloukaci-hmozdinky","7":"product_cat-stavebni-materialy","8":"product_cat-sucha-vystavba","9":"product_shipping_class-kurier-cs","10":"pa_producent-rawplug-cs","12":"first","13":"instock","14":"taxable","15":"shipping-taxable","16":"purchasable","17":"product-type-simple"},"acf":[],"_links":{"self":[{"href":"https:\/\/sklep.thepartners.pl\/cs\/wp-json\/wp\/v2\/product\/8442","targetHints":{"allow":["GET"]}}],"collection":[{"href":"https:\/\/sklep.thepartners.pl\/cs\/wp-json\/wp\/v2\/product"}],"about":[{"href":"https:\/\/sklep.thepartners.pl\/cs\/wp-json\/wp\/v2\/types\/product"}],"replies":[{"embeddable":true,"href":"https:\/\/sklep.thepartners.pl\/cs\/wp-json\/wp\/v2\/comments?post=8442"}],"wp:featuredmedia":[{"embeddable":true,"href":"https:\/\/sklep.thepartners.pl\/cs\/wp-json\/wp\/v2\/media\/8444"}],"wp:attachment":[{"href":"https:\/\/sklep.thepartners.pl\/cs\/wp-json\/wp\/v2\/media?parent=8442"}],"wp:term":[{"taxonomy":"product_brand","embeddable":true,"href":"https:\/\/sklep.thepartners.pl\/cs\/wp-json\/wp\/v2\/product_brand?post=8442"},{"taxonomy":"product_cat","embeddable":true,"href":"https:\/\/sklep.thepartners.pl\/cs\/wp-json\/wp\/v2\/product_cat?post=8442"},{"taxonomy":"product_tag","embeddable":true,"href":"https:\/\/sklep.thepartners.pl\/cs\/wp-json\/wp\/v2\/product_tag?post=8442"}],"curies":[{"name":"wp","href":"https:\/\/api.w.org\/{rel}","templated":true}]}}