{"id":8450,"date":"2024-11-25T12:08:48","date_gmt":"2024-11-25T11:08:48","guid":{"rendered":"https:\/\/sklep.thepartners.pl\/produkt\/tasma-z-wlokna-szklanego-blue-dolphin-fiber-fsh-48-mm-x-20-m\/"},"modified":"2024-12-02T13:58:39","modified_gmt":"2024-12-02T12:58:39","slug":"tasma-z-wlokna-szklanego-blue-dolphin-fiber-fsh-48-mm-x-20-m","status":"publish","type":"product","link":"https:\/\/sklep.thepartners.pl\/cs\/produkt\/tasma-z-wlokna-szklanego-blue-dolphin-fiber-fsh-48-mm-x-20-m\/","title":{"rendered":"Sklolamin\u00e1tov\u00e1 p\u00e1ska Blue Dolphin FIBER FSH 48 mm x 20 m"},"content":{"rendered":"<p>je vysoce kvalitn\u00ed v\u00fdrobek ur\u010den\u00fd pro spojov\u00e1n\u00ed s\u00e1drokartonov\u00fdch desek a opravy prasklin a vad na st\u011bn\u00e1ch a stropech.<\/p>\n<p><strong>Kl\u00ed\u010dov\u00e9 vlastnosti:<\/strong><\/p>\n<p>\u0160\u00ed\u0159ka: 48 mm<br \/>\nD\u00e9lka: 20 m<br \/>\nMateri\u00e1l: Sklolamin\u00e1t<br \/>\nPou\u017eit\u00ed: Spojov\u00e1n\u00ed s\u00e1drokartonov\u00fdch desek, opravy prasklin a defekt\u016f na st\u011bn\u00e1ch a stropech<\/p>\n<p><strong>v\u00fdhody:<\/strong><\/p>\n<p>Vysok\u00e1 odolnost: D\u00edky pou\u017eit\u00ed skeln\u00e9ho vl\u00e1kna je p\u00e1ska vysoce odoln\u00e1 proti rozta\u017een\u00ed a mechanick\u00e9mu po\u0161kozen\u00ed.<br \/>\nSnadn\u00e9 pou\u017eit\u00ed: Samolepic\u00ed povrch umo\u017e\u0148uje rychlou a snadnou aplikaci p\u00e1sky na povrchy vy\u017eaduj\u00edc\u00ed opravu.<br \/>\nOdolnost proti vlhkosti: P\u00e1ska je odoln\u00e1 proti vlhkosti, co\u017e zaji\u0161\u0165uje trvanlivost opraven\u00fdch povrch\u016f.<\/p>\n","protected":false},"excerpt":{"rendered":"<p><strong>Kl\u00ed\u010dov\u00e9 vlastnosti:<\/strong><\/p>\n<p><strong>\u0160\u00ed\u0159ka:<\/strong> 48 mm<br \/>\n<strong>D\u00e9lka:<\/strong> 20 m<br \/>\n<strong>Materi\u00e1l:<\/strong> Sklolamin\u00e1t<br \/>\n<strong>Pou\u017eit\u00ed:<\/strong> Spojov\u00e1n\u00ed s\u00e1drokartonov\u00fdch desek, opravy prasklin a defekt\u016f na st\u011bn\u00e1ch a stropech<\/p>\n","protected":false},"featured_media":8449,"comment_status":"open","ping_status":"closed","template":"","meta":{"_acf_changed":false},"product_brand":[],"product_cat":[962],"product_tag":[],"class_list":{"0":"post-8450","1":"product","2":"type-product","3":"status-publish","4":"has-post-thumbnail","6":"product_cat-netkane-textilie-a-pasky","7":"product_shipping_class-kurier-dhl-cs","8":"pa_producent-blue-dolphin","10":"first","11":"instock","12":"taxable","13":"shipping-taxable","14":"purchasable","15":"product-type-simple"},"acf":[],"_links":{"self":[{"href":"https:\/\/sklep.thepartners.pl\/cs\/wp-json\/wp\/v2\/product\/8450","targetHints":{"allow":["GET"]}}],"collection":[{"href":"https:\/\/sklep.thepartners.pl\/cs\/wp-json\/wp\/v2\/product"}],"about":[{"href":"https:\/\/sklep.thepartners.pl\/cs\/wp-json\/wp\/v2\/types\/product"}],"replies":[{"embeddable":true,"href":"https:\/\/sklep.thepartners.pl\/cs\/wp-json\/wp\/v2\/comments?post=8450"}],"wp:featuredmedia":[{"embeddable":true,"href":"https:\/\/sklep.thepartners.pl\/cs\/wp-json\/wp\/v2\/media\/8449"}],"wp:attachment":[{"href":"https:\/\/sklep.thepartners.pl\/cs\/wp-json\/wp\/v2\/media?parent=8450"}],"wp:term":[{"taxonomy":"product_brand","embeddable":true,"href":"https:\/\/sklep.thepartners.pl\/cs\/wp-json\/wp\/v2\/product_brand?post=8450"},{"taxonomy":"product_cat","embeddable":true,"href":"https:\/\/sklep.thepartners.pl\/cs\/wp-json\/wp\/v2\/product_cat?post=8450"},{"taxonomy":"product_tag","embeddable":true,"href":"https:\/\/sklep.thepartners.pl\/cs\/wp-json\/wp\/v2\/product_tag?post=8450"}],"curies":[{"name":"wp","href":"https:\/\/api.w.org\/{rel}","templated":true}]}}