{"id":8452,"date":"2024-11-25T12:09:29","date_gmt":"2024-11-25T11:09:29","guid":{"rendered":"https:\/\/sklep.thepartners.pl\/?post_type=product&#038;p=8452"},"modified":"2024-11-25T12:17:32","modified_gmt":"2024-11-25T11:17:32","slug":"kotva-pro-zavesene-stropy-r-gs-6x65-mm-1ks-kopia","status":"publish","type":"product","link":"https:\/\/sklep.thepartners.pl\/cs\/produkt\/kotva-pro-zavesene-stropy-r-gs-6x65-mm-1ks-kopia\/","title":{"rendered":"R\u00e1mov\u00e1 hmo\u017edinka s pozinkovan\u00fdm vrutem s ku\u017eelovou hlavou R-FF1 8&#215;120 mm &#8211; 50 ks"},"content":{"rendered":"<div class=\"flex max-w-full flex-col flex-grow\">\n<div class=\"min-h-8 text-message flex w-full flex-col items-end gap-2 whitespace-normal break-words [.text-message+&amp;]:mt-5\" dir=\"auto\" data-message-author-role=\"assistant\" data-message-id=\"f4f3a212-7187-4693-ae87-122770bc99b8\" data-message-model-slug=\"gpt-4o\">\n<div class=\"flex w-full flex-col gap-1 empty:hidden first:pt-[3px]\">\n<div class=\"markdown prose w-full break-words dark:prose-invert light\">\n<p>R\u00e1mov\u00e1 hmo\u017edinka R-FF1 8&#215;120 mm s pozinkovan\u00fdm vrutem a ku\u017eelovou hlavou je pevn\u00e9 \u0159e\u0161en\u00ed pro upevn\u011bn\u00ed okenn\u00edch a dve\u0159n\u00edch r\u00e1m\u016f \u010di jin\u00fdch konstrukc\u00ed. Vyrobena z odoln\u00fdch materi\u00e1l\u016f, zaji\u0161\u0165uje dlouhou \u017eivotnost a odolnost v\u016f\u010di pov\u011btrnostn\u00edm vliv\u016fm. Dod\u00e1v\u00e1 se v kartonov\u00e9m balen\u00ed obsahuj\u00edc\u00edm 50 kus\u016f, ide\u00e1ln\u00ed pro rozs\u00e1hlej\u0161\u00ed mont\u00e1\u017en\u00ed pr\u00e1ce.<\/p>\n<h4><strong>Pou\u017eit\u00ed:<\/strong><\/h4>\n<ul>\n<li>Upevn\u011bn\u00ed okenn\u00edch a dve\u0159n\u00edch r\u00e1m\u016f.<\/li>\n<li>Mont\u00e1\u017e d\u0159ev\u011bn\u00fdch a kovov\u00fdch konstrukc\u00ed.<\/li>\n<li>Instalace do pln\u00fdch podklad\u016f, jako je beton, pln\u00e1 cihla, p\u0159\u00edrodn\u00ed k\u00e1men.<\/li>\n<\/ul>\n<h4><strong>Vlastnosti produktu:<\/strong><\/h4>\n<ul>\n<li><strong>Pozinkovan\u00fd vrut:<\/strong> Ochrana proti korozi a dlouh\u00e1 \u017eivotnost.<\/li>\n<li><strong>Ku\u017eelov\u00e1 hlava:<\/strong> Zaji\u0161\u0165uje estetick\u00e9 zakon\u010den\u00ed a pevn\u00e9 osazen\u00ed v podkladu.<\/li>\n<li><strong>Univerz\u00e1lnost:<\/strong> Vhodn\u00e1 pro r\u016fzn\u00e9 typy podklad\u016f.<\/li>\n<li><strong>Snadn\u00e1 mont\u00e1\u017e:<\/strong> Jednoduch\u00e1 instalace pomoc\u00ed standardn\u00edho n\u00e1\u0159ad\u00ed.<\/li>\n<\/ul>\n<h4><strong>Technick\u00e9 \u00fadaje:<\/strong><\/h4>\n<ul>\n<li>Rozm\u011br hmo\u017edinky: 8&#215;120 mm.<\/li>\n<li>Typ vrutu: pozinkovan\u00fd, s ku\u017eelovou hlavou.<\/li>\n<li>Po\u010det v balen\u00ed: 50 ks.<\/li>\n<li>Typ balen\u00ed: kartonov\u00e9.<\/li>\n<\/ul>\n<\/div>\n<\/div>\n<\/div>\n<\/div>\n","protected":false},"excerpt":{"rendered":"<p>R\u00e1mov\u00e1 hmo\u017edinka R-FF1 8&#215;120 mm s pozinkovan\u00fdm vrutem a ku\u017eelovou hlavou je pevn\u00e9 \u0159e\u0161en\u00ed pro upevn\u011bn\u00ed okenn\u00edch a dve\u0159n\u00edch r\u00e1m\u016f<\/p>\n","protected":false},"featured_media":8454,"comment_status":"open","ping_status":"closed","template":"","meta":{"_acf_changed":false},"product_brand":[],"product_cat":[956,156,946],"product_tag":[],"class_list":{"0":"post-8452","1":"product","2":"type-product","3":"status-publish","4":"has-post-thumbnail","6":"product_cat-natloukaci-hmozdinky","7":"product_cat-stavebni-materialy","8":"product_cat-sucha-vystavba","9":"product_shipping_class-kurier-cs","10":"pa_producent-rawplug-cs","12":"first","13":"instock","14":"taxable","15":"shipping-taxable","16":"purchasable","17":"product-type-simple"},"acf":[],"_links":{"self":[{"href":"https:\/\/sklep.thepartners.pl\/cs\/wp-json\/wp\/v2\/product\/8452","targetHints":{"allow":["GET"]}}],"collection":[{"href":"https:\/\/sklep.thepartners.pl\/cs\/wp-json\/wp\/v2\/product"}],"about":[{"href":"https:\/\/sklep.thepartners.pl\/cs\/wp-json\/wp\/v2\/types\/product"}],"replies":[{"embeddable":true,"href":"https:\/\/sklep.thepartners.pl\/cs\/wp-json\/wp\/v2\/comments?post=8452"}],"wp:featuredmedia":[{"embeddable":true,"href":"https:\/\/sklep.thepartners.pl\/cs\/wp-json\/wp\/v2\/media\/8454"}],"wp:attachment":[{"href":"https:\/\/sklep.thepartners.pl\/cs\/wp-json\/wp\/v2\/media?parent=8452"}],"wp:term":[{"taxonomy":"product_brand","embeddable":true,"href":"https:\/\/sklep.thepartners.pl\/cs\/wp-json\/wp\/v2\/product_brand?post=8452"},{"taxonomy":"product_cat","embeddable":true,"href":"https:\/\/sklep.thepartners.pl\/cs\/wp-json\/wp\/v2\/product_cat?post=8452"},{"taxonomy":"product_tag","embeddable":true,"href":"https:\/\/sklep.thepartners.pl\/cs\/wp-json\/wp\/v2\/product_tag?post=8452"}],"curies":[{"name":"wp","href":"https:\/\/api.w.org\/{rel}","templated":true}]}}