{"id":8471,"date":"2024-11-25T12:51:57","date_gmt":"2024-11-25T11:51:57","guid":{"rendered":"https:\/\/sklep.thepartners.pl\/produkt\/tasma-malarska-blue-dolphin-niebieska-10-mm-x-50-m\/"},"modified":"2024-12-02T15:13:15","modified_gmt":"2024-12-02T14:13:15","slug":"tasma-malarska-blue-dolphin-niebieska-10-mm-x-50-m","status":"publish","type":"product","link":"https:\/\/sklep.thepartners.pl\/cs\/produkt\/tasma-malarska-blue-dolphin-niebieska-10-mm-x-50-m\/","title":{"rendered":"Mal\u00ed\u0159sk\u00e1 p\u00e1ska Blue Dolphin modr\u00fd 10 mm x 50 m"},"content":{"rendered":"<p>Modr\u00e1 mal\u00ed\u0159sk\u00e1 p\u00e1ska Blue Dolphin 10 mm x 50 m je vysoce kvalitn\u00ed v\u00fdrobek ur\u010den\u00fd pro precizn\u00ed lakov\u00e1n\u00ed a ochranu povrchu.<\/p>\n<p><strong>Kl\u00ed\u010dov\u00e9 vlastnosti:<\/strong><\/p>\n<p>\u0160\u00ed\u0159ka: 10 mm<br \/>\nD\u00e9lka: 50 m<br \/>\nBarva: Modr\u00e1<br \/>\nPou\u017eit\u00ed: Perfektn\u00ed pro malov\u00e1n\u00ed p\u0159esn\u00fdch lini\u00ed, ochranu hran a zaji\u0161t\u011bn\u00ed povrch\u016f p\u0159i mal\u00ed\u0159sk\u00fdch prac\u00edch.<\/p>\n<p><strong>v\u00fdhody:<\/strong><\/p>\n<p>\u010cist\u00e9 okraje: Poskytuje jasn\u00e9 a ostr\u00e9 linie malby.<br \/>\nOdolnost proti UV z\u00e1\u0159en\u00ed: P\u0159i vystaven\u00ed sv\u011btlu nezm\u011bn\u00ed barvu.<br \/>\nOdolnost proti vlhkosti: Vhodn\u00e9 pro pou\u017eit\u00ed ve vlhk\u00fdch podm\u00ednk\u00e1ch.<br \/>\nSnadn\u00e9 odstran\u011bn\u00ed: Lze odstranit bez zanech\u00e1n\u00ed zbytk\u016f lepidla.<\/p>\n","protected":false},"excerpt":{"rendered":"<div class=\"relative inline-flex items-center\">\n<p><strong>Kl\u00ed\u010dov\u00e9 vlastnosti:<\/strong><\/p>\n<p><strong>\u0160\u00ed\u0159ka:<\/strong> 10 mm<br \/>\n<strong>D\u00e9lka:<\/strong> 50 m<br \/>\n<strong>Barva:<\/strong> Modr\u00e1<br \/>\n<strong>Pou\u017eit\u00ed:<\/strong> Perfektn\u00ed pro malov\u00e1n\u00ed p\u0159esn\u00fdch lini\u00ed, ochranu hran a zaji\u0161t\u011bn\u00ed povrch\u016f p\u0159i mal\u00ed\u0159sk\u00fdch prac\u00edch.<\/p>\n<\/div>\n","protected":false},"featured_media":8470,"comment_status":"open","ping_status":"closed","template":"","meta":{"_acf_changed":false},"product_brand":[],"product_cat":[162,1159],"product_tag":[],"class_list":{"0":"post-8471","1":"product","2":"type-product","3":"status-publish","4":"has-post-thumbnail","6":"product_cat-micharna-barev-a-omitek","7":"product_cat-malirske-doplnky","8":"product_shipping_class-kurier-cs","9":"pa_producent-blue-dolphin","11":"first","12":"instock","13":"taxable","14":"shipping-taxable","15":"purchasable","16":"product-type-simple"},"acf":[],"_links":{"self":[{"href":"https:\/\/sklep.thepartners.pl\/cs\/wp-json\/wp\/v2\/product\/8471","targetHints":{"allow":["GET"]}}],"collection":[{"href":"https:\/\/sklep.thepartners.pl\/cs\/wp-json\/wp\/v2\/product"}],"about":[{"href":"https:\/\/sklep.thepartners.pl\/cs\/wp-json\/wp\/v2\/types\/product"}],"replies":[{"embeddable":true,"href":"https:\/\/sklep.thepartners.pl\/cs\/wp-json\/wp\/v2\/comments?post=8471"}],"wp:featuredmedia":[{"embeddable":true,"href":"https:\/\/sklep.thepartners.pl\/cs\/wp-json\/wp\/v2\/media\/8470"}],"wp:attachment":[{"href":"https:\/\/sklep.thepartners.pl\/cs\/wp-json\/wp\/v2\/media?parent=8471"}],"wp:term":[{"taxonomy":"product_brand","embeddable":true,"href":"https:\/\/sklep.thepartners.pl\/cs\/wp-json\/wp\/v2\/product_brand?post=8471"},{"taxonomy":"product_cat","embeddable":true,"href":"https:\/\/sklep.thepartners.pl\/cs\/wp-json\/wp\/v2\/product_cat?post=8471"},{"taxonomy":"product_tag","embeddable":true,"href":"https:\/\/sklep.thepartners.pl\/cs\/wp-json\/wp\/v2\/product_tag?post=8471"}],"curies":[{"name":"wp","href":"https:\/\/api.w.org\/{rel}","templated":true}]}}