{"id":8484,"date":"2024-11-25T14:32:48","date_gmt":"2024-11-25T13:32:48","guid":{"rendered":"https:\/\/sklep.thepartners.pl\/?post_type=product&#038;p=8484"},"modified":"2024-11-25T14:36:29","modified_gmt":"2024-11-25T13:36:29","slug":"ramova-hmozdinka-s-pozinkovanym-vrutem-s-kuzelovou-hlavou-r-ff1-8x100-mm-50-ks-kopia","status":"publish","type":"product","link":"https:\/\/sklep.thepartners.pl\/cs\/produkt\/ramova-hmozdinka-s-pozinkovanym-vrutem-s-kuzelovou-hlavou-r-ff1-8x100-mm-50-ks-kopia\/","title":{"rendered":"R\u00e1mov\u00e1 hmo\u017edinka s pozinkovan\u00fdm \u0161roubem se zapu\u0161t\u011bnou hlavou R-FF1 10&#215;80 mm \u2013 50 ks"},"content":{"rendered":"<div class=\"flex max-w-full flex-col flex-grow\">\n<div class=\"min-h-8 text-message flex w-full flex-col items-end gap-2 whitespace-normal break-words [.text-message+&amp;]:mt-5\" dir=\"auto\" data-message-author-role=\"assistant\" data-message-id=\"f4f3a212-7187-4693-ae87-122770bc99b8\" data-message-model-slug=\"gpt-4o\">\n<div class=\"flex w-full flex-col gap-1 empty:hidden first:pt-[3px]\">\n<div class=\"markdown prose w-full break-words dark:prose-invert light\">\n<p>R\u00e1mov\u00e1 hmo\u017edinka R-FF1 o rozm\u011brech 10&#215;80 mm s pozinkovan\u00fdm \u0161roubem se zapu\u0161t\u011bnou hlavou je spolehliv\u00fd upev\u0148ovac\u00ed prvek vhodn\u00fd pro \u0161irokou \u0161k\u00e1lu stavebn\u00edch materi\u00e1l\u016f. D\u00edky vysok\u00e9 mechanick\u00e9 odolnosti a ochran\u011b proti korozi je ide\u00e1ln\u00ed pro pou\u017eit\u00ed v konstrukc\u00edch vystaven\u00fdch nep\u0159\u00edzniv\u00fdm podm\u00ednk\u00e1m prost\u0159ed\u00ed.<\/p>\n<h4><strong>Pou\u017eit\u00ed:<\/strong><\/h4>\n<ul>\n<li>Mont\u00e1\u017e oken a dve\u0159\u00ed.<\/li>\n<li>Upevn\u011bn\u00ed d\u0159ev\u011bn\u00fdch a kovov\u00fdch konstrukc\u00ed.<\/li>\n<li>Instalace fas\u00e1dn\u00edch syst\u00e9m\u016f.<\/li>\n<li>Mont\u00e1\u017e z\u00e1bradl\u00ed, madel a dal\u0161\u00edch konstruk\u010dn\u00edch prvk\u016f.<\/li>\n<\/ul>\n<h4><strong>Vlastnosti:<\/strong><\/h4>\n<ul>\n<li>Pozinkovan\u00fd \u0161roub s ochranou proti korozi.<\/li>\n<li>Zapu\u0161t\u011bn\u00e1 hlava zaji\u0161\u0165uje estetick\u00e9 upevn\u011bn\u00ed a snadn\u00e9 p\u0159izp\u016fsoben\u00ed materi\u00e1lu.<\/li>\n<li>Univerz\u00e1ln\u00ed pou\u017eit\u00ed v betonu, cihl\u00e1ch, dut\u00fdch bloc\u00edch a dal\u0161\u00edch podkladech.<\/li>\n<li>Snadn\u00e1 instalace b\u011b\u017en\u00fdm n\u00e1\u0159ad\u00edm.<\/li>\n<\/ul>\n<h4><strong>Technick\u00e9 \u00fadaje:<\/strong><\/h4>\n<ul>\n<li><strong>Rozm\u011bry hmo\u017edinky:<\/strong> 10&#215;80 mm.<\/li>\n<li><strong>Typ \u0161roubu:<\/strong> Pozinkovan\u00fd se zapu\u0161t\u011bnou hlavou.<\/li>\n<li><strong>Materi\u00e1l hmo\u017edinky:<\/strong> Plast.<\/li>\n<li><strong>Materi\u00e1l \u0161roubu:<\/strong> Pozinkovan\u00e1 ocel.<\/li>\n<li><strong>Balen\u00ed:<\/strong> 50 ks.<\/li>\n<\/ul>\n<\/div>\n<\/div>\n<\/div>\n<\/div>\n","protected":false},"excerpt":{"rendered":"<p>R\u00e1mov\u00e1 hmo\u017edinka R-FF1 o rozm\u011brech 10&#215;80 mm s pozinkovan\u00fdm \u0161roubem se zapu\u0161t\u011bnou hlavou je spolehliv\u00fd upev\u0148ovac\u00ed prvek vhodn\u00fd pro \u0161irokou<\/p>\n","protected":false},"featured_media":8454,"comment_status":"open","ping_status":"closed","template":"","meta":{"_acf_changed":false},"product_brand":[],"product_cat":[956,156,946],"product_tag":[],"class_list":{"0":"post-8484","1":"product","2":"type-product","3":"status-publish","4":"has-post-thumbnail","6":"product_cat-natloukaci-hmozdinky","7":"product_cat-stavebni-materialy","8":"product_cat-sucha-vystavba","9":"product_shipping_class-kurier-cs","10":"pa_producent-rawplug-cs","12":"first","13":"instock","14":"taxable","15":"shipping-taxable","16":"purchasable","17":"product-type-simple"},"acf":[],"_links":{"self":[{"href":"https:\/\/sklep.thepartners.pl\/cs\/wp-json\/wp\/v2\/product\/8484","targetHints":{"allow":["GET"]}}],"collection":[{"href":"https:\/\/sklep.thepartners.pl\/cs\/wp-json\/wp\/v2\/product"}],"about":[{"href":"https:\/\/sklep.thepartners.pl\/cs\/wp-json\/wp\/v2\/types\/product"}],"replies":[{"embeddable":true,"href":"https:\/\/sklep.thepartners.pl\/cs\/wp-json\/wp\/v2\/comments?post=8484"}],"wp:featuredmedia":[{"embeddable":true,"href":"https:\/\/sklep.thepartners.pl\/cs\/wp-json\/wp\/v2\/media\/8454"}],"wp:attachment":[{"href":"https:\/\/sklep.thepartners.pl\/cs\/wp-json\/wp\/v2\/media?parent=8484"}],"wp:term":[{"taxonomy":"product_brand","embeddable":true,"href":"https:\/\/sklep.thepartners.pl\/cs\/wp-json\/wp\/v2\/product_brand?post=8484"},{"taxonomy":"product_cat","embeddable":true,"href":"https:\/\/sklep.thepartners.pl\/cs\/wp-json\/wp\/v2\/product_cat?post=8484"},{"taxonomy":"product_tag","embeddable":true,"href":"https:\/\/sklep.thepartners.pl\/cs\/wp-json\/wp\/v2\/product_tag?post=8484"}],"curies":[{"name":"wp","href":"https:\/\/api.w.org\/{rel}","templated":true}]}}