{"id":8490,"date":"2024-11-26T10:35:08","date_gmt":"2024-11-26T09:35:08","guid":{"rendered":"https:\/\/sklep.thepartners.pl\/?post_type=product&#038;p=8490"},"modified":"2024-11-26T10:41:12","modified_gmt":"2024-11-26T09:41:12","slug":"ramova-hmozdinka-s-pozinkovanym-sroubem-se-zapustenou-hlavou-r-ff1-10x80-mm-50-ks-kopia","status":"publish","type":"product","link":"https:\/\/sklep.thepartners.pl\/cs\/produkt\/ramova-hmozdinka-s-pozinkovanym-sroubem-se-zapustenou-hlavou-r-ff1-10x80-mm-50-ks-kopia\/","title":{"rendered":"R\u00e1mov\u00e1 hmo\u017edinka s pozinkovan\u00fdm \u0161roubem se zapu\u0161t\u011bnou hlavou R-FF1 8&#215;140 mm \u2013 50 ks"},"content":{"rendered":"<div class=\"flex max-w-full flex-col flex-grow\">\n<div class=\"min-h-8 text-message flex w-full flex-col items-end gap-2 whitespace-normal break-words [.text-message+&amp;]:mt-5\" dir=\"auto\" data-message-author-role=\"assistant\" data-message-id=\"f4f3a212-7187-4693-ae87-122770bc99b8\" data-message-model-slug=\"gpt-4o\">\n<div class=\"flex w-full flex-col gap-1 empty:hidden first:pt-[3px]\">\n<div class=\"markdown prose w-full break-words dark:prose-invert light\">\n<p>R\u00e1mov\u00e1 hmo\u017edinka R-FF1 o rozm\u011brech 8&#215;140 mm s pozinkovan\u00fdm \u0161roubem se zapu\u0161t\u011bnou hlavou je spolehliv\u00fd upev\u0148ovac\u00ed prvek ur\u010den\u00fd pro upevn\u011bn\u00ed konstrukc\u00ed v r\u016fzn\u00fdch stavebn\u00edch podkladech. D\u00edky pozinkovan\u00e9mu \u0161roubu nab\u00edz\u00ed vysokou odolnost v\u016f\u010di korozi a zaru\u010duje dlouhodobou \u017eivotnost.<\/p>\n<h4><strong>Pou\u017eit\u00ed:<\/strong><\/h4>\n<ul>\n<li>Upevn\u011bn\u00ed r\u00e1m\u016f oken a dve\u0159\u00ed.<\/li>\n<li>Mont\u00e1\u017e d\u0159ev\u011bn\u00fdch a kovov\u00fdch konstrukc\u00ed.<\/li>\n<li>Instalace fas\u00e1dn\u00edch a obkladov\u00fdch syst\u00e9m\u016f.<\/li>\n<li>Upevn\u011bn\u00ed prvk\u016f s v\u011bt\u0161\u00ed hloubkou zapu\u0161t\u011bn\u00ed, jako jsou z\u00e1bradl\u00ed nebo madla.<\/li>\n<\/ul>\n<h4><strong>Vlastnosti:<\/strong><\/h4>\n<ul>\n<li>Pozinkovan\u00fd \u0161roub zaji\u0161\u0165uje ochranu proti korozi i v n\u00e1ro\u010dn\u00fdch podm\u00ednk\u00e1ch.<\/li>\n<li>Zapu\u0161t\u011bn\u00e1 hlava \u0161roubu umo\u017e\u0148uje estetick\u00e9 zakon\u010den\u00ed.<\/li>\n<li>Snadn\u00e1 instalace pomoc\u00ed b\u011b\u017en\u00e9ho n\u00e1\u0159ad\u00ed.<\/li>\n<li>Vhodn\u00e9 pro podklady jako beton, cihly nebo dut\u00e9 bloky.<\/li>\n<\/ul>\n<h4><strong>Technick\u00e9 \u00fadaje:<\/strong><\/h4>\n<ul>\n<li><strong>Rozm\u011br hmo\u017edinky:<\/strong> 8&#215;140 mm.<\/li>\n<li><strong>Typ \u0161roubu:<\/strong> Pozinkovan\u00fd, se zapu\u0161t\u011bnou hlavou.<\/li>\n<li><strong>Materi\u00e1l hmo\u017edinky:<\/strong> Vysoce kvalitn\u00ed plast.<\/li>\n<li><strong>Materi\u00e1l \u0161roubu:<\/strong> Pozinkovan\u00e1 ocel.<\/li>\n<li><strong>Balen\u00ed:<\/strong> Kartonov\u00e9, 50 ks.<\/li>\n<\/ul>\n<\/div>\n<\/div>\n<\/div>\n<\/div>\n","protected":false},"excerpt":{"rendered":"<p>R\u00e1mov\u00e1 hmo\u017edinka R-FF1 o rozm\u011brech 8&#215;140 mm s pozinkovan\u00fdm \u0161roubem se zapu\u0161t\u011bnou hlavou je spolehliv\u00fd upev\u0148ovac\u00ed prvek ur\u010den\u00fd pro upevn\u011bn\u00ed<\/p>\n","protected":false},"featured_media":8454,"comment_status":"open","ping_status":"closed","template":"","meta":{"_acf_changed":false},"product_brand":[],"product_cat":[956,156,946],"product_tag":[],"class_list":{"0":"post-8490","1":"product","2":"type-product","3":"status-publish","4":"has-post-thumbnail","6":"product_cat-natloukaci-hmozdinky","7":"product_cat-stavebni-materialy","8":"product_cat-sucha-vystavba","9":"product_shipping_class-kurier-cs","10":"pa_producent-rawplug-cs","12":"first","13":"instock","14":"taxable","15":"shipping-taxable","16":"purchasable","17":"product-type-simple"},"acf":[],"_links":{"self":[{"href":"https:\/\/sklep.thepartners.pl\/cs\/wp-json\/wp\/v2\/product\/8490","targetHints":{"allow":["GET"]}}],"collection":[{"href":"https:\/\/sklep.thepartners.pl\/cs\/wp-json\/wp\/v2\/product"}],"about":[{"href":"https:\/\/sklep.thepartners.pl\/cs\/wp-json\/wp\/v2\/types\/product"}],"replies":[{"embeddable":true,"href":"https:\/\/sklep.thepartners.pl\/cs\/wp-json\/wp\/v2\/comments?post=8490"}],"wp:featuredmedia":[{"embeddable":true,"href":"https:\/\/sklep.thepartners.pl\/cs\/wp-json\/wp\/v2\/media\/8454"}],"wp:attachment":[{"href":"https:\/\/sklep.thepartners.pl\/cs\/wp-json\/wp\/v2\/media?parent=8490"}],"wp:term":[{"taxonomy":"product_brand","embeddable":true,"href":"https:\/\/sklep.thepartners.pl\/cs\/wp-json\/wp\/v2\/product_brand?post=8490"},{"taxonomy":"product_cat","embeddable":true,"href":"https:\/\/sklep.thepartners.pl\/cs\/wp-json\/wp\/v2\/product_cat?post=8490"},{"taxonomy":"product_tag","embeddable":true,"href":"https:\/\/sklep.thepartners.pl\/cs\/wp-json\/wp\/v2\/product_tag?post=8490"}],"curies":[{"name":"wp","href":"https:\/\/api.w.org\/{rel}","templated":true}]}}