{"id":8503,"date":"2024-11-26T11:09:58","date_gmt":"2024-11-26T10:09:58","guid":{"rendered":"https:\/\/sklep.thepartners.pl\/?post_type=product&#038;p=8503"},"modified":"2024-12-12T10:05:04","modified_gmt":"2024-12-12T09:05:04","slug":"ramova-hmozdinka-s-pozinkovanym-sroubem-se-zapustenou-hlavou-r-ff1-8x140-mm-50-ks-kopia","status":"publish","type":"product","link":"https:\/\/sklep.thepartners.pl\/cs\/produkt\/ramova-hmozdinka-s-pozinkovanym-sroubem-se-zapustenou-hlavou-r-ff1-8x140-mm-50-ks-kopia\/","title":{"rendered":"R\u00e1mov\u00e1 hmo\u017edinka s pozinkovan\u00fdm \u0161roubem se z\u00e1pustnou hlavou R-FF1 10&#215;160 mm \u2013 25 ks"},"content":{"rendered":"<div class=\"flex max-w-full flex-col flex-grow\">\n<div class=\"min-h-8 text-message flex w-full flex-col items-end gap-2 whitespace-normal break-words [.text-message+&amp;]:mt-5\" dir=\"auto\" data-message-author-role=\"assistant\" data-message-id=\"f4f3a212-7187-4693-ae87-122770bc99b8\" data-message-model-slug=\"gpt-4o\">\n<div class=\"flex w-full flex-col gap-1 empty:hidden first:pt-[3px]\">\n<div class=\"markdown prose w-full break-words dark:prose-invert light\">\n<p>R\u00e1mov\u00e1 hmo\u017edinka R-FF1x10 mm s pozinkovan\u00fdm \u0161roubem se z\u00e1pustnou hlavou je spolehliv\u00fd upev\u0148ovac\u00ed prvek pro mont\u00e1\u017e r\u016fzn\u00fdch stavebn\u00edch konstrukc\u00ed. Kvalitn\u00ed proveden\u00ed zaru\u010duje dlouhou \u017eivotnost a stabiln\u00ed uchycen\u00ed mont\u00e1\u017en\u00edch prvk\u016f v r\u016fzn\u00fdch typech podklad\u016f.<\/p>\n<h4><strong>Pou\u017eit\u00ed:<\/strong><\/h4>\n<ul>\n<li>Instalace okenn\u00edch a dve\u0159n\u00edch r\u00e1m\u016f.<\/li>\n<li>Upevn\u011bn\u00ed fas\u00e1dn\u00edch prvk\u016f.<\/li>\n<li>Mont\u00e1\u017e d\u0159ev\u011bn\u00fdch a kovov\u00fdch konstrukc\u00ed.<\/li>\n<li>Vhodn\u00e9 pro stavebn\u00ed a dokon\u010dovac\u00ed pr\u00e1ce.<\/li>\n<\/ul>\n<h4><strong>Vlastnosti:<\/strong><\/h4>\n<ul>\n<li><strong>Z\u00e1pustn\u00e1 hlava:<\/strong> Dokonale spl\u00fdv\u00e1 s povrchem, zaji\u0161\u0165uje estetick\u00fd vzhled.<\/li>\n<li><strong>Pozinkovan\u00fd \u0161roub:<\/strong> Zv\u00fd\u0161en\u00e1 odolnost proti korozi.<\/li>\n<li><strong>Univerz\u00e1lnost:<\/strong> Vhodn\u00e9 pro beton, pln\u00e9 cihly a dut\u00e9 bloky.<\/li>\n<\/ul>\n<h4><strong>Technick\u00e9 \u00fadaje:<\/strong><\/h4>\n<ul>\n<li><strong>Rozm\u011br hmo\u017edinky:<\/strong> 10 mm.<\/li>\n<li><strong>Typ \u0161roubu:<\/strong> Pozinkovan\u00fd, z\u00e1pustn\u00e1 hlava.<\/li>\n<li><strong>Materi\u00e1l hmo\u017edinky:<\/strong> Odoln\u00fd plast.<\/li>\n<li><strong>Materi\u00e1l \u0161roubu:<\/strong> Pozinkovan\u00e1 ocel.<\/li>\n<li><strong>Balen\u00ed:<\/strong> Kartonov\u00e9, 25 ks.<\/li>\n<\/ul>\n<\/div>\n<\/div>\n<\/div>\n<\/div>\n","protected":false},"excerpt":{"rendered":"<p>R\u00e1mov\u00e1 hmo\u017edinka R-FF1x10 mm s pozinkovan\u00fdm \u0161roubem se z\u00e1pustnou hlavou je spolehliv\u00fd upev\u0148ovac\u00ed prvek pro mont\u00e1\u017e r\u016fzn\u00fdch stavebn\u00edch konstrukc\u00ed. Kvalitn\u00ed<\/p>\n","protected":false},"featured_media":8454,"comment_status":"open","ping_status":"closed","template":"","meta":{"_acf_changed":false},"product_brand":[],"product_cat":[956,156,946],"product_tag":[],"class_list":{"0":"post-8503","1":"product","2":"type-product","3":"status-publish","4":"has-post-thumbnail","6":"product_cat-natloukaci-hmozdinky","7":"product_cat-stavebni-materialy","8":"product_cat-sucha-vystavba","9":"product_shipping_class-kurier-cs","10":"pa_producent-rawplug-cs","12":"first","13":"instock","14":"taxable","15":"shipping-taxable","16":"purchasable","17":"product-type-simple"},"acf":[],"_links":{"self":[{"href":"https:\/\/sklep.thepartners.pl\/cs\/wp-json\/wp\/v2\/product\/8503","targetHints":{"allow":["GET"]}}],"collection":[{"href":"https:\/\/sklep.thepartners.pl\/cs\/wp-json\/wp\/v2\/product"}],"about":[{"href":"https:\/\/sklep.thepartners.pl\/cs\/wp-json\/wp\/v2\/types\/product"}],"replies":[{"embeddable":true,"href":"https:\/\/sklep.thepartners.pl\/cs\/wp-json\/wp\/v2\/comments?post=8503"}],"wp:featuredmedia":[{"embeddable":true,"href":"https:\/\/sklep.thepartners.pl\/cs\/wp-json\/wp\/v2\/media\/8454"}],"wp:attachment":[{"href":"https:\/\/sklep.thepartners.pl\/cs\/wp-json\/wp\/v2\/media?parent=8503"}],"wp:term":[{"taxonomy":"product_brand","embeddable":true,"href":"https:\/\/sklep.thepartners.pl\/cs\/wp-json\/wp\/v2\/product_brand?post=8503"},{"taxonomy":"product_cat","embeddable":true,"href":"https:\/\/sklep.thepartners.pl\/cs\/wp-json\/wp\/v2\/product_cat?post=8503"},{"taxonomy":"product_tag","embeddable":true,"href":"https:\/\/sklep.thepartners.pl\/cs\/wp-json\/wp\/v2\/product_tag?post=8503"}],"curies":[{"name":"wp","href":"https:\/\/api.w.org\/{rel}","templated":true}]}}