{"id":8521,"date":"2024-11-28T07:12:45","date_gmt":"2024-11-28T06:12:45","guid":{"rendered":"https:\/\/sklep.thepartners.pl\/produkt\/kolo-do-taczki-400mm-150-kg-z-lozyska\/"},"modified":"2024-12-03T10:53:50","modified_gmt":"2024-12-03T09:53:50","slug":"kolo-do-taczki-400mm-150-kg-z-lozyska","status":"publish","type":"product","link":"https:\/\/sklep.thepartners.pl\/cs\/produkt\/kolo-do-taczki-400mm-150-kg-z-lozyska\/","title":{"rendered":"Kole\u010dko traka\u0159e 400mm\/150 kg z placenty"},"content":{"rendered":"<p><strong>Kl\u00ed\u010dov\u00e9 vlastnosti:<\/strong><\/p>\n<p>Kovov\u00fd sva\u0159ovan\u00fd r\u00e1fek<br \/>\nNa lo\u017eisk\u00e1ch<br \/>\nAuto ventil<br \/>\nObsahuje: r\u00e1fek + pl\u00e1\u0161\u0165 + du\u0161e + kovov\u00e1 osa<br \/>\nRozm\u011br pneumatik: 4,00-8<br \/>\nV\u00fd\u0161ka kol: 40 cm<br \/>\n\u0160\u00ed\u0159ka kol: 9 cm<br \/>\nD\u00e9lka osy: 15 cm<br \/>\nPr\u016fm\u011br osy: fi 12 mm<br \/>\n2PR dvojit\u00e1 pl\u00e1t\u011bn\u00e1 pneumatika<br \/>\nMaxim\u00e1ln\u00ed nosnost: 150 kg<\/p>\n","protected":false},"excerpt":{"rendered":"<p>Kl\u00ed\u010dov\u00e9 vlastnosti: Kovov\u00fd sva\u0159ovan\u00fd r\u00e1fek Na lo\u017eisk\u00e1ch Auto ventil Obsahuje: r\u00e1fek + pl\u00e1\u0161\u0165 + du\u0161e + kovov\u00e1 osa Rozm\u011br pneumatik:<\/p>\n","protected":false},"featured_media":8519,"comment_status":"open","ping_status":"closed","template":"","meta":{"_acf_changed":false},"product_brand":[],"product_cat":[1022,1025],"product_tag":[],"class_list":{"0":"post-8521","1":"product","2":"type-product","3":"status-publish","4":"has-post-thumbnail","6":"product_cat-naradi","7":"product_cat-pro-zahradu","8":"product_shipping_class-kurier-cs","10":"first","11":"instock","12":"taxable","13":"shipping-taxable","14":"purchasable","15":"product-type-simple"},"acf":[],"_links":{"self":[{"href":"https:\/\/sklep.thepartners.pl\/cs\/wp-json\/wp\/v2\/product\/8521","targetHints":{"allow":["GET"]}}],"collection":[{"href":"https:\/\/sklep.thepartners.pl\/cs\/wp-json\/wp\/v2\/product"}],"about":[{"href":"https:\/\/sklep.thepartners.pl\/cs\/wp-json\/wp\/v2\/types\/product"}],"replies":[{"embeddable":true,"href":"https:\/\/sklep.thepartners.pl\/cs\/wp-json\/wp\/v2\/comments?post=8521"}],"wp:featuredmedia":[{"embeddable":true,"href":"https:\/\/sklep.thepartners.pl\/cs\/wp-json\/wp\/v2\/media\/8519"}],"wp:attachment":[{"href":"https:\/\/sklep.thepartners.pl\/cs\/wp-json\/wp\/v2\/media?parent=8521"}],"wp:term":[{"taxonomy":"product_brand","embeddable":true,"href":"https:\/\/sklep.thepartners.pl\/cs\/wp-json\/wp\/v2\/product_brand?post=8521"},{"taxonomy":"product_cat","embeddable":true,"href":"https:\/\/sklep.thepartners.pl\/cs\/wp-json\/wp\/v2\/product_cat?post=8521"},{"taxonomy":"product_tag","embeddable":true,"href":"https:\/\/sklep.thepartners.pl\/cs\/wp-json\/wp\/v2\/product_tag?post=8521"}],"curies":[{"name":"wp","href":"https:\/\/api.w.org\/{rel}","templated":true}]}}