{"id":8533,"date":"2024-11-28T08:06:41","date_gmt":"2024-11-28T07:06:41","guid":{"rendered":"https:\/\/sklep.thepartners.pl\/produkt\/baumit-crystaltop-tynk-mineralny-premium-z-efektem-crystal-snieznobialy-25kg\/"},"modified":"2025-09-18T10:48:41","modified_gmt":"2025-09-18T08:48:41","slug":"baumit-crystaltop-tynk-mineralny-premium-z-efektem-crystal-snieznobialy-25kg","status":"publish","type":"product","link":"https:\/\/sklep.thepartners.pl\/cs\/produkt\/baumit-crystaltop-tynk-mineralny-premium-z-efektem-crystal-snieznobialy-25kg\/","title":{"rendered":"Pr\u00e9miov\u00e1 p\u0159\u00edrodn\u00ed om\u00edtka s technologi\u00ed Crystal Baumit CrystalTop"},"content":{"rendered":"<div class=\"flex max-w-full flex-col flex-grow\">\n<div class=\"min-h-8 text-message flex w-full flex-col items-end gap-2 whitespace-normal break-words [.text-message+&amp;]:mt-5\" dir=\"auto\" data-message-author-role=\"assistant\" data-message-id=\"9cde1cfe-389c-4aca-9ffa-7c71db51589e\" data-message-model-slug=\"gpt-4o\">\n<div class=\"flex w-full flex-col gap-1 empty:hidden first:pt-[3px]\">\n<div class=\"markdown prose w-full break-words dark:prose-invert light\">\n<p>Baumit CrystalTop je p\u0159ipraven\u00e1 k okam\u017eit\u00e9mu pou\u017eit\u00ed, probarven\u00e1, tenkovrstv\u00e1 strukturovan\u00e1 om\u00edtka na b\u00e1zi anorganick\u00e9ho pojiva. Je sou\u010d\u00e1st\u00ed dvouslo\u017ekov\u00e9ho fas\u00e1dn\u00edho syst\u00e9mu a lze ji pou\u017e\u00edvat v\u00fdhradn\u011b s aktiva\u010dn\u00edm z\u00e1kladn\u00edm n\u00e1t\u011brem <strong>Baumit CrystalActivator<\/strong>, kter\u00fd spou\u0161t\u00ed proces tvrdnut\u00ed a krystalizace. D\u00edky technologii <strong>Crystal Effect<\/strong> vytv\u00e1\u0159\u00ed CrystalTop odoln\u00fd, p\u0159irozen\u00fd a prody\u0161n\u00fd povrch s v\u00fdjime\u010dnou odolnost\u00ed proti zne\u010di\u0161t\u011bn\u00ed. Om\u00edtka poskytuje tak\u00e9 zv\u00fd\u0161enou ochranu proti pl\u00edsn\u00edm, \u0159as\u00e1m a mech\u016fm.<\/p>\n<h4><strong>Vlastnosti:<\/strong><\/h4>\n<ul>\n<li><strong>P\u0159irozen\u00fd a prody\u0161n\u00fd.<\/strong><\/li>\n<li><strong>Samo\u010distic\u00ed a odoln\u00fd proti zne\u010di\u0161t\u011bn\u00ed.<\/strong><\/li>\n<li><strong>V\u00fdjime\u010dn\u011b trvanliv\u00fd.<\/strong><\/li>\n<\/ul>\n<h4><strong>Zrnitost a struktura:<\/strong><\/h4>\n<ul>\n<li><strong>1,5K<\/strong> \u2013 zrno do 1,5 mm.<\/li>\n<\/ul>\n<h4><strong>Pou\u017eit\u00ed:<\/strong><\/h4>\n<p>Om\u00edtka CrystalTop je ide\u00e1ln\u00ed pro zateplovac\u00ed syst\u00e9my Baumit, a to jak pro nov\u00e9, tak pro st\u00e1vaj\u00edc\u00ed nosn\u00e9 podklady. P\u0159ed aplikac\u00ed je nutn\u00e9 nan\u00e9st aktiva\u010dn\u00ed z\u00e1kladn\u00ed n\u00e1t\u011br <strong>Baumit CrystalActivator<\/strong>, kter\u00fd zajist\u00ed pevn\u00e9 spojen\u00ed a optim\u00e1ln\u00ed v\u00fdsledek.<\/p>\n<\/div>\n<\/div>\n<\/div>\n<\/div>\n<div class=\"mb-2 flex gap-3 empty:hidden -ml-2\">\n<div class=\"items-center justify-start rounded-xl p-1 flex\">\n<div class=\"flex items-center\">\n<p>&nbsp;<\/p>\n<div class=\"flex\"><\/div>\n<div class=\"flex items-center pb-0\"><span class=\"overflow-hidden text-clip whitespace-nowrap text-sm\">4o<\/span><\/div>\n<\/div>\n<\/div>\n<\/div>\n","protected":false},"excerpt":{"rendered":"<blockquote><p><strong>P\u0159irozen\u00fd a prody\u0161n\u00fd.<\/strong><\/p>\n<p><strong>Samo\u010distic\u00ed a odoln\u00fd proti zne\u010di\u0161t\u011bn\u00ed.<\/strong><\/p>\n<p><strong>V\u00fdjime\u010dn\u011b trvanliv\u00fd.<\/strong><\/p><\/blockquote>\n","protected":false},"featured_media":8525,"comment_status":"open","ping_status":"closed","template":"","meta":{"_acf_changed":false},"product_brand":[],"product_cat":[162,170,149,143],"product_tag":[],"class_list":{"0":"post-8533","1":"product","2":"type-product","3":"status-publish","4":"has-post-thumbnail","6":"product_cat-micharna-barev-a-omitek","7":"product_cat-fasadni-omitky-cs","8":"product_cat-fasadni-omitky","9":"product_cat-tepelne-izolace","10":"pa_gestosc-1-85-kg-dm-cs","11":"pa_producent-baumit-cs","12":"pa_wydajnosc-cca-10-m-kbelik","13":"pa_zuzycie-cca-25-kg-m-v-zavislosti-na-podkladu-a-technice-aplikace","15":"first","16":"instock","17":"taxable","18":"shipping-taxable","19":"purchasable","20":"product-type-simple"},"acf":[],"_links":{"self":[{"href":"https:\/\/sklep.thepartners.pl\/cs\/wp-json\/wp\/v2\/product\/8533","targetHints":{"allow":["GET"]}}],"collection":[{"href":"https:\/\/sklep.thepartners.pl\/cs\/wp-json\/wp\/v2\/product"}],"about":[{"href":"https:\/\/sklep.thepartners.pl\/cs\/wp-json\/wp\/v2\/types\/product"}],"replies":[{"embeddable":true,"href":"https:\/\/sklep.thepartners.pl\/cs\/wp-json\/wp\/v2\/comments?post=8533"}],"wp:featuredmedia":[{"embeddable":true,"href":"https:\/\/sklep.thepartners.pl\/cs\/wp-json\/wp\/v2\/media\/8525"}],"wp:attachment":[{"href":"https:\/\/sklep.thepartners.pl\/cs\/wp-json\/wp\/v2\/media?parent=8533"}],"wp:term":[{"taxonomy":"product_brand","embeddable":true,"href":"https:\/\/sklep.thepartners.pl\/cs\/wp-json\/wp\/v2\/product_brand?post=8533"},{"taxonomy":"product_cat","embeddable":true,"href":"https:\/\/sklep.thepartners.pl\/cs\/wp-json\/wp\/v2\/product_cat?post=8533"},{"taxonomy":"product_tag","embeddable":true,"href":"https:\/\/sklep.thepartners.pl\/cs\/wp-json\/wp\/v2\/product_tag?post=8533"}],"curies":[{"name":"wp","href":"https:\/\/api.w.org\/{rel}","templated":true}]}}