{"id":8538,"date":"2024-11-28T11:18:18","date_gmt":"2024-11-28T10:18:18","guid":{"rendered":"https:\/\/sklep.thepartners.pl\/?post_type=product&#038;p=8538"},"modified":"2025-07-21T10:01:38","modified_gmt":"2025-07-21T08:01:38","slug":"tasma-ostrzegawcza-75mm-100mb-bialo-czerwona-blue-dolphin","status":"publish","type":"product","link":"https:\/\/sklep.thepartners.pl\/cs\/produkt\/tasma-ostrzegawcza-75mm-100mb-bialo-czerwona-blue-dolphin\/","title":{"rendered":"Ta\u015bma ostrzegawcza 75mm\/100mb bia\u0142o-czerwona Blue Dolphin"},"content":{"rendered":"<p><strong>Ta\u015bma ostrzegawcza 75mm\/100mb bia\u0142o-czerwona Blue Dolphin<\/strong><\/p>\n<p>Ta\u015bma ostrzegawcza marki Blue Dolphin o szeroko\u015bci 75 mm i d\u0142ugo\u015bci 100 m, w charakterystycznych kolorach bia\u0142o-czerwonych, to niezast\u0105piony element przy wyznaczaniu miejsc niebezpiecznych oraz tras komunikacyjnych.<\/p>\n<h3><strong>Cechy produktu:<\/strong><\/h3>\n<ul>\n<li><strong>Trwa\u0142o\u015b\u0107:<\/strong> Wykonana z wysokiej jako\u015bci materia\u0142\u00f3w, zapewnia odporno\u015b\u0107 na uszkodzenia mechaniczne oraz gwarantuje d\u0142ugotrwa\u0142e u\u017cytkowanie.<\/li>\n<li><strong>Prosta aplikacja:<\/strong> Dzi\u0119ki swojej szeroko\u015bci i d\u0142ugo\u015bci, ta\u015bma jest \u0142atwa w monta\u017cu i pozwala na szybkie oznaczenie stref wymagaj\u0105cych uwagi.<\/li>\n<\/ul>\n<h3><strong>Zastosowanie:<\/strong><\/h3>\n<p>Ta\u015bma doskonale sprawdza si\u0119 podczas zabezpieczania obszar\u00f3w niebezpiecznych na placach budowy, w magazynach, podczas event\u00f3w czy innych sytuacji, gdzie konieczne jest wyra\u017ane oznaczenie zagro\u017cenia.<\/p>\n<h3><strong>Dane techniczne:<\/strong><\/h3>\n<ul>\n<li><strong>Szeroko\u015b\u0107:<\/strong> 75 mm<\/li>\n<li><strong>D\u0142ugo\u015b\u0107:<\/strong> 100 m<\/li>\n<li><strong>Kolor:<\/strong> Bia\u0142o-czerwony<\/li>\n<\/ul>\n","protected":false},"excerpt":{"rendered":"<h3><strong>Cechy produktu:<\/strong><\/h3>\n<ul>\n<li><strong>Trwa\u0142o\u015b\u0107:<\/strong> Wykonana z wysokiej jako\u015bci materia\u0142\u00f3w, zapewnia odporno\u015b\u0107 na uszkodzenia mechaniczne oraz gwarantuje d\u0142ugotrwa\u0142e u\u017cytkowanie.<\/li>\n<li><strong>Prosta aplikacja:<\/strong> Dzi\u0119ki swojej szeroko\u015bci i d\u0142ugo\u015bci, ta\u015bma jest \u0142atwa w monta\u017cu i pozwala na szybkie oznaczenie stref wymagaj\u0105cych uwagi.<\/li>\n<\/ul>\n","protected":false},"featured_media":8541,"comment_status":"open","ping_status":"closed","template":"","meta":{"_acf_changed":false},"product_brand":[],"product_cat":[1013,1021],"product_tag":[],"class_list":{"0":"post-8538","1":"product","2":"type-product","3":"status-publish","4":"has-post-thumbnail","6":"product_cat-narzedzia","7":"product_cat-pozostale","8":"product_shipping_class-kurier-cs","9":"pa_producent-bluedolphin","11":"first","12":"instock","13":"taxable","14":"shipping-taxable","15":"purchasable","16":"product-type-simple"},"acf":[],"_links":{"self":[{"href":"https:\/\/sklep.thepartners.pl\/cs\/wp-json\/wp\/v2\/product\/8538","targetHints":{"allow":["GET"]}}],"collection":[{"href":"https:\/\/sklep.thepartners.pl\/cs\/wp-json\/wp\/v2\/product"}],"about":[{"href":"https:\/\/sklep.thepartners.pl\/cs\/wp-json\/wp\/v2\/types\/product"}],"replies":[{"embeddable":true,"href":"https:\/\/sklep.thepartners.pl\/cs\/wp-json\/wp\/v2\/comments?post=8538"}],"wp:featuredmedia":[{"embeddable":true,"href":"https:\/\/sklep.thepartners.pl\/cs\/wp-json\/wp\/v2\/media\/8541"}],"wp:attachment":[{"href":"https:\/\/sklep.thepartners.pl\/cs\/wp-json\/wp\/v2\/media?parent=8538"}],"wp:term":[{"taxonomy":"product_brand","embeddable":true,"href":"https:\/\/sklep.thepartners.pl\/cs\/wp-json\/wp\/v2\/product_brand?post=8538"},{"taxonomy":"product_cat","embeddable":true,"href":"https:\/\/sklep.thepartners.pl\/cs\/wp-json\/wp\/v2\/product_cat?post=8538"},{"taxonomy":"product_tag","embeddable":true,"href":"https:\/\/sklep.thepartners.pl\/cs\/wp-json\/wp\/v2\/product_tag?post=8538"}],"curies":[{"name":"wp","href":"https:\/\/api.w.org\/{rel}","templated":true}]}}