{"id":8549,"date":"2024-11-28T11:46:36","date_gmt":"2024-11-28T10:46:36","guid":{"rendered":"https:\/\/sklep.thepartners.pl\/?post_type=product&#038;p=8549"},"modified":"2024-11-28T11:49:32","modified_gmt":"2024-11-28T10:49:32","slug":"ramova-hmozdinka-s-pozinkovanym-sroubem-s-kuzelovou-hlavou-r-ff1-10x140-mm-25-ks-kopia","status":"publish","type":"product","link":"https:\/\/sklep.thepartners.pl\/cs\/produkt\/ramova-hmozdinka-s-pozinkovanym-sroubem-s-kuzelovou-hlavou-r-ff1-10x140-mm-25-ks-kopia\/","title":{"rendered":"R\u00e1mov\u00e1 hmo\u017edinka s pozinkovan\u00fdm \u0161roubem s ku\u017eelovou hlavou R-FF1 10&#215;120 mm &#8211; 25 ks"},"content":{"rendered":"<div class=\"flex max-w-full flex-col flex-grow\">\n<div class=\"min-h-8 text-message flex w-full flex-col items-end gap-2 whitespace-normal break-words [.text-message+&amp;]:mt-5\" dir=\"auto\" data-message-author-role=\"assistant\" data-message-id=\"f4f3a212-7187-4693-ae87-122770bc99b8\" data-message-model-slug=\"gpt-4o\">\n<div class=\"flex w-full flex-col gap-1 empty:hidden first:pt-[3px]\">\n<div class=\"markdown prose w-full break-words dark:prose-invert light\">\n<div class=\"flex max-w-full flex-col flex-grow\">\n<div class=\"min-h-8 text-message flex w-full flex-col items-end gap-2 whitespace-normal break-words [.text-message+&amp;]:mt-5\" dir=\"auto\" data-message-author-role=\"assistant\" data-message-id=\"7d496ef6-86ff-4a64-b7a8-31123714e1e6\" data-message-model-slug=\"gpt-4o\">\n<div class=\"flex w-full flex-col gap-1 empty:hidden first:pt-[3px]\">\n<div class=\"markdown prose w-full break-words dark:prose-invert light\">\n<p>R\u00e1mov\u00e1 hmo\u017edinka <strong>R-FF1 10&#215;120 mm<\/strong> s pozinkovan\u00fdm \u0161roubem s ku\u017eelovou hlavou je spolehliv\u00fd upev\u0148ovac\u00ed prvek pro n\u00e1ro\u010dn\u00e9 stavebn\u00ed aplikace. Navr\u017eena pro pevn\u00e9 ukotven\u00ed konstruk\u010dn\u00edch prvk\u016f do materi\u00e1l\u016f, jako je beton, pln\u00e1 cihla, p\u00f3robeton a dut\u00e9 cihly. D\u00edky pozinkov\u00e1n\u00ed je \u0161roub odoln\u00fd proti korozi, co\u017e zaji\u0161\u0165uje dlouhou \u017eivotnost a bezpe\u010dnost.<\/p>\n<h4><strong>Vlastnosti:<\/strong><\/h4>\n<ul>\n<li><strong>Rozm\u011bry:<\/strong> 10&#215;120 mm.<\/li>\n<li><strong>Materi\u00e1l hmo\u017edinky:<\/strong> odoln\u00fd plast.<\/li>\n<li><strong>Materi\u00e1l \u0161roubu:<\/strong> pozinkovan\u00e1 ocel.<\/li>\n<li><strong>Typ \u0161roubu:<\/strong> ku\u017eelov\u00e1 hlava.<\/li>\n<li><strong>Balen\u00ed:<\/strong> 25 ks.<\/li>\n<\/ul>\n<h4><strong>Pou\u017eit\u00ed:<\/strong><\/h4>\n<ul>\n<li>Beton, pln\u00e1 cihla, p\u00f3robeton, dut\u00e9 cihly.<\/li>\n<li>Instalace okenn\u00edch a dve\u0159n\u00edch r\u00e1m\u016f, z\u00e1bradl\u00ed, nosn\u00edk\u016f a dal\u0161\u00edch prvk\u016f vy\u017eaduj\u00edc\u00edch pevn\u00e9 uchycen\u00ed.<\/li>\n<\/ul>\n<h4><strong>V\u00fdhody:<\/strong><\/h4>\n<ul>\n<li>Odolnost v\u016f\u010di korozi d\u00edky pozinkov\u00e1n\u00ed.<\/li>\n<li>Pevn\u00e9 a stabiln\u00ed uchycen\u00ed.<\/li>\n<li>Univerz\u00e1ln\u00ed pou\u017eit\u00ed ve stavebnictv\u00ed.<\/li>\n<li>Snadn\u00e1 a rychl\u00e1 instalace.<\/li>\n<\/ul>\n<\/div>\n<\/div>\n<\/div>\n<\/div>\n<\/div>\n<\/div>\n<\/div>\n<\/div>\n","protected":false},"excerpt":{"rendered":"<p>R\u00e1mov\u00e1 hmo\u017edinka R-FF1 10&#215;120 mm s pozinkovan\u00fdm \u0161roubem s ku\u017eelovou hlavou je spolehliv\u00fd upev\u0148ovac\u00ed prvek pro n\u00e1ro\u010dn\u00e9 stavebn\u00ed aplikace. Navr\u017eena<\/p>\n","protected":false},"featured_media":8454,"comment_status":"open","ping_status":"closed","template":"","meta":{"_acf_changed":false},"product_brand":[],"product_cat":[956,156,946],"product_tag":[],"class_list":{"0":"post-8549","1":"product","2":"type-product","3":"status-publish","4":"has-post-thumbnail","6":"product_cat-natloukaci-hmozdinky","7":"product_cat-stavebni-materialy","8":"product_cat-sucha-vystavba","9":"product_shipping_class-kurier-cs","10":"pa_producent-rawplug-cs","12":"first","13":"instock","14":"taxable","15":"shipping-taxable","16":"purchasable","17":"product-type-simple"},"acf":[],"_links":{"self":[{"href":"https:\/\/sklep.thepartners.pl\/cs\/wp-json\/wp\/v2\/product\/8549","targetHints":{"allow":["GET"]}}],"collection":[{"href":"https:\/\/sklep.thepartners.pl\/cs\/wp-json\/wp\/v2\/product"}],"about":[{"href":"https:\/\/sklep.thepartners.pl\/cs\/wp-json\/wp\/v2\/types\/product"}],"replies":[{"embeddable":true,"href":"https:\/\/sklep.thepartners.pl\/cs\/wp-json\/wp\/v2\/comments?post=8549"}],"wp:featuredmedia":[{"embeddable":true,"href":"https:\/\/sklep.thepartners.pl\/cs\/wp-json\/wp\/v2\/media\/8454"}],"wp:attachment":[{"href":"https:\/\/sklep.thepartners.pl\/cs\/wp-json\/wp\/v2\/media?parent=8549"}],"wp:term":[{"taxonomy":"product_brand","embeddable":true,"href":"https:\/\/sklep.thepartners.pl\/cs\/wp-json\/wp\/v2\/product_brand?post=8549"},{"taxonomy":"product_cat","embeddable":true,"href":"https:\/\/sklep.thepartners.pl\/cs\/wp-json\/wp\/v2\/product_cat?post=8549"},{"taxonomy":"product_tag","embeddable":true,"href":"https:\/\/sklep.thepartners.pl\/cs\/wp-json\/wp\/v2\/product_tag?post=8549"}],"curies":[{"name":"wp","href":"https:\/\/api.w.org\/{rel}","templated":true}]}}