{"id":8551,"date":"2024-11-28T11:52:07","date_gmt":"2024-11-28T10:52:07","guid":{"rendered":"https:\/\/sklep.thepartners.pl\/?post_type=product&#038;p=8551"},"modified":"2024-11-28T11:55:14","modified_gmt":"2024-11-28T10:55:14","slug":"ramova-hmozdinka-s-limcem-a-pozinkovanym-sroubem-s-sestihrannou-hlavou-r-ff1-10x120-mm-25-ks-kopia","status":"publish","type":"product","link":"https:\/\/sklep.thepartners.pl\/cs\/produkt\/ramova-hmozdinka-s-limcem-a-pozinkovanym-sroubem-s-sestihrannou-hlavou-r-ff1-10x120-mm-25-ks-kopia\/","title":{"rendered":"R\u00e1mov\u00e1 hmo\u017edinka s l\u00edmcem a pozinkovan\u00fdm \u0161roubem s \u0161estihrannou hlavou R-FF1 10&#215;200 mm &#8211; 25 ks"},"content":{"rendered":"<div class=\"flex max-w-full flex-col flex-grow\">\n<div class=\"min-h-8 text-message flex w-full flex-col items-end gap-2 whitespace-normal break-words [.text-message+&amp;]:mt-5\" dir=\"auto\" data-message-author-role=\"assistant\" data-message-id=\"f4f3a212-7187-4693-ae87-122770bc99b8\" data-message-model-slug=\"gpt-4o\">\n<div class=\"flex w-full flex-col gap-1 empty:hidden first:pt-[3px]\">\n<div class=\"markdown prose w-full break-words dark:prose-invert light\">\n<p>R\u00e1mov\u00e1 hmo\u017edinka <strong>R-FF1 10&#215;200 mm<\/strong> s l\u00edmcem a pozinkovan\u00fdm \u0161roubem s \u0161estihrannou hlavou je robustn\u00ed upev\u0148ovac\u00ed prvek navr\u017een\u00fd pro instalaci t\u011b\u017ek\u00fdch prvk\u016f v n\u00e1ro\u010dn\u00fdch podm\u00ednk\u00e1ch. D\u00edky pozinkov\u00e1n\u00ed je \u0161roub odoln\u00fd proti korozi, co\u017e zaji\u0161\u0165uje dlouhodobou stabilitu a pevnost spojen\u00ed. Vhodn\u00e1 pro pou\u017eit\u00ed v betonu, pln\u00fdch cihl\u00e1ch, p\u00f3robetonu i dut\u00fdch cihl\u00e1ch.<\/p>\n<h4><strong>Vlastnosti:<\/strong><\/h4>\n<ul>\n<li><strong>Rozm\u011bry hmo\u017edinky:<\/strong> 10&#215;200 mm.<\/li>\n<li><strong>Materi\u00e1l hmo\u017edinky:<\/strong> vysoce kvalitn\u00ed plast.<\/li>\n<li><strong>Materi\u00e1l \u0161roubu:<\/strong> pozinkovan\u00e1 ocel.<\/li>\n<li><strong>Typ \u0161roubu:<\/strong> \u0161estihrann\u00e1 hlava s l\u00edmcem pro lep\u0161\u00ed rozlo\u017een\u00ed zat\u00ed\u017een\u00ed.<\/li>\n<li><strong>Balen\u00ed:<\/strong> 25 ks.<\/li>\n<\/ul>\n<h4><strong>Pou\u017eit\u00ed:<\/strong><\/h4>\n<ul>\n<li>Mont\u00e1\u017e dve\u0159n\u00edch a okenn\u00edch r\u00e1m\u016f.<\/li>\n<li>Ukotven\u00ed d\u0159ev\u011bn\u00fdch a kovov\u00fdch konstrukc\u00ed.<\/li>\n<li>Instalace z\u00e1bradl\u00ed, konzol a dal\u0161\u00edch prvk\u016f do betonu, cihel a dut\u00fdch blok\u016f.<\/li>\n<\/ul>\n<h4><strong>V\u00fdhody:<\/strong><\/h4>\n<ul>\n<li>Odolnost v\u016f\u010di korozi d\u00edky pozinkov\u00e1n\u00ed.<\/li>\n<li>Vysok\u00e1 pevnost a stabilita v n\u00e1ro\u010dn\u00fdch podm\u00ednk\u00e1ch.<\/li>\n<li>Snadn\u00e1 manipulace a univerz\u00e1ln\u00ed pou\u017eit\u00ed.<\/li>\n<\/ul>\n<\/div>\n<\/div>\n<\/div>\n<\/div>\n","protected":false},"excerpt":{"rendered":"<p>R\u00e1mov\u00e1 hmo\u017edinka R-FF1 10&#215;200 mm s l\u00edmcem a pozinkovan\u00fdm \u0161roubem s \u0161estihrannou hlavou je robustn\u00ed upev\u0148ovac\u00ed prvek navr\u017een\u00fd pro instalaci<\/p>\n","protected":false},"featured_media":8500,"comment_status":"open","ping_status":"closed","template":"","meta":{"_acf_changed":false},"product_brand":[],"product_cat":[156,946,956],"product_tag":[],"class_list":{"0":"post-8551","1":"product","2":"type-product","3":"status-publish","4":"has-post-thumbnail","6":"product_cat-stavebni-materialy","7":"product_cat-sucha-vystavba","8":"product_cat-natloukaci-hmozdinky","9":"product_shipping_class-kurier-cs","10":"pa_producent-rawplug-cs","12":"first","13":"instock","14":"taxable","15":"shipping-taxable","16":"purchasable","17":"product-type-simple"},"acf":[],"_links":{"self":[{"href":"https:\/\/sklep.thepartners.pl\/cs\/wp-json\/wp\/v2\/product\/8551","targetHints":{"allow":["GET"]}}],"collection":[{"href":"https:\/\/sklep.thepartners.pl\/cs\/wp-json\/wp\/v2\/product"}],"about":[{"href":"https:\/\/sklep.thepartners.pl\/cs\/wp-json\/wp\/v2\/types\/product"}],"replies":[{"embeddable":true,"href":"https:\/\/sklep.thepartners.pl\/cs\/wp-json\/wp\/v2\/comments?post=8551"}],"wp:featuredmedia":[{"embeddable":true,"href":"https:\/\/sklep.thepartners.pl\/cs\/wp-json\/wp\/v2\/media\/8500"}],"wp:attachment":[{"href":"https:\/\/sklep.thepartners.pl\/cs\/wp-json\/wp\/v2\/media?parent=8551"}],"wp:term":[{"taxonomy":"product_brand","embeddable":true,"href":"https:\/\/sklep.thepartners.pl\/cs\/wp-json\/wp\/v2\/product_brand?post=8551"},{"taxonomy":"product_cat","embeddable":true,"href":"https:\/\/sklep.thepartners.pl\/cs\/wp-json\/wp\/v2\/product_cat?post=8551"},{"taxonomy":"product_tag","embeddable":true,"href":"https:\/\/sklep.thepartners.pl\/cs\/wp-json\/wp\/v2\/product_tag?post=8551"}],"curies":[{"name":"wp","href":"https:\/\/api.w.org\/{rel}","templated":true}]}}