{"id":8553,"date":"2024-11-28T11:57:23","date_gmt":"2024-11-28T10:57:23","guid":{"rendered":"https:\/\/sklep.thepartners.pl\/?post_type=product&#038;p=8553"},"modified":"2024-11-28T12:00:00","modified_gmt":"2024-11-28T11:00:00","slug":"ramova-hmozdinka-s-limcem-a-pozinkovanym-sroubem-s-sestihrannou-hlavou-r-ff1-10x120-mm-25-ks-kopia-2","status":"publish","type":"product","link":"https:\/\/sklep.thepartners.pl\/cs\/produkt\/ramova-hmozdinka-s-limcem-a-pozinkovanym-sroubem-s-sestihrannou-hlavou-r-ff1-10x120-mm-25-ks-kopia-2\/","title":{"rendered":"R\u00e1mov\u00e1 hmo\u017edinka s l\u00edmcem a pozinkovan\u00fdm \u0161roubem s \u0161estihrannou hlavou R-FF1 10&#215;80 mm &#8211; 50 ks"},"content":{"rendered":"<div class=\"flex max-w-full flex-col flex-grow\">\n<div class=\"min-h-8 text-message flex w-full flex-col items-end gap-2 whitespace-normal break-words [.text-message+&amp;]:mt-5\" dir=\"auto\" data-message-author-role=\"assistant\" data-message-id=\"f4f3a212-7187-4693-ae87-122770bc99b8\" data-message-model-slug=\"gpt-4o\">\n<div class=\"flex w-full flex-col gap-1 empty:hidden first:pt-[3px]\">\n<div class=\"markdown prose w-full break-words dark:prose-invert light\">\n<p>R\u00e1mov\u00e1 hmo\u017edinka <strong>R-FF1 10&#215;80 mm<\/strong> s l\u00edmcem a pozinkovan\u00fdm \u0161roubem s \u0161estihrannou hlavou p\u0159edstavuje spolehliv\u00fd upev\u0148ovac\u00ed prvek pro pevn\u00e9 ukotven\u00ed r\u016fzn\u00fdch konstrukc\u00ed. D\u00edky odolnosti proti korozi je vhodn\u00e1 i pro n\u00e1ro\u010dn\u00e9 aplikace. Hmo\u017edinka nab\u00edz\u00ed dlouhou \u017eivotnost a stabilitu spojen\u00ed.<\/p>\n<h4><strong>Vlastnosti:<\/strong><\/h4>\n<ul>\n<li><strong>Rozm\u011bry hmo\u017edinky:<\/strong> 10&#215;80 mm.<\/li>\n<li><strong>Materi\u00e1l hmo\u017edinky:<\/strong> odoln\u00fd plast.<\/li>\n<li><strong>Materi\u00e1l \u0161roubu:<\/strong> pozinkovan\u00e1 ocel.<\/li>\n<li><strong>Typ \u0161roubu:<\/strong> \u0161estihrann\u00e1 hlava s l\u00edmcem.<\/li>\n<li><strong>Balen\u00ed:<\/strong> 50 ks.<\/li>\n<\/ul>\n<h4><strong>Pou\u017eit\u00ed:<\/strong><\/h4>\n<ul>\n<li>Mont\u00e1\u017e dve\u0159n\u00edch a okenn\u00edch r\u00e1m\u016f.<\/li>\n<li>Upevn\u011bn\u00ed d\u0159ev\u011bn\u00fdch a kovov\u00fdch konstrukc\u00ed.<\/li>\n<li>Instalace do betonu, pln\u00fdch cihel, dut\u00fdch blok\u016f a p\u00f3robetonu.<\/li>\n<\/ul>\n<h4><strong>V\u00fdhody:<\/strong><\/h4>\n<ul>\n<li>\u0160roub odoln\u00fd proti korozi.<\/li>\n<li>Snadn\u00e1 instalace d\u00edky \u0161estihrann\u00e9 hlav\u011b.<\/li>\n<li>\u0160irok\u00e9 mo\u017enosti pou\u017eit\u00ed ve stavebnictv\u00ed.<\/li>\n<\/ul>\n<\/div>\n<\/div>\n<\/div>\n<\/div>\n","protected":false},"excerpt":{"rendered":"<p>R\u00e1mov\u00e1 hmo\u017edinka R-FF1 10&#215;80 mm s l\u00edmcem a pozinkovan\u00fdm \u0161roubem s \u0161estihrannou hlavou p\u0159edstavuje spolehliv\u00fd upev\u0148ovac\u00ed prvek pro pevn\u00e9 ukotven\u00ed<\/p>\n","protected":false},"featured_media":8500,"comment_status":"open","ping_status":"closed","template":"","meta":{"_acf_changed":false},"product_brand":[],"product_cat":[156,946,956],"product_tag":[],"class_list":{"0":"post-8553","1":"product","2":"type-product","3":"status-publish","4":"has-post-thumbnail","6":"product_cat-stavebni-materialy","7":"product_cat-sucha-vystavba","8":"product_cat-natloukaci-hmozdinky","9":"product_shipping_class-kurier-cs","10":"pa_producent-rawplug-cs","12":"first","13":"instock","14":"taxable","15":"shipping-taxable","16":"purchasable","17":"product-type-simple"},"acf":[],"_links":{"self":[{"href":"https:\/\/sklep.thepartners.pl\/cs\/wp-json\/wp\/v2\/product\/8553","targetHints":{"allow":["GET"]}}],"collection":[{"href":"https:\/\/sklep.thepartners.pl\/cs\/wp-json\/wp\/v2\/product"}],"about":[{"href":"https:\/\/sklep.thepartners.pl\/cs\/wp-json\/wp\/v2\/types\/product"}],"replies":[{"embeddable":true,"href":"https:\/\/sklep.thepartners.pl\/cs\/wp-json\/wp\/v2\/comments?post=8553"}],"wp:featuredmedia":[{"embeddable":true,"href":"https:\/\/sklep.thepartners.pl\/cs\/wp-json\/wp\/v2\/media\/8500"}],"wp:attachment":[{"href":"https:\/\/sklep.thepartners.pl\/cs\/wp-json\/wp\/v2\/media?parent=8553"}],"wp:term":[{"taxonomy":"product_brand","embeddable":true,"href":"https:\/\/sklep.thepartners.pl\/cs\/wp-json\/wp\/v2\/product_brand?post=8553"},{"taxonomy":"product_cat","embeddable":true,"href":"https:\/\/sklep.thepartners.pl\/cs\/wp-json\/wp\/v2\/product_cat?post=8553"},{"taxonomy":"product_tag","embeddable":true,"href":"https:\/\/sklep.thepartners.pl\/cs\/wp-json\/wp\/v2\/product_tag?post=8553"}],"curies":[{"name":"wp","href":"https:\/\/api.w.org\/{rel}","templated":true}]}}