{"id":8555,"date":"2024-11-28T12:08:00","date_gmt":"2024-11-28T11:08:00","guid":{"rendered":"https:\/\/sklep.thepartners.pl\/?post_type=product&#038;p=8555"},"modified":"2024-11-28T12:19:11","modified_gmt":"2024-11-28T11:19:11","slug":"ramova-hmozdinka-s-pozinkovanym-sroubem-s-kuzelovou-hlavou-r-ff1-10x140-mm-25-ks-kopia-2","status":"publish","type":"product","link":"https:\/\/sklep.thepartners.pl\/cs\/produkt\/ramova-hmozdinka-s-pozinkovanym-sroubem-s-kuzelovou-hlavou-r-ff1-10x140-mm-25-ks-kopia-2\/","title":{"rendered":"R\u00e1mov\u00e1 hmo\u017edinka s pozinkovan\u00fdm \u0161roubem se z\u00e1pustnou hlavou R-FF1 10&#215;240 mm &#8211; 25 ks"},"content":{"rendered":"<div class=\"flex max-w-full flex-col flex-grow\">\n<div class=\"min-h-8 text-message flex w-full flex-col items-end gap-2 whitespace-normal break-words [.text-message+&amp;]:mt-5\" dir=\"auto\" data-message-author-role=\"assistant\" data-message-id=\"f4f3a212-7187-4693-ae87-122770bc99b8\" data-message-model-slug=\"gpt-4o\">\n<div class=\"flex w-full flex-col gap-1 empty:hidden first:pt-[3px]\">\n<div class=\"markdown prose w-full break-words dark:prose-invert light\">\n<div class=\"flex max-w-full flex-col flex-grow\">\n<div class=\"min-h-8 text-message flex w-full flex-col items-end gap-2 whitespace-normal break-words [.text-message+&amp;]:mt-5\" dir=\"auto\" data-message-author-role=\"assistant\" data-message-id=\"7d496ef6-86ff-4a64-b7a8-31123714e1e6\" data-message-model-slug=\"gpt-4o\">\n<div class=\"flex w-full flex-col gap-1 empty:hidden first:pt-[3px]\">\n<div class=\"markdown prose w-full break-words dark:prose-invert light\">\n<p>R\u00e1mov\u00e1 hmo\u017edinka <strong>R-FF1 10&#215;240 mm<\/strong> s pozinkovan\u00fdm \u0161roubem se z\u00e1pustnou hlavou je kvalitn\u00ed upev\u0148ovac\u00ed prvek, kter\u00fd zaru\u010duje pevn\u00e9 a stabiln\u00ed kotven\u00ed ve stavebn\u00edch materi\u00e1lech. Pozinkovan\u00fd \u0161roub poskytuje vysokou odolnost v\u016f\u010di korozi a zaru\u010duje dlouhou \u017eivotnost.<\/p>\n<h4><strong>Vlastnosti:<\/strong><\/h4>\n<ul>\n<li><strong>Rozm\u011bry hmo\u017edinky:<\/strong> 10&#215;240 mm.<\/li>\n<li><strong>Barva:<\/strong> St\u0159\u00edbrn\u00e1.<\/li>\n<li><strong>Materi\u00e1l hmo\u017edinky:<\/strong> odoln\u00fd plast.<\/li>\n<li><strong>Materi\u00e1l \u0161roubu:<\/strong> pozinkovan\u00e1 ocel.<\/li>\n<li><strong>Typ \u0161roubu:<\/strong> z\u00e1pustn\u00e1 hlava.<\/li>\n<li><strong>Balen\u00ed:<\/strong> 25 ks.<\/li>\n<\/ul>\n<h4><strong>Pou\u017eit\u00ed:<\/strong><\/h4>\n<ul>\n<li>Instalace konstruk\u010dn\u00edch prvk\u016f do betonu, pln\u00fdch cihel a dut\u00fdch blok\u016f.<\/li>\n<li>Mont\u00e1\u017e okenn\u00edch a dve\u0159n\u00edch r\u00e1m\u016f.<\/li>\n<li>Vyu\u017eit\u00ed p\u0159i zateplovac\u00edch syst\u00e9mech a jin\u00fdch stavebn\u00edch prac\u00edch vy\u017eaduj\u00edc\u00edch hlubok\u00e9 ukotven\u00ed.<\/li>\n<\/ul>\n<h4><strong>V\u00fdhody:<\/strong><\/h4>\n<ul>\n<li>Vysok\u00e1 odolnost proti korozi.<\/li>\n<li>Hloubka ukotven\u00ed pro maxim\u00e1ln\u00ed stabilitu konstrukce.<\/li>\n<li>Snadn\u00e1 a rychl\u00e1 mont\u00e1\u017e.<\/li>\n<\/ul>\n<\/div>\n<\/div>\n<\/div>\n<\/div>\n<div class=\"mb-2 flex gap-3 empty:hidden -ml-2\">\n<div class=\"items-center justify-start rounded-xl p-1 flex\"><\/div>\n<\/div>\n<\/div>\n<\/div>\n<\/div>\n<\/div>\n","protected":false},"excerpt":{"rendered":"<p>R\u00e1mov\u00e1 hmo\u017edinka R-FF1 10&#215;240 mm s pozinkovan\u00fdm \u0161roubem se z\u00e1pustnou hlavou je kvalitn\u00ed upev\u0148ovac\u00ed prvek, kter\u00fd zaru\u010duje pevn\u00e9 a stabiln\u00ed<\/p>\n","protected":false},"featured_media":8454,"comment_status":"open","ping_status":"closed","template":"","meta":{"_acf_changed":false},"product_brand":[],"product_cat":[156,946,956],"product_tag":[],"class_list":{"0":"post-8555","1":"product","2":"type-product","3":"status-publish","4":"has-post-thumbnail","6":"product_cat-stavebni-materialy","7":"product_cat-sucha-vystavba","8":"product_cat-natloukaci-hmozdinky","9":"product_shipping_class-kurier-cs","10":"pa_producent-rawplug-cs","12":"first","13":"instock","14":"taxable","15":"shipping-taxable","16":"purchasable","17":"product-type-simple"},"acf":[],"_links":{"self":[{"href":"https:\/\/sklep.thepartners.pl\/cs\/wp-json\/wp\/v2\/product\/8555","targetHints":{"allow":["GET"]}}],"collection":[{"href":"https:\/\/sklep.thepartners.pl\/cs\/wp-json\/wp\/v2\/product"}],"about":[{"href":"https:\/\/sklep.thepartners.pl\/cs\/wp-json\/wp\/v2\/types\/product"}],"replies":[{"embeddable":true,"href":"https:\/\/sklep.thepartners.pl\/cs\/wp-json\/wp\/v2\/comments?post=8555"}],"wp:featuredmedia":[{"embeddable":true,"href":"https:\/\/sklep.thepartners.pl\/cs\/wp-json\/wp\/v2\/media\/8454"}],"wp:attachment":[{"href":"https:\/\/sklep.thepartners.pl\/cs\/wp-json\/wp\/v2\/media?parent=8555"}],"wp:term":[{"taxonomy":"product_brand","embeddable":true,"href":"https:\/\/sklep.thepartners.pl\/cs\/wp-json\/wp\/v2\/product_brand?post=8555"},{"taxonomy":"product_cat","embeddable":true,"href":"https:\/\/sklep.thepartners.pl\/cs\/wp-json\/wp\/v2\/product_cat?post=8555"},{"taxonomy":"product_tag","embeddable":true,"href":"https:\/\/sklep.thepartners.pl\/cs\/wp-json\/wp\/v2\/product_tag?post=8555"}],"curies":[{"name":"wp","href":"https:\/\/api.w.org\/{rel}","templated":true}]}}