{"id":8558,"date":"2024-11-28T12:20:12","date_gmt":"2024-11-28T11:20:12","guid":{"rendered":"https:\/\/sklep.thepartners.pl\/?post_type=product&#038;p=8558"},"modified":"2024-11-28T12:24:14","modified_gmt":"2024-11-28T11:24:14","slug":"ramova-hmozdinka-s-pozinkovanym-sroubem-s-kuzelovou-hlavou-r-ff1-10x140-mm-25-ks-kopia-3","status":"publish","type":"product","link":"https:\/\/sklep.thepartners.pl\/cs\/produkt\/ramova-hmozdinka-s-pozinkovanym-sroubem-s-kuzelovou-hlavou-r-ff1-10x140-mm-25-ks-kopia-3\/","title":{"rendered":"R\u00e1mov\u00e1 hmo\u017edinka s pozinkovan\u00fdm \u0161roubem se z\u00e1pustnou hlavou R-FF1 10&#215;300 mm &#8211; 10 ks"},"content":{"rendered":"<div class=\"flex max-w-full flex-col flex-grow\">\n<div class=\"min-h-8 text-message flex w-full flex-col items-end gap-2 whitespace-normal break-words [.text-message+&amp;]:mt-5\" dir=\"auto\" data-message-author-role=\"assistant\" data-message-id=\"f4f3a212-7187-4693-ae87-122770bc99b8\" data-message-model-slug=\"gpt-4o\">\n<div class=\"flex w-full flex-col gap-1 empty:hidden first:pt-[3px]\">\n<div class=\"markdown prose w-full break-words dark:prose-invert light\">\n<div class=\"flex max-w-full flex-col flex-grow\">\n<div class=\"min-h-8 text-message flex w-full flex-col items-end gap-2 whitespace-normal break-words [.text-message+&amp;]:mt-5\" dir=\"auto\" data-message-author-role=\"assistant\" data-message-id=\"7d496ef6-86ff-4a64-b7a8-31123714e1e6\" data-message-model-slug=\"gpt-4o\">\n<div class=\"flex w-full flex-col gap-1 empty:hidden first:pt-[3px]\">\n<div class=\"markdown prose w-full break-words dark:prose-invert light\">\n<p>R\u00e1mov\u00e1 hmo\u017edinka <strong>R-FF1 10&#215;300 mm<\/strong> s pozinkovan\u00fdm \u0161roubem se z\u00e1pustnou hlavou je ide\u00e1ln\u00ed \u0159e\u0161en\u00ed pro mont\u00e1\u017e konstruk\u010dn\u00edch prvk\u016f v pevn\u00fdch stavebn\u00edch materi\u00e1lech. D\u00edky prodlou\u017een\u00e9 d\u00e9lce hmo\u017edinky a \u0161roubu zaji\u0161\u0165uje maxim\u00e1ln\u00ed stabilitu a trvanlivost spojen\u00ed.<\/p>\n<h4><strong>Vlastnosti:<\/strong><\/h4>\n<ul>\n<li><strong>Rozm\u011bry hmo\u017edinky:<\/strong> 10&#215;300 mm.<\/li>\n<li><strong>Barva:<\/strong> St\u0159\u00edbrn\u00e1.<\/li>\n<li><strong>Materi\u00e1l hmo\u017edinky:<\/strong> vysoce odoln\u00fd plast.<\/li>\n<li><strong>Materi\u00e1l \u0161roubu:<\/strong> pozinkovan\u00e1 ocel.<\/li>\n<li><strong>Typ \u0161roubu:<\/strong> z\u00e1pustn\u00e1 hlava.<\/li>\n<li><strong>Balen\u00ed:<\/strong> 10 ks.<\/li>\n<\/ul>\n<h4><strong>Pou\u017eit\u00ed:<\/strong><\/h4>\n<ul>\n<li>Ukotven\u00ed konstrukc\u00ed do betonu, pln\u00fdch cihel a dut\u00fdch blok\u016f.<\/li>\n<li>Mont\u00e1\u017e r\u00e1m\u016f oken, dve\u0159\u00ed nebo fas\u00e1dn\u00edch syst\u00e9m\u016f.<\/li>\n<li>Vhodn\u00e9 pro aplikace vy\u017eaduj\u00edc\u00ed hlubok\u00e9 kotven\u00ed.<\/li>\n<\/ul>\n<h4><strong>V\u00fdhody:<\/strong><\/h4>\n<ul>\n<li>Ochrana proti korozi d\u00edky pozinkovan\u00e9mu povrchu.<\/li>\n<li>Hlubok\u00e9 ukotven\u00ed pro maxim\u00e1ln\u00ed stabilitu a bezpe\u010dnost.<\/li>\n<li>Vysok\u00e1 nosnost a trvanlivost spoj\u016f.<\/li>\n<\/ul>\n<\/div>\n<\/div>\n<\/div>\n<\/div>\n<div class=\"mb-2 flex gap-3 empty:hidden -ml-2\">\n<div class=\"items-center justify-start rounded-xl p-1 flex\"><\/div>\n<\/div>\n<\/div>\n<\/div>\n<\/div>\n<\/div>\n","protected":false},"excerpt":{"rendered":"<p>R\u00e1mov\u00e1 hmo\u017edinka R-FF1 10&#215;300 mm s pozinkovan\u00fdm \u0161roubem se z\u00e1pustnou hlavou je ide\u00e1ln\u00ed \u0159e\u0161en\u00ed pro mont\u00e1\u017e konstruk\u010dn\u00edch prvk\u016f v pevn\u00fdch<\/p>\n","protected":false},"featured_media":8454,"comment_status":"open","ping_status":"closed","template":"","meta":{"_acf_changed":false},"product_brand":[],"product_cat":[156,946,956],"product_tag":[],"class_list":{"0":"post-8558","1":"product","2":"type-product","3":"status-publish","4":"has-post-thumbnail","6":"product_cat-stavebni-materialy","7":"product_cat-sucha-vystavba","8":"product_cat-natloukaci-hmozdinky","9":"product_shipping_class-kurier-cs","10":"pa_producent-rawplug-cs","12":"first","13":"instock","14":"taxable","15":"shipping-taxable","16":"purchasable","17":"product-type-simple"},"acf":[],"_links":{"self":[{"href":"https:\/\/sklep.thepartners.pl\/cs\/wp-json\/wp\/v2\/product\/8558","targetHints":{"allow":["GET"]}}],"collection":[{"href":"https:\/\/sklep.thepartners.pl\/cs\/wp-json\/wp\/v2\/product"}],"about":[{"href":"https:\/\/sklep.thepartners.pl\/cs\/wp-json\/wp\/v2\/types\/product"}],"replies":[{"embeddable":true,"href":"https:\/\/sklep.thepartners.pl\/cs\/wp-json\/wp\/v2\/comments?post=8558"}],"wp:featuredmedia":[{"embeddable":true,"href":"https:\/\/sklep.thepartners.pl\/cs\/wp-json\/wp\/v2\/media\/8454"}],"wp:attachment":[{"href":"https:\/\/sklep.thepartners.pl\/cs\/wp-json\/wp\/v2\/media?parent=8558"}],"wp:term":[{"taxonomy":"product_brand","embeddable":true,"href":"https:\/\/sklep.thepartners.pl\/cs\/wp-json\/wp\/v2\/product_brand?post=8558"},{"taxonomy":"product_cat","embeddable":true,"href":"https:\/\/sklep.thepartners.pl\/cs\/wp-json\/wp\/v2\/product_cat?post=8558"},{"taxonomy":"product_tag","embeddable":true,"href":"https:\/\/sklep.thepartners.pl\/cs\/wp-json\/wp\/v2\/product_tag?post=8558"}],"curies":[{"name":"wp","href":"https:\/\/api.w.org\/{rel}","templated":true}]}}