{"id":8559,"date":"2024-11-28T11:32:16","date_gmt":"2024-11-28T10:32:16","guid":{"rendered":"https:\/\/sklep.thepartners.pl\/produkt\/blue-tasma-pakowa-pt-br-bdt40-48mmx60yd-36\/"},"modified":"2024-12-03T10:57:28","modified_gmt":"2024-12-03T09:57:28","slug":"blue-tasma-pakowa-pt-br-bdt40-48mmx60yd-36","status":"publish","type":"product","link":"https:\/\/sklep.thepartners.pl\/cs\/produkt\/blue-tasma-pakowa-pt-br-bdt40-48mmx60yd-36\/","title":{"rendered":"BLUE BALEN\u00cd p\u00e1ska PT (BR) [BDT40] 48mmx60yd (36)"},"content":{"rendered":"<p>PT (BR) balic\u00ed p\u00e1ska [BDT40] o \u0161\u00ed\u0159ce 48 mm a d\u00e9lce 60 yard\u016f (cca 54,86 m) je produkt ur\u010den\u00fd k zabezpe\u010den\u00ed bal\u00edk\u016f r\u016fzn\u00fdch hmotnost\u00ed. D\u00edky pevn\u00e9mu lepidlu a odoln\u00e9 polypropylenov\u00e9 f\u00f3lii zaji\u0161\u0165uje p\u00e1ska efektivn\u00ed uzav\u0159en\u00ed krabic a bal\u00edk\u016f, chr\u00e1n\u00ed je p\u0159i p\u0159eprav\u011b a skladov\u00e1n\u00ed.<\/p>\n<p><strong>Hlavn\u00ed vlastnosti produktu:<\/strong><\/p>\n<p><strong>Materi\u00e1l:<\/strong> Polypropylenov\u00e1 f\u00f3lie (PP)<br \/>\n<strong>Barva:<\/strong> Hn\u011bd\u00e1<br \/>\n<strong>\u0160\u00ed\u0159ka:<\/strong> 48 mm<br \/>\n<strong>D\u00e9lka:<\/strong> 60 yard\u016f (cca 54,86 m)<br \/>\n<strong>Pou\u017eit\u00ed:<\/strong> Ide\u00e1ln\u00ed pro lehk\u00e9 a st\u0159edn\u011b t\u011b\u017ek\u00e9 obaly<\/p>\n","protected":false},"excerpt":{"rendered":"<p><strong>Hlavn\u00ed vlastnosti produktu:<\/strong><\/p>\n<p><strong>Materi\u00e1l:<\/strong> Polypropylenov\u00e1 f\u00f3lie (PP)<br \/>\n<strong>Barva:<\/strong> Hn\u011bd\u00e1<br \/>\n<strong>\u0160\u00ed\u0159ka:<\/strong> 48 mm<br \/>\n<strong>D\u00e9lka:<\/strong> 60 yard\u016f (cca 54,86 m)<br \/>\n<strong>Pou\u017eit\u00ed:<\/strong> Ide\u00e1ln\u00ed pro lehk\u00e9 a st\u0159edn\u011b t\u011b\u017ek\u00e9 obaly<\/p>\n","protected":false},"featured_media":8547,"comment_status":"open","ping_status":"closed","template":"","meta":{"_acf_changed":false},"product_brand":[],"product_cat":[1022,1030],"product_tag":[],"class_list":{"0":"post-8559","1":"product","2":"type-product","3":"status-publish","4":"has-post-thumbnail","6":"product_cat-naradi","7":"product_cat-ostatni","8":"product_shipping_class-kurier-cs","9":"pa_producent-blue-dolphin","11":"first","12":"instock","13":"taxable","14":"shipping-taxable","15":"purchasable","16":"product-type-simple"},"acf":[],"_links":{"self":[{"href":"https:\/\/sklep.thepartners.pl\/cs\/wp-json\/wp\/v2\/product\/8559","targetHints":{"allow":["GET"]}}],"collection":[{"href":"https:\/\/sklep.thepartners.pl\/cs\/wp-json\/wp\/v2\/product"}],"about":[{"href":"https:\/\/sklep.thepartners.pl\/cs\/wp-json\/wp\/v2\/types\/product"}],"replies":[{"embeddable":true,"href":"https:\/\/sklep.thepartners.pl\/cs\/wp-json\/wp\/v2\/comments?post=8559"}],"wp:featuredmedia":[{"embeddable":true,"href":"https:\/\/sklep.thepartners.pl\/cs\/wp-json\/wp\/v2\/media\/8547"}],"wp:attachment":[{"href":"https:\/\/sklep.thepartners.pl\/cs\/wp-json\/wp\/v2\/media?parent=8559"}],"wp:term":[{"taxonomy":"product_brand","embeddable":true,"href":"https:\/\/sklep.thepartners.pl\/cs\/wp-json\/wp\/v2\/product_brand?post=8559"},{"taxonomy":"product_cat","embeddable":true,"href":"https:\/\/sklep.thepartners.pl\/cs\/wp-json\/wp\/v2\/product_cat?post=8559"},{"taxonomy":"product_tag","embeddable":true,"href":"https:\/\/sklep.thepartners.pl\/cs\/wp-json\/wp\/v2\/product_tag?post=8559"}],"curies":[{"name":"wp","href":"https:\/\/api.w.org\/{rel}","templated":true}]}}