{"id":8561,"date":"2024-11-28T12:38:46","date_gmt":"2024-11-28T11:38:46","guid":{"rendered":"https:\/\/sklep.thepartners.pl\/?post_type=product&#038;p=8561"},"modified":"2024-11-28T12:41:13","modified_gmt":"2024-11-28T11:41:13","slug":"ramova-hmozdinka-s-limcem-a-pozinkovanym-sroubem-s-sestihrannou-hlavou-r-ff1-10x200-mm-25-ks-kopia","status":"publish","type":"product","link":"https:\/\/sklep.thepartners.pl\/cs\/produkt\/ramova-hmozdinka-s-limcem-a-pozinkovanym-sroubem-s-sestihrannou-hlavou-r-ff1-10x200-mm-25-ks-kopia\/","title":{"rendered":"R\u00e1mov\u00e1 hmo\u017edinka s ko\u013eajn\u00fdm l\u00edmcom a pozinkovan\u00fdm \u0161roubem s hexagon\u00e1lnou hlavou R-FF1 10&#215;100 mm &#8211; 25 ks"},"content":{"rendered":"<div class=\"flex max-w-full flex-col flex-grow\">\n<div class=\"min-h-8 text-message flex w-full flex-col items-end gap-2 whitespace-normal break-words [.text-message+&amp;]:mt-5\" dir=\"auto\" data-message-author-role=\"assistant\" data-message-id=\"a6705653-516c-43a1-aaa1-b1df4b55e21c\" data-message-model-slug=\"gpt-4o-mini\">\n<div class=\"flex w-full flex-col gap-1 empty:hidden first:pt-[3px]\">\n<div class=\"markdown prose w-full break-words dark:prose-invert light\">\n<p>R\u00e1mov\u00e1 hmo\u017edinka <strong>R-FF1 10&#215;100 mm<\/strong> s ko\u013eajn\u00fdm l\u00edmcom a pozinkovan\u00fdm \u0161roubem s hexagon\u00e1lnou hlavou je ide\u00e1lny mont\u00e1\u017eny prvok na upevnenie kon\u0161trukci\u00ed v n\u00e1ro\u010dn\u00fdch stavebn\u00fdch materi\u00e1loch. Tento produkt zaru\u010duje vysok\u00fa stabilitu a silu spojov a jeho ko\u013eajnicov\u00fd l\u00edmec zais\u0165uje pevn\u00fa a stabiln\u00fa in\u0161tal\u00e1ciu.<\/p>\n<h4><strong>Vlastnosti:<\/strong><\/h4>\n<ul>\n<li><strong>Rozmery hmo\u017edinky:<\/strong> 10&#215;100 mm.<\/li>\n<li><strong>Farba:<\/strong> Strieborn\u00e1.<\/li>\n<li><strong>Materi\u00e1l hmo\u017edinky:<\/strong> vysoko kvalitn\u00fd plast.<\/li>\n<li><strong>Materi\u00e1l \u0161roubu:<\/strong> pozinkovan\u00e1 oce\u013e.<\/li>\n<li><strong>Typ \u0161roubu:<\/strong> hexagon\u00e1lna hlava.<\/li>\n<li><strong>Balenie:<\/strong> 25 ks.<\/li>\n<\/ul>\n<h4><strong>Pou\u017eitie:<\/strong><\/h4>\n<ul>\n<li>Upevnenie kon\u0161trukci\u00ed do bet\u00f3nu, pln\u00fdch teh\u00e1l alebo dut\u00fdch blokov.<\/li>\n<li>Mont\u00e1\u017e r\u00e1mov okien, dver\u00ed alebo fas\u00e1dnych syst\u00e9mov.<\/li>\n<li>Vhodn\u00e9 pre aplik\u00e1cie, ktor\u00e9 vy\u017eaduj\u00fa vysok\u00fa pevnos\u0165 a stabilitu.<\/li>\n<\/ul>\n<h4><strong>V\u00fdhody:<\/strong><\/h4>\n<ul>\n<li>Odolnos\u0165 proti kor\u00f3zii v\u010faka pozinkovan\u00e9mu povrchu.<\/li>\n<li>Ko\u013eajnicov\u00fd l\u00edmec zabezpe\u010duje pevn\u00fa a stabiln\u00fa in\u0161tal\u00e1ciu.<\/li>\n<li>Vhodn\u00e9 pre aplik\u00e1cie s vysok\u00fdmi n\u00e1rokmi na nosnos\u0165 a stabilitu spojov.<\/li>\n<\/ul>\n<\/div>\n<\/div>\n<\/div>\n<\/div>\n<div class=\"mb-2 flex gap-3 empty:hidden -ml-2\">\n<div class=\"items-center justify-start rounded-xl p-1 flex\"><\/div>\n<\/div>\n","protected":false},"excerpt":{"rendered":"<p>R\u00e1mov\u00e1 hmo\u017edinka R-FF1 10&#215;100 mm s ko\u013eajn\u00fdm l\u00edmcom a pozinkovan\u00fdm \u0161roubem s hexagon\u00e1lnou hlavou je ide\u00e1lny mont\u00e1\u017eny prvok na upevnenie<\/p>\n","protected":false},"featured_media":8500,"comment_status":"open","ping_status":"closed","template":"","meta":{"_acf_changed":false},"product_brand":[],"product_cat":[156,946,956],"product_tag":[],"class_list":{"0":"post-8561","1":"product","2":"type-product","3":"status-publish","4":"has-post-thumbnail","6":"product_cat-stavebni-materialy","7":"product_cat-sucha-vystavba","8":"product_cat-natloukaci-hmozdinky","9":"product_shipping_class-kurier-cs","10":"pa_producent-rawplug-cs","12":"first","13":"instock","14":"taxable","15":"shipping-taxable","16":"purchasable","17":"product-type-simple"},"acf":[],"_links":{"self":[{"href":"https:\/\/sklep.thepartners.pl\/cs\/wp-json\/wp\/v2\/product\/8561","targetHints":{"allow":["GET"]}}],"collection":[{"href":"https:\/\/sklep.thepartners.pl\/cs\/wp-json\/wp\/v2\/product"}],"about":[{"href":"https:\/\/sklep.thepartners.pl\/cs\/wp-json\/wp\/v2\/types\/product"}],"replies":[{"embeddable":true,"href":"https:\/\/sklep.thepartners.pl\/cs\/wp-json\/wp\/v2\/comments?post=8561"}],"wp:featuredmedia":[{"embeddable":true,"href":"https:\/\/sklep.thepartners.pl\/cs\/wp-json\/wp\/v2\/media\/8500"}],"wp:attachment":[{"href":"https:\/\/sklep.thepartners.pl\/cs\/wp-json\/wp\/v2\/media?parent=8561"}],"wp:term":[{"taxonomy":"product_brand","embeddable":true,"href":"https:\/\/sklep.thepartners.pl\/cs\/wp-json\/wp\/v2\/product_brand?post=8561"},{"taxonomy":"product_cat","embeddable":true,"href":"https:\/\/sklep.thepartners.pl\/cs\/wp-json\/wp\/v2\/product_cat?post=8561"},{"taxonomy":"product_tag","embeddable":true,"href":"https:\/\/sklep.thepartners.pl\/cs\/wp-json\/wp\/v2\/product_tag?post=8561"}],"curies":[{"name":"wp","href":"https:\/\/api.w.org\/{rel}","templated":true}]}}