{"id":8563,"date":"2024-11-28T12:42:10","date_gmt":"2024-11-28T11:42:10","guid":{"rendered":"https:\/\/sklep.thepartners.pl\/produkt\/blue-tasma-pakowa-pt-tr-48mm-x-132yd-36\/"},"modified":"2025-03-05T14:39:01","modified_gmt":"2025-03-05T13:39:01","slug":"blue-tasma-pakowa-pt-tr-48mm-x-132yd-36","status":"publish","type":"product","link":"https:\/\/sklep.thepartners.pl\/cs\/produkt\/blue-tasma-pakowa-pt-tr-48mm-x-132yd-36\/","title":{"rendered":"BLUE Balic\u00ed p\u00e1ska PT (TR) 48mm x 132yd (36)"},"content":{"rendered":"<p>Pr\u016fhledn\u00e1 balic\u00ed p\u00e1ska BLUE DOLPHIN o \u0161\u00ed\u0159ce 48 mm a d\u00e9lce 132 yard\u016f (p\u0159ibli\u017en\u011b 120,7 metr\u016f) je spolehliv\u00fdm \u0159e\u0161en\u00edm pro zabezpe\u010den\u00ed r\u016fzn\u00fdch obal\u016f. D\u00edky sv\u00e9 pr\u016fhlednosti umo\u017e\u0148uje estetick\u00e9 balen\u00ed bez zakr\u00fdv\u00e1n\u00ed d\u016fle\u017eit\u00fdch informac\u00ed na obalu.<\/p>\n<p>Hlavn\u00ed vlastnosti produktu:<\/p>\n<p>Materi\u00e1l: Polypropylenov\u00e1 f\u00f3lie (PP)<br \/>\nBarva: Transparentn\u00ed<br \/>\n\u0160\u00ed\u0159ka: 48 mm<br \/>\nD\u00e9lka: 132 yard\u016f (cca 120,7 m)<\/p>\n<p>P\u00e1ska se vyzna\u010duje vysokou p\u0159ilnavost\u00ed a odolnost\u00ed v tahu, co\u017e zaji\u0161\u0165uje \u00fa\u010dinnou ochranu bal\u00edk\u016f p\u0159i p\u0159eprav\u011b a skladov\u00e1n\u00ed. Pr\u016fhledn\u00e1 struktura umo\u017e\u0148uje \u010ditelnost etiket a ozna\u010den\u00ed na obalech.<\/p>\n","protected":false},"excerpt":{"rendered":"<p><strong>Hlavn\u00ed vlastnosti produktu:<\/strong><\/p>\n<p>Materi\u00e1l: Polypropylenov\u00e1 f\u00f3lie (PP)<br \/>\nBarva: Transparentn\u00ed<br \/>\n\u0160\u00ed\u0159ka: 48 mm<br \/>\nD\u00e9lka: 132 yard\u016f (cca 120,7 m)<\/p>\n<p>&nbsp;<\/p>\n","protected":false},"featured_media":8547,"comment_status":"open","ping_status":"closed","template":"","meta":{"_acf_changed":false},"product_brand":[],"product_cat":[1022,1030],"product_tag":[],"class_list":{"0":"post-8563","1":"product","2":"type-product","3":"status-publish","4":"has-post-thumbnail","6":"product_cat-naradi","7":"product_cat-ostatni","8":"product_shipping_class-kurier-cs","9":"pa_producent-blue-dolphin","11":"first","12":"instock","13":"taxable","14":"shipping-taxable","15":"purchasable","16":"product-type-simple"},"acf":[],"_links":{"self":[{"href":"https:\/\/sklep.thepartners.pl\/cs\/wp-json\/wp\/v2\/product\/8563","targetHints":{"allow":["GET"]}}],"collection":[{"href":"https:\/\/sklep.thepartners.pl\/cs\/wp-json\/wp\/v2\/product"}],"about":[{"href":"https:\/\/sklep.thepartners.pl\/cs\/wp-json\/wp\/v2\/types\/product"}],"replies":[{"embeddable":true,"href":"https:\/\/sklep.thepartners.pl\/cs\/wp-json\/wp\/v2\/comments?post=8563"}],"wp:featuredmedia":[{"embeddable":true,"href":"https:\/\/sklep.thepartners.pl\/cs\/wp-json\/wp\/v2\/media\/8547"}],"wp:attachment":[{"href":"https:\/\/sklep.thepartners.pl\/cs\/wp-json\/wp\/v2\/media?parent=8563"}],"wp:term":[{"taxonomy":"product_brand","embeddable":true,"href":"https:\/\/sklep.thepartners.pl\/cs\/wp-json\/wp\/v2\/product_brand?post=8563"},{"taxonomy":"product_cat","embeddable":true,"href":"https:\/\/sklep.thepartners.pl\/cs\/wp-json\/wp\/v2\/product_cat?post=8563"},{"taxonomy":"product_tag","embeddable":true,"href":"https:\/\/sklep.thepartners.pl\/cs\/wp-json\/wp\/v2\/product_tag?post=8563"}],"curies":[{"name":"wp","href":"https:\/\/api.w.org\/{rel}","templated":true}]}}