{"id":8572,"date":"2024-11-29T12:49:36","date_gmt":"2024-11-29T11:49:36","guid":{"rendered":"https:\/\/sklep.thepartners.pl\/?post_type=product&#038;p=8572"},"modified":"2024-12-03T11:48:23","modified_gmt":"2024-12-03T10:48:23","slug":"tasma-tynkarska-48mm-x-20m-blue-dolphin","status":"publish","type":"product","link":"https:\/\/sklep.thepartners.pl\/cs\/produkt\/tasma-tynkarska-48mm-x-20m-blue-dolphin\/","title":{"rendered":"S\u00c1DROVAC\u00cd P\u00c1SKA  48mm x 20m Blue Dolphin"},"content":{"rendered":"<p><strong>S\u00c1DROVAC\u00cd P\u00c1SKA 48mm x 20m Blue Dolphin <\/strong>je specializovan\u00e1 p\u00e1ska ur\u010den\u00e1 k ochran\u011b drsn\u00fdch a n\u00e1ro\u010dn\u00fdch povrch\u016f jako je om\u00edtka, k\u00e1men, beton nebo cihla. Je ide\u00e1ln\u00ed pro nan\u00e1\u0161en\u00ed om\u00edtky a nat\u00edr\u00e1n\u00ed dvou om\u00edtkov\u00fdch struktur.<\/p>\n<p><strong>Kl\u00ed\u010dov\u00e9 vlastnosti:<\/strong><\/p>\n<p>\u0160\u00ed\u0159ka: 48 mm<br \/>\nD\u00e9lka: 20 m<br \/>\nBarva: Oran\u017eov\u00e1<br \/>\nLepidlo: Speci\u00e1ln\u011b upraven\u00e9 tak, aby poskytovalo \u010dist\u00e9 barevn\u00e9 \u0159ezn\u00e9 hrany<br \/>\nOdolnost: Vysok\u00e1 odolnost proti mechanick\u00e9mu po\u0161kozen\u00ed<\/p>\n","protected":false},"excerpt":{"rendered":"<p><strong>Kl\u00ed\u010dov\u00e9 vlastnosti:<\/strong><\/p>\n<p>\u0160\u00ed\u0159ka: 48 mm<br \/>\nD\u00e9lka: 20 m<br \/>\nBarva: Oran\u017eov\u00e1<br \/>\nLepidlo: Speci\u00e1ln\u011b upraven\u00e9 tak, aby poskytovalo \u010dist\u00e9 barevn\u00e9 \u0159ezn\u00e9 hrany<br \/>\nOdolnost: Vysok\u00e1 odolnost proti mechanick\u00e9mu po\u0161kozen\u00ed<\/p>\n","protected":false},"featured_media":8571,"comment_status":"open","ping_status":"closed","template":"","meta":{"_acf_changed":false},"product_brand":[],"product_cat":[162,1159],"product_tag":[],"class_list":{"0":"post-8572","1":"product","2":"type-product","3":"status-publish","4":"has-post-thumbnail","6":"product_cat-micharna-barev-a-omitek","7":"product_cat-malirske-doplnky","8":"product_shipping_class-kurier-cs","9":"pa_producent-blue-dolphin","11":"first","12":"instock","13":"taxable","14":"shipping-taxable","15":"purchasable","16":"product-type-simple"},"acf":[],"_links":{"self":[{"href":"https:\/\/sklep.thepartners.pl\/cs\/wp-json\/wp\/v2\/product\/8572","targetHints":{"allow":["GET"]}}],"collection":[{"href":"https:\/\/sklep.thepartners.pl\/cs\/wp-json\/wp\/v2\/product"}],"about":[{"href":"https:\/\/sklep.thepartners.pl\/cs\/wp-json\/wp\/v2\/types\/product"}],"replies":[{"embeddable":true,"href":"https:\/\/sklep.thepartners.pl\/cs\/wp-json\/wp\/v2\/comments?post=8572"}],"wp:featuredmedia":[{"embeddable":true,"href":"https:\/\/sklep.thepartners.pl\/cs\/wp-json\/wp\/v2\/media\/8571"}],"wp:attachment":[{"href":"https:\/\/sklep.thepartners.pl\/cs\/wp-json\/wp\/v2\/media?parent=8572"}],"wp:term":[{"taxonomy":"product_brand","embeddable":true,"href":"https:\/\/sklep.thepartners.pl\/cs\/wp-json\/wp\/v2\/product_brand?post=8572"},{"taxonomy":"product_cat","embeddable":true,"href":"https:\/\/sklep.thepartners.pl\/cs\/wp-json\/wp\/v2\/product_cat?post=8572"},{"taxonomy":"product_tag","embeddable":true,"href":"https:\/\/sklep.thepartners.pl\/cs\/wp-json\/wp\/v2\/product_tag?post=8572"}],"curies":[{"name":"wp","href":"https:\/\/api.w.org\/{rel}","templated":true}]}}