{"id":8587,"date":"2024-12-02T08:50:58","date_gmt":"2024-12-02T07:50:58","guid":{"rendered":"https:\/\/sklep.thepartners.pl\/produkt\/tasma-uniwersalna-szara-48-mm-x-50-m-dt-st-blue-dolphin\/"},"modified":"2024-12-03T12:08:10","modified_gmt":"2024-12-03T11:08:10","slug":"tasma-uniwersalna-szara-48-mm-x-50-m-dt-st-blue-dolphin","status":"publish","type":"product","link":"https:\/\/sklep.thepartners.pl\/cs\/produkt\/tasma-uniwersalna-szara-48-mm-x-50-m-dt-st-blue-dolphin\/","title":{"rendered":"\u0160ed\u00e1 univerz\u00e1ln\u00ed p\u00e1ska 48 mm x 50 m DT-ST Blue Dolphin"},"content":{"rendered":"<p><strong>Univerz\u00e1ln\u00ed \u0161ed\u00e1 p\u00e1ska 48 mm x 50 m DT-ST Blue Dolphin<\/strong> je v\u0161estrann\u00fd produkt ur\u010den\u00fd pro r\u016fzn\u00e9 opravy a mont\u00e1\u017ee. D\u00edky sv\u00e9 odolnosti a skv\u011bl\u00e9 p\u0159ilnavosti je nenahraditeln\u00fd jak p\u0159i profesion\u00e1ln\u00edch stavebn\u00edch prac\u00edch, tak p\u0159i dom\u00e1c\u00edch oprav\u00e1ch.<\/p>\n<p><strong>Kl\u00ed\u010dov\u00e9 vlastnosti:<\/strong><\/p>\n<p><strong>\u0160\u00ed\u0159ka:<\/strong> 48 mm<br \/>\n<strong>D\u00e9lka:<\/strong> 50 m<br \/>\n<strong>Barva:<\/strong> \u0160ed\u00e1<br \/>\n<strong>Materi\u00e1l:<\/strong> Siln\u00fd v\u00edcevrstv\u00fd podklad<br \/>\n<strong>\u00da\u010del pou\u017eit\u00ed:<\/strong> Pro vnit\u0159n\u00ed i vn\u011bj\u0161\u00ed pou\u017eit\u00ed<\/p>\n","protected":false},"excerpt":{"rendered":"<p><strong>Kl\u00ed\u010dov\u00e9 vlastnosti:<\/strong><\/p>\n<p><strong>\u0160\u00ed\u0159ka:<\/strong> 48 mm<br \/>\n<strong>D\u00e9lka:<\/strong> 50 m<br \/>\n<strong>Barva:<\/strong> \u0160ed\u00e1<br \/>\n<strong>Materi\u00e1l:<\/strong> Siln\u00fd v\u00edcevrstv\u00fd podklad<br \/>\n<strong>\u00da\u010del pou\u017eit\u00ed:<\/strong> Pro vnit\u0159n\u00ed i vn\u011bj\u0161\u00ed pou\u017eit\u00ed<\/p>\n","protected":false},"featured_media":8586,"comment_status":"open","ping_status":"closed","template":"","meta":{"_acf_changed":false},"product_brand":[],"product_cat":[1022,1030],"product_tag":[],"class_list":{"0":"post-8587","1":"product","2":"type-product","3":"status-publish","4":"has-post-thumbnail","6":"product_cat-naradi","7":"product_cat-ostatni","8":"product_shipping_class-kurier-cs","9":"pa_producent-blue-dolphin","11":"first","12":"instock","13":"taxable","14":"shipping-taxable","15":"purchasable","16":"product-type-simple"},"acf":[],"_links":{"self":[{"href":"https:\/\/sklep.thepartners.pl\/cs\/wp-json\/wp\/v2\/product\/8587","targetHints":{"allow":["GET"]}}],"collection":[{"href":"https:\/\/sklep.thepartners.pl\/cs\/wp-json\/wp\/v2\/product"}],"about":[{"href":"https:\/\/sklep.thepartners.pl\/cs\/wp-json\/wp\/v2\/types\/product"}],"replies":[{"embeddable":true,"href":"https:\/\/sklep.thepartners.pl\/cs\/wp-json\/wp\/v2\/comments?post=8587"}],"wp:featuredmedia":[{"embeddable":true,"href":"https:\/\/sklep.thepartners.pl\/cs\/wp-json\/wp\/v2\/media\/8586"}],"wp:attachment":[{"href":"https:\/\/sklep.thepartners.pl\/cs\/wp-json\/wp\/v2\/media?parent=8587"}],"wp:term":[{"taxonomy":"product_brand","embeddable":true,"href":"https:\/\/sklep.thepartners.pl\/cs\/wp-json\/wp\/v2\/product_brand?post=8587"},{"taxonomy":"product_cat","embeddable":true,"href":"https:\/\/sklep.thepartners.pl\/cs\/wp-json\/wp\/v2\/product_cat?post=8587"},{"taxonomy":"product_tag","embeddable":true,"href":"https:\/\/sklep.thepartners.pl\/cs\/wp-json\/wp\/v2\/product_tag?post=8587"}],"curies":[{"name":"wp","href":"https:\/\/api.w.org\/{rel}","templated":true}]}}