{"id":8635,"date":"2024-12-04T10:06:52","date_gmt":"2024-12-04T09:06:52","guid":{"rendered":"https:\/\/sklep.thepartners.pl\/produkt\/k-0102-paca-styropianowa-140x500\/"},"modified":"2024-12-12T10:15:47","modified_gmt":"2024-12-12T09:15:47","slug":"k-0102-paca-styropianowa-140x500","status":"publish","type":"product","link":"https:\/\/sklep.thepartners.pl\/cs\/produkt\/k-0102-paca-styropianowa-140x500\/","title":{"rendered":"K.0102 Polystyrenov\u00e1 st\u011brka 140&#215;500"},"content":{"rendered":"<p><strong>Polystyrenov\u00e1 st\u011brka Kubala 0102 <\/strong>o rozm\u011brech 140 x 500 mm je n\u00e1stroj ur\u010den\u00fd pro st\u011brkov\u00e1n\u00ed cementov\u00fdch a v\u00e1penn\u00fdch om\u00edtek. Vyrobeno z tvrd\u00e9ho polystyrenu s objemovou hodnotou po nap\u011bn\u011bn\u00ed 200 g\/l, co\u017e zaji\u0161\u0165uje jeho vysokou pevnost a odolnost proti od\u011bru.<\/p>\n<p><strong>Specifikace:<\/strong><\/p>\n<p><strong>Materi\u00e1l:<\/strong> Tvrd\u00fd polystyren<br \/>\n<strong>Rozm\u011bry:<\/strong> 140 x 500 mm<br \/>\n<strong>Pou\u017eit\u00ed:<\/strong> St\u011brkov\u00e1n\u00ed v\u00e1peno-cementov\u00fdch om\u00edtek<\/p>\n","protected":false},"excerpt":{"rendered":"<p><strong>Specifikace:<\/strong><\/p>\n<p><strong>Materi\u00e1l:<\/strong> Tvrd\u00fd polystyren<br \/>\n<strong>Rozm\u011bry:<\/strong> 140 x 500 mm<br \/>\n<strong>Pou\u017eit\u00ed:<\/strong> St\u011brkov\u00e1n\u00ed v\u00e1peno-cementov\u00fdch om\u00edtek<\/p>\n","protected":false},"featured_media":8634,"comment_status":"open","ping_status":"closed","template":"","meta":{"_acf_changed":false},"product_brand":[],"product_cat":[1022,1023],"product_tag":[],"class_list":{"0":"post-8635","1":"product","2":"type-product","3":"status-publish","4":"has-post-thumbnail","6":"product_cat-naradi","7":"product_cat-rucni-naradi","8":"product_shipping_class-kurier-cs","9":"pa_producent-kubala-cs","11":"first","12":"instock","13":"taxable","14":"shipping-taxable","15":"purchasable","16":"product-type-simple"},"acf":[],"_links":{"self":[{"href":"https:\/\/sklep.thepartners.pl\/cs\/wp-json\/wp\/v2\/product\/8635","targetHints":{"allow":["GET"]}}],"collection":[{"href":"https:\/\/sklep.thepartners.pl\/cs\/wp-json\/wp\/v2\/product"}],"about":[{"href":"https:\/\/sklep.thepartners.pl\/cs\/wp-json\/wp\/v2\/types\/product"}],"replies":[{"embeddable":true,"href":"https:\/\/sklep.thepartners.pl\/cs\/wp-json\/wp\/v2\/comments?post=8635"}],"wp:featuredmedia":[{"embeddable":true,"href":"https:\/\/sklep.thepartners.pl\/cs\/wp-json\/wp\/v2\/media\/8634"}],"wp:attachment":[{"href":"https:\/\/sklep.thepartners.pl\/cs\/wp-json\/wp\/v2\/media?parent=8635"}],"wp:term":[{"taxonomy":"product_brand","embeddable":true,"href":"https:\/\/sklep.thepartners.pl\/cs\/wp-json\/wp\/v2\/product_brand?post=8635"},{"taxonomy":"product_cat","embeddable":true,"href":"https:\/\/sklep.thepartners.pl\/cs\/wp-json\/wp\/v2\/product_cat?post=8635"},{"taxonomy":"product_tag","embeddable":true,"href":"https:\/\/sklep.thepartners.pl\/cs\/wp-json\/wp\/v2\/product_tag?post=8635"}],"curies":[{"name":"wp","href":"https:\/\/api.w.org\/{rel}","templated":true}]}}