{"id":8641,"date":"2024-12-04T11:25:54","date_gmt":"2024-12-04T10:25:54","guid":{"rendered":"https:\/\/sklep.thepartners.pl\/produkt\/k-0105-paca-styropianowa-18-x-32-cm\/"},"modified":"2024-12-12T10:40:33","modified_gmt":"2024-12-12T09:40:33","slug":"k-0105-paca-styropianowa-18-x-32-cm","status":"publish","type":"product","link":"https:\/\/sklep.thepartners.pl\/cs\/produkt\/k-0105-paca-styropianowa-18-x-32-cm\/","title":{"rendered":"K.0105 Polystyrenov\u00e1 st\u011brka 18 x 32 cm"},"content":{"rendered":"<p><strong>Polystyr\u00e9nov\u00e1 st\u011brka 18 x 32 cm je lehk\u00e1 a praktick\u00e1 pom\u016fcka ur\u010den\u00e1 ke st\u011brkov\u00e1n\u00ed, nivelaci a hlazen\u00ed om\u00edtek. Vyrobeno z vysoce kvalitn\u00edho lisovan\u00e9ho polystyrenu s kompaktn\u00ed strukturou, zaji\u0161\u0165uje odpov\u00eddaj\u00edc\u00ed tvrdost p\u0159i zachov\u00e1n\u00ed pru\u017enosti, co\u017e usnad\u0148uje pr\u00e1ci na r\u016fzn\u00fdch povr\u0161\u00edch.<\/strong><\/p>\n<p><strong>Specifikace:<\/strong><\/p>\n<p><strong>Materi\u00e1l:<\/strong> Stla\u010den\u00fd polystyren<br \/>\n<strong>Rozm\u011bry:<\/strong> 18 x 32 cm<br \/>\n<strong>Pou\u017eit\u00ed:<\/strong> St\u011brkov\u00e1n\u00ed, vyrovn\u00e1v\u00e1n\u00ed a vyhlazov\u00e1n\u00ed om\u00edtek<br \/>\n<strong>Rukoje\u0165:<\/strong> Ergonomick\u00e1, zaji\u0161\u0165uj\u00edc\u00ed pohodl\u00ed p\u0159i pou\u017e\u00edv\u00e1n\u00ed<\/p>\n","protected":false},"excerpt":{"rendered":"<p><strong>Specifikace:<\/strong><\/p>\n<p><strong>Materi\u00e1l:<\/strong> Stla\u010den\u00fd polystyren<br \/>\n<strong>Rozm\u011bry:<\/strong> 18 x 32 cm<br \/>\n<strong>Pou\u017eit\u00ed:<\/strong> St\u011brkov\u00e1n\u00ed, vyrovn\u00e1v\u00e1n\u00ed a vyhlazov\u00e1n\u00ed om\u00edtek<br \/>\n<strong>Rukoje\u0165:<\/strong> Ergonomick\u00e1, zaji\u0161\u0165uj\u00edc\u00ed pohodl\u00ed p\u0159i pou\u017e\u00edv\u00e1n\u00ed<\/p>\n","protected":false},"featured_media":8640,"comment_status":"open","ping_status":"closed","template":"","meta":{"_acf_changed":false},"product_brand":[],"product_cat":[1022,1023],"product_tag":[],"class_list":{"0":"post-8641","1":"product","2":"type-product","3":"status-publish","4":"has-post-thumbnail","6":"product_cat-naradi","7":"product_cat-rucni-naradi","8":"product_shipping_class-kurier-cs","9":"pa_producent-kubala-cs","11":"first","12":"instock","13":"taxable","14":"shipping-taxable","15":"purchasable","16":"product-type-simple"},"acf":[],"_links":{"self":[{"href":"https:\/\/sklep.thepartners.pl\/cs\/wp-json\/wp\/v2\/product\/8641","targetHints":{"allow":["GET"]}}],"collection":[{"href":"https:\/\/sklep.thepartners.pl\/cs\/wp-json\/wp\/v2\/product"}],"about":[{"href":"https:\/\/sklep.thepartners.pl\/cs\/wp-json\/wp\/v2\/types\/product"}],"replies":[{"embeddable":true,"href":"https:\/\/sklep.thepartners.pl\/cs\/wp-json\/wp\/v2\/comments?post=8641"}],"wp:featuredmedia":[{"embeddable":true,"href":"https:\/\/sklep.thepartners.pl\/cs\/wp-json\/wp\/v2\/media\/8640"}],"wp:attachment":[{"href":"https:\/\/sklep.thepartners.pl\/cs\/wp-json\/wp\/v2\/media?parent=8641"}],"wp:term":[{"taxonomy":"product_brand","embeddable":true,"href":"https:\/\/sklep.thepartners.pl\/cs\/wp-json\/wp\/v2\/product_brand?post=8641"},{"taxonomy":"product_cat","embeddable":true,"href":"https:\/\/sklep.thepartners.pl\/cs\/wp-json\/wp\/v2\/product_cat?post=8641"},{"taxonomy":"product_tag","embeddable":true,"href":"https:\/\/sklep.thepartners.pl\/cs\/wp-json\/wp\/v2\/product_tag?post=8641"}],"curies":[{"name":"wp","href":"https:\/\/api.w.org\/{rel}","templated":true}]}}