{"id":8646,"date":"2024-12-04T15:14:41","date_gmt":"2024-12-04T14:14:41","guid":{"rendered":"https:\/\/sklep.thepartners.pl\/produkt\/paca-nierdzewna-130-x-270-mm-z-zebem-polokraglym-model-k-0267\/"},"modified":"2024-12-13T09:16:34","modified_gmt":"2024-12-13T08:16:34","slug":"paca-nierdzewna-130-x-270-mm-z-zebem-polokraglym-model-k-0267","status":"publish","type":"product","link":"https:\/\/sklep.thepartners.pl\/cs\/produkt\/paca-nierdzewna-130-x-270-mm-z-zebem-polokraglym-model-k-0267\/","title":{"rendered":"Paca nerezov\u00e9 130 x 270 mm s p\u016flkulat\u00fdm zubem (model K.0267)"},"content":{"rendered":"<p><strong>Nerezov\u00e9 hlad\u00edtko 130 x 270 mm s p\u016flkulat\u00fdm zubem (model K.0267)<\/strong> je profesion\u00e1ln\u00ed n\u00e1stroj ur\u010den\u00fd pro nan\u00e1\u0161en\u00ed samost\u00e9kav\u00fdch, silnovrstv\u00fdch a deformovateln\u00fdch lepidel na velkoform\u00e1tov\u00e9 dla\u017edice. Vyrobeno z vysoce kvalitn\u00ed nerezov\u00e9 oceli, zaji\u0161\u0165uje trvanlivost a odolnost proti korozi. Ergonomick\u00e1 rukoje\u0165 3K soft MASTER LINE zaru\u010duje komfort pr\u00e1ce i p\u0159i dlouhodob\u00e9m pou\u017e\u00edv\u00e1n\u00ed.<\/p>\n<p><strong>Specifikace:<\/strong><\/p>\n<p><strong>Materi\u00e1l:<\/strong> Nerezov\u00e1 ocel<br \/>\n<strong>Rozm\u011bry:<\/strong> 130 x 270 mm<br \/>\n<strong>Typ zubu:<\/strong> P\u016flkulat\u00fd<br \/>\n<strong>Rukoje\u0165:<\/strong> Ergonomick\u00e1 3K soft MASTER LINE<\/p>\n","protected":false},"excerpt":{"rendered":"<p><strong>Specifikace:<\/strong><\/p>\n<p><strong>Materi\u00e1l:<\/strong> Nerezov\u00e1 ocel<br \/>\n<strong>Rozm\u011bry:<\/strong> 130 x 270 mm<br \/>\n<strong>Typ zubu:<\/strong> P\u016flkulat\u00fd<br \/>\n<strong>Rukoje\u0165:<\/strong> Ergonomick\u00e1 3K soft MASTER LINE<\/p>\n","protected":false},"featured_media":8645,"comment_status":"open","ping_status":"closed","template":"","meta":{"_acf_changed":false},"product_brand":[],"product_cat":[1022,1023],"product_tag":[],"class_list":{"0":"post-8646","1":"product","2":"type-product","3":"status-publish","4":"has-post-thumbnail","6":"product_cat-naradi","7":"product_cat-rucni-naradi","8":"product_shipping_class-kurier-cs","9":"pa_producent-kubala-cs","11":"first","12":"instock","13":"taxable","14":"shipping-taxable","15":"purchasable","16":"product-type-simple"},"acf":[],"_links":{"self":[{"href":"https:\/\/sklep.thepartners.pl\/cs\/wp-json\/wp\/v2\/product\/8646","targetHints":{"allow":["GET"]}}],"collection":[{"href":"https:\/\/sklep.thepartners.pl\/cs\/wp-json\/wp\/v2\/product"}],"about":[{"href":"https:\/\/sklep.thepartners.pl\/cs\/wp-json\/wp\/v2\/types\/product"}],"replies":[{"embeddable":true,"href":"https:\/\/sklep.thepartners.pl\/cs\/wp-json\/wp\/v2\/comments?post=8646"}],"wp:featuredmedia":[{"embeddable":true,"href":"https:\/\/sklep.thepartners.pl\/cs\/wp-json\/wp\/v2\/media\/8645"}],"wp:attachment":[{"href":"https:\/\/sklep.thepartners.pl\/cs\/wp-json\/wp\/v2\/media?parent=8646"}],"wp:term":[{"taxonomy":"product_brand","embeddable":true,"href":"https:\/\/sklep.thepartners.pl\/cs\/wp-json\/wp\/v2\/product_brand?post=8646"},{"taxonomy":"product_cat","embeddable":true,"href":"https:\/\/sklep.thepartners.pl\/cs\/wp-json\/wp\/v2\/product_cat?post=8646"},{"taxonomy":"product_tag","embeddable":true,"href":"https:\/\/sklep.thepartners.pl\/cs\/wp-json\/wp\/v2\/product_tag?post=8646"}],"curies":[{"name":"wp","href":"https:\/\/api.w.org\/{rel}","templated":true}]}}