{"id":8652,"date":"2024-12-05T09:52:01","date_gmt":"2024-12-05T08:52:01","guid":{"rendered":"https:\/\/sklep.thepartners.pl\/produkt\/paca-do-laczenia-plyt-kartonowo-gipsowych-130-x-350-mm-model-k-0280\/"},"modified":"2024-12-13T09:19:40","modified_gmt":"2024-12-13T08:19:40","slug":"paca-do-laczenia-plyt-kartonowo-gipsowych-130-x-350-mm-model-k-0280","status":"publish","type":"product","link":"https:\/\/sklep.thepartners.pl\/cs\/produkt\/paca-do-laczenia-plyt-kartonowo-gipsowych-130-x-350-mm-model-k-0280\/","title":{"rendered":"St\u011brka pro spojov\u00e1n\u00ed s\u00e1drokartonov\u00fdch desek 130 x 350 mm (model K.0280)"},"content":{"rendered":"<p><strong>St\u011brka pro spojov\u00e1n\u00ed s\u00e1drokartonov\u00fdch desek 130 x 350 mm (model K.0280)<\/strong>je specializovan\u00fd n\u00e1stroj ur\u010den\u00fd pro profesion\u00e1ln\u00ed dodavatele, umo\u017e\u0148uj\u00edc\u00ed p\u0159esn\u00e9 a efektivn\u00ed spojov\u00e1n\u00ed s\u00e1drokartonov\u00fdch desek.<\/p>\n<p><strong>Specifikace:<\/strong><\/p>\n<p><strong>Materi\u00e1l pracovn\u00ed \u010d\u00e1sti:<\/strong> Nerezov\u00e1, kyselinovzdorn\u00e1 ocel, tlou\u0161\u0165ka 1 mm<br \/>\n<strong>Rozm\u011bry:<\/strong> 130 x 350 mm<br \/>\n<strong>Rukoje\u0165:<\/strong> Ergonomick\u00e1 3K m\u011bkk\u00e1 rukoje\u0165 pro pohodl\u00ed a p\u0159esnost p\u0159i pr\u00e1ci<br \/>\n<strong>Dal\u0161\u00ed vlastnosti:<\/strong> Hlin\u00edkov\u00e1 patka zaji\u0161\u0165uj\u00edc\u00ed v\u011bt\u0161\u00ed tuhost a vyv\u00e1\u017een\u00ed pracovn\u00ed \u010d\u00e1sti<\/p>\n","protected":false},"excerpt":{"rendered":"<p><strong>Specifikace:<\/strong><\/p>\n<p><strong>Materi\u00e1l pracovn\u00ed \u010d\u00e1sti:<\/strong> Nerezov\u00e1, kyselinovzdorn\u00e1 ocel, tlou\u0161\u0165ka 1 mm<br \/>\n<strong>Rozm\u011bry:<\/strong> 130 x 350 mm<br \/>\n<strong>Rukoje\u0165:<\/strong> Ergonomick\u00e1 3K m\u011bkk\u00e1 rukoje\u0165 pro pohodl\u00ed a p\u0159esnost p\u0159i pr\u00e1ci<br \/>\n<strong>Dal\u0161\u00ed vlastnosti:<\/strong> Hlin\u00edkov\u00e1 patka zaji\u0161\u0165uj\u00edc\u00ed v\u011bt\u0161\u00ed tuhost a vyv\u00e1\u017een\u00ed pracovn\u00ed \u010d\u00e1sti<\/p>\n","protected":false},"featured_media":8651,"comment_status":"open","ping_status":"closed","template":"","meta":{"_acf_changed":false},"product_brand":[],"product_cat":[1022,1023],"product_tag":[],"class_list":{"0":"post-8652","1":"product","2":"type-product","3":"status-publish","4":"has-post-thumbnail","6":"product_cat-naradi","7":"product_cat-rucni-naradi","8":"product_shipping_class-kurier-cs","9":"pa_producent-kubala-cs","11":"first","12":"instock","13":"taxable","14":"shipping-taxable","15":"purchasable","16":"product-type-simple"},"acf":[],"_links":{"self":[{"href":"https:\/\/sklep.thepartners.pl\/cs\/wp-json\/wp\/v2\/product\/8652","targetHints":{"allow":["GET"]}}],"collection":[{"href":"https:\/\/sklep.thepartners.pl\/cs\/wp-json\/wp\/v2\/product"}],"about":[{"href":"https:\/\/sklep.thepartners.pl\/cs\/wp-json\/wp\/v2\/types\/product"}],"replies":[{"embeddable":true,"href":"https:\/\/sklep.thepartners.pl\/cs\/wp-json\/wp\/v2\/comments?post=8652"}],"wp:featuredmedia":[{"embeddable":true,"href":"https:\/\/sklep.thepartners.pl\/cs\/wp-json\/wp\/v2\/media\/8651"}],"wp:attachment":[{"href":"https:\/\/sklep.thepartners.pl\/cs\/wp-json\/wp\/v2\/media?parent=8652"}],"wp:term":[{"taxonomy":"product_brand","embeddable":true,"href":"https:\/\/sklep.thepartners.pl\/cs\/wp-json\/wp\/v2\/product_brand?post=8652"},{"taxonomy":"product_cat","embeddable":true,"href":"https:\/\/sklep.thepartners.pl\/cs\/wp-json\/wp\/v2\/product_cat?post=8652"},{"taxonomy":"product_tag","embeddable":true,"href":"https:\/\/sklep.thepartners.pl\/cs\/wp-json\/wp\/v2\/product_tag?post=8652"}],"curies":[{"name":"wp","href":"https:\/\/api.w.org\/{rel}","templated":true}]}}