{"id":8656,"date":"2024-12-05T14:31:00","date_gmt":"2024-12-05T13:31:00","guid":{"rendered":"https:\/\/sklep.thepartners.pl\/produkt\/gotowa-gladz-polimerowa-raptor-franspol-25kg-pakiet-10-sztuk-transport-gratis\/"},"modified":"2024-12-13T09:21:44","modified_gmt":"2024-12-13T08:21:44","slug":"gotowa-gladz-polimerowa-raptor-franspol-25kg-pakiet-10-sztuk-transport-gratis","status":"publish","type":"product","link":"https:\/\/sklep.thepartners.pl\/cs\/produkt\/gotowa-gladz-polimerowa-raptor-franspol-25kg-pakiet-10-sztuk-transport-gratis\/","title":{"rendered":"Hotov\u00e1 polymerov\u00e1 om\u00edtka Raptor Franspol 25kg {BALEN\u00cd 10 KUS\u016e} DOPRAVA ZDARMA"},"content":{"rendered":"<p><strong>Hotov\u00e1 tixotropn\u00ed polymerov\u00e1 om\u00edtka RAPTOR <\/strong>je vysoce kvalitn\u00ed tmel ur\u010den\u00fd pro renova\u010dn\u00ed a stavebn\u00ed pr\u00e1ce umo\u017e\u0148uj\u00edc\u00ed dokonale hladk\u00e9 povrchy st\u011bn a strop\u016f p\u0159ed malov\u00e1n\u00edm.<\/p>\n<p><strong>Vlastnosti produktu:<\/strong><\/p>\n<p><strong>Tixotropn\u00ed efekt:<\/strong> Om\u00edtka se vyzna\u010duje v\u00fdrazn\u00fdm tixotropn\u00edm efektem, kter\u00fd usnad\u0148uje nan\u00e1\u0161en\u00ed a rozt\u00edr\u00e1n\u00ed, a to jak ru\u010dn\u011b, v\u00e1le\u010dkem, tak rozpra\u0161ova\u010dem.<br \/>\n<strong>Flexibilita:<\/strong> Vysok\u00e1 elasticita om\u00edtky umo\u017e\u0148uje efektivn\u00ed vypln\u011bn\u00ed drobn\u00fdch defekt\u016f a \u0161kr\u00e1banc\u016f na om\u00edtk\u00e1ch a zaji\u0161\u0165uje trvanlivou a estetickou \u00fapravu.<br \/>\n<strong>Univerz\u00e1ln\u00ed pou\u017eit\u00ed:<\/strong> V\u00fdrobek lze pou\u017e\u00edt na betonov\u00e9 podklady, cementov\u00e9 a v\u00e1penocementov\u00e9 om\u00edtky v interi\u00e9ru<\/p>\n","protected":false},"excerpt":{"rendered":"<p><strong>Hotov\u00e1 tixotropn\u00ed polymerov\u00e1 om\u00edtka RAPTOR<\/strong>\u00a0 je vysoce kvalitn\u00ed tmel ur\u010den\u00fd pro renova\u010dn\u00ed a stavebn\u00ed pr\u00e1ce, umo\u017e\u0148uj\u00edc\u00ed dokonale hladk\u00e9 povrchy st\u011bn a strop\u016f p\u0159ed malov\u00e1n\u00edm.<\/p>\n","protected":false},"featured_media":8655,"comment_status":"open","ping_status":"closed","template":"","meta":{"_acf_changed":false},"product_brand":[],"product_cat":[970],"product_tag":[],"class_list":{"0":"post-8656","1":"product","2":"type-product","3":"status-publish","4":"has-post-thumbnail","6":"product_cat-sadra","7":"product_shipping_class-transport-gratis-cs","8":"pa_darmowa-dostawa-ano","9":"pa_producent-franspol-cs","11":"first","12":"instock","13":"taxable","14":"shipping-taxable","15":"purchasable","16":"product-type-simple"},"acf":[],"_links":{"self":[{"href":"https:\/\/sklep.thepartners.pl\/cs\/wp-json\/wp\/v2\/product\/8656","targetHints":{"allow":["GET"]}}],"collection":[{"href":"https:\/\/sklep.thepartners.pl\/cs\/wp-json\/wp\/v2\/product"}],"about":[{"href":"https:\/\/sklep.thepartners.pl\/cs\/wp-json\/wp\/v2\/types\/product"}],"replies":[{"embeddable":true,"href":"https:\/\/sklep.thepartners.pl\/cs\/wp-json\/wp\/v2\/comments?post=8656"}],"wp:featuredmedia":[{"embeddable":true,"href":"https:\/\/sklep.thepartners.pl\/cs\/wp-json\/wp\/v2\/media\/8655"}],"wp:attachment":[{"href":"https:\/\/sklep.thepartners.pl\/cs\/wp-json\/wp\/v2\/media?parent=8656"}],"wp:term":[{"taxonomy":"product_brand","embeddable":true,"href":"https:\/\/sklep.thepartners.pl\/cs\/wp-json\/wp\/v2\/product_brand?post=8656"},{"taxonomy":"product_cat","embeddable":true,"href":"https:\/\/sklep.thepartners.pl\/cs\/wp-json\/wp\/v2\/product_cat?post=8656"},{"taxonomy":"product_tag","embeddable":true,"href":"https:\/\/sklep.thepartners.pl\/cs\/wp-json\/wp\/v2\/product_tag?post=8656"}],"curies":[{"name":"wp","href":"https:\/\/api.w.org\/{rel}","templated":true}]}}