{"id":8672,"date":"2024-12-09T10:30:01","date_gmt":"2024-12-09T09:30:01","guid":{"rendered":"https:\/\/sklep.thepartners.pl\/produkt\/paca-z-tworzywa-abs-gladka-do-zacierania-tynkow-130x270-mm-model-0300\/"},"modified":"2024-12-13T09:32:41","modified_gmt":"2024-12-13T08:32:41","slug":"paca-z-tworzywa-abs-gladka-do-zacierania-tynkow-130x270-mm-model-0300","status":"publish","type":"product","link":"https:\/\/sklep.thepartners.pl\/cs\/produkt\/paca-z-tworzywa-abs-gladka-do-zacierania-tynkow-130x270-mm-model-0300\/","title":{"rendered":"Plastov\u00e1 st\u011brka ABS hladk\u00fd pro vyhlazov\u00e1n\u00ed om\u00edtek 130&#215;270 mm (model 0300)"},"content":{"rendered":"<p><strong>Hladk\u00e1 ABS st\u011brka na st\u011brkov\u00e1n\u00ed om\u00edtek 130&#215;270 mm (model 0300)<\/strong> je n\u00e1stroj ur\u010den\u00fd k hlazen\u00ed a st\u011brkov\u00e1n\u00ed om\u00edtek. Vyrobeno z odoln\u00e9ho ABS plastu, zaji\u0161\u0165uje odolnost proti mechanick\u00e9mu po\u0161kozen\u00ed a dlouhodob\u00e9 pou\u017e\u00edv\u00e1n\u00ed.<\/p>\n<p><b>\u00a0<\/b><\/p>\n","protected":false},"excerpt":{"rendered":"<p><strong>Specifikace:<\/strong><\/p>\n<p><strong>Materi\u00e1l:<\/strong> ABS plast<br \/>\n<strong>Rozm\u011bry:<\/strong> 130 x 270 mm<br \/>\n<strong>Pou\u017eit\u00ed:<\/strong> St\u011brkov\u00e9 om\u00edtky<\/p>\n","protected":false},"featured_media":8671,"comment_status":"open","ping_status":"closed","template":"","meta":{"_acf_changed":false},"product_brand":[],"product_cat":[1022,1023],"product_tag":[],"class_list":{"0":"post-8672","1":"product","2":"type-product","3":"status-publish","4":"has-post-thumbnail","6":"product_cat-naradi","7":"product_cat-rucni-naradi","8":"product_shipping_class-kurier-cs","9":"pa_producent-kubala-cs","11":"first","12":"instock","13":"taxable","14":"shipping-taxable","15":"purchasable","16":"product-type-simple"},"acf":[],"_links":{"self":[{"href":"https:\/\/sklep.thepartners.pl\/cs\/wp-json\/wp\/v2\/product\/8672","targetHints":{"allow":["GET"]}}],"collection":[{"href":"https:\/\/sklep.thepartners.pl\/cs\/wp-json\/wp\/v2\/product"}],"about":[{"href":"https:\/\/sklep.thepartners.pl\/cs\/wp-json\/wp\/v2\/types\/product"}],"replies":[{"embeddable":true,"href":"https:\/\/sklep.thepartners.pl\/cs\/wp-json\/wp\/v2\/comments?post=8672"}],"wp:featuredmedia":[{"embeddable":true,"href":"https:\/\/sklep.thepartners.pl\/cs\/wp-json\/wp\/v2\/media\/8671"}],"wp:attachment":[{"href":"https:\/\/sklep.thepartners.pl\/cs\/wp-json\/wp\/v2\/media?parent=8672"}],"wp:term":[{"taxonomy":"product_brand","embeddable":true,"href":"https:\/\/sklep.thepartners.pl\/cs\/wp-json\/wp\/v2\/product_brand?post=8672"},{"taxonomy":"product_cat","embeddable":true,"href":"https:\/\/sklep.thepartners.pl\/cs\/wp-json\/wp\/v2\/product_cat?post=8672"},{"taxonomy":"product_tag","embeddable":true,"href":"https:\/\/sklep.thepartners.pl\/cs\/wp-json\/wp\/v2\/product_tag?post=8672"}],"curies":[{"name":"wp","href":"https:\/\/api.w.org\/{rel}","templated":true}]}}