{"id":8673,"date":"2024-12-09T12:43:44","date_gmt":"2024-12-09T11:43:44","guid":{"rendered":"https:\/\/sklep.thepartners.pl\/?post_type=product&#038;p=8673"},"modified":"2025-07-21T12:57:21","modified_gmt":"2025-07-21T10:57:21","slug":"paca-z-tworzywa-abs-do-spoinowania-z-guma-scieta-po-bokach-model-0325","status":"publish","type":"product","link":"https:\/\/sklep.thepartners.pl\/cs\/produkt\/paca-z-tworzywa-abs-do-spoinowania-z-guma-scieta-po-bokach-model-0325\/","title":{"rendered":"Paca z tworzywa ABS do spoinowania z gum\u0105 \u015bci\u0119t\u0105 po bokach (model 0325)"},"content":{"rendered":"<p><strong>Paca z tworzywa ABS do spoinowania z gum\u0105 \u015bci\u0119t\u0105 po bokach (model 0325)<\/strong> to narz\u0119dzie przeznaczone do precyzyjnego fugowania p\u0142ytek ceramicznych. Wykonana z trwa\u0142ego tworzywa ABS, wyposa\u017cona jest w gumow\u0105 warstw\u0119 robocz\u0105 o \u015bci\u0119tych bokach, co umo\u017cliwia dok\u0142adne wype\u0142nianie spoin.<\/p>\n<p><strong>Specyfikacja:<\/strong><\/p>\n<ul>\n<li><strong>Materia\u0142:<\/strong> Tworzywo ABS<\/li>\n<li><strong>Wymiary:<\/strong> 95 x 240 mm<\/li>\n<li><strong>Powierzchnia robocza:<\/strong> Guma \u015bci\u0119ta po bokach<\/li>\n<li><strong>Zastosowanie:<\/strong> Spoinowanie p\u0142ytek ceramicznych<\/li>\n<\/ul>\n","protected":false},"excerpt":{"rendered":"<p><strong>Specyfikacja:<\/strong><\/p>\n<ul>\n<li><strong>Materia\u0142:<\/strong> Tworzywo ABS<\/li>\n<li><strong>Wymiary:<\/strong> 95 x 240 mm<\/li>\n<li><strong>Powierzchnia robocza:<\/strong> Guma \u015bci\u0119ta po bokach<\/li>\n<li><strong>Zastosowanie:<\/strong> Spoinowanie p\u0142ytek ceramicznych<\/li>\n<\/ul>\n","protected":false},"featured_media":8676,"comment_status":"open","ping_status":"closed","template":"","meta":{"_acf_changed":false},"product_brand":[],"product_cat":[1022,1023],"product_tag":[],"class_list":{"0":"post-8673","1":"product","2":"type-product","3":"status-publish","4":"has-post-thumbnail","6":"product_cat-naradi","7":"product_cat-rucni-naradi","8":"product_shipping_class-kurier-cs","9":"pa_producent-kubala-cs","11":"first","12":"instock","13":"taxable","14":"shipping-taxable","15":"purchasable","16":"product-type-simple"},"acf":[],"_links":{"self":[{"href":"https:\/\/sklep.thepartners.pl\/cs\/wp-json\/wp\/v2\/product\/8673","targetHints":{"allow":["GET"]}}],"collection":[{"href":"https:\/\/sklep.thepartners.pl\/cs\/wp-json\/wp\/v2\/product"}],"about":[{"href":"https:\/\/sklep.thepartners.pl\/cs\/wp-json\/wp\/v2\/types\/product"}],"replies":[{"embeddable":true,"href":"https:\/\/sklep.thepartners.pl\/cs\/wp-json\/wp\/v2\/comments?post=8673"}],"wp:featuredmedia":[{"embeddable":true,"href":"https:\/\/sklep.thepartners.pl\/cs\/wp-json\/wp\/v2\/media\/8676"}],"wp:attachment":[{"href":"https:\/\/sklep.thepartners.pl\/cs\/wp-json\/wp\/v2\/media?parent=8673"}],"wp:term":[{"taxonomy":"product_brand","embeddable":true,"href":"https:\/\/sklep.thepartners.pl\/cs\/wp-json\/wp\/v2\/product_brand?post=8673"},{"taxonomy":"product_cat","embeddable":true,"href":"https:\/\/sklep.thepartners.pl\/cs\/wp-json\/wp\/v2\/product_cat?post=8673"},{"taxonomy":"product_tag","embeddable":true,"href":"https:\/\/sklep.thepartners.pl\/cs\/wp-json\/wp\/v2\/product_tag?post=8673"}],"curies":[{"name":"wp","href":"https:\/\/api.w.org\/{rel}","templated":true}]}}