{"id":8686,"date":"2024-12-09T13:38:35","date_gmt":"2024-12-09T12:38:35","guid":{"rendered":"https:\/\/sklep.thepartners.pl\/produkt\/kubala-paca-gabka-140x280-rzadka-0385\/"},"modified":"2024-12-13T10:09:47","modified_gmt":"2024-12-13T09:09:47","slug":"kubala-paca-gabka-140x280-rzadka-0385","status":"publish","type":"product","link":"https:\/\/sklep.thepartners.pl\/cs\/produkt\/kubala-paca-gabka-140x280-rzadka-0385\/","title":{"rendered":"Kubala houbov\u00e1 st\u011brka 140&#215;280 vz\u00e1cn\u00fd 0385"},"content":{"rendered":"<p>Kubala houbov\u00e1 st\u011brka 140&#215;280 vz\u00e1cn\u00fd 0385 je n\u00e1stroj ur\u010den\u00fd pro efektivn\u00ed \u010di\u0161t\u011bn\u00ed obklad\u016f a dla\u017eeb po sp\u00e1rov\u00e1n\u00ed. Vyrobeno z odoln\u00e9ho ABS plastu, vybaven\u00e9 ergonomickou, profilovanou rukojet\u00ed a 20 mm silnou houbovou z\u00e1kladnou, umo\u017e\u0148uje efektivn\u00ed odstran\u011bn\u00ed p\u0159ebyte\u010dn\u00e9 sp\u00e1rovac\u00ed hmoty a jin\u00fdch ne\u010distot.<\/p>\n<p><strong>Specifikace:<\/strong><\/p>\n<p><strong>Materi\u00e1l:<\/strong> ABS plast<br \/>\n<strong>Podklad:<\/strong> Tenk\u00e1 houba, tlou\u0161\u0165ka 20 mm<br \/>\n<strong>Rukoje\u0165:<\/strong> Ergonomick\u00e1, profilovan\u00e1<br \/>\n<strong>Rozm\u011bry:<\/strong> 140 x 280 mm<\/p>\n","protected":false},"excerpt":{"rendered":"<p><strong>Specifikace:<\/strong><\/p>\n<p><strong>Materi\u00e1l:<\/strong> ABS plast<br \/>\n<strong>Podklad:<\/strong> Tenk\u00e1 houba, tlou\u0161\u0165ka 20 mm<br \/>\n<strong>Rukoje\u0165:<\/strong> Ergonomick\u00e1, profilovan\u00e1<br \/>\n<strong>Rozm\u011bry:<\/strong> 140 x 280 mm<\/p>\n","protected":false},"featured_media":8685,"comment_status":"open","ping_status":"closed","template":"","meta":{"_acf_changed":false},"product_brand":[],"product_cat":[1022,1023],"product_tag":[],"class_list":{"0":"post-8686","1":"product","2":"type-product","3":"status-publish","4":"has-post-thumbnail","6":"product_cat-naradi","7":"product_cat-rucni-naradi","8":"product_shipping_class-kurier-cs","9":"pa_producent-kubala-cs","11":"first","12":"instock","13":"taxable","14":"shipping-taxable","15":"purchasable","16":"product-type-simple"},"acf":[],"_links":{"self":[{"href":"https:\/\/sklep.thepartners.pl\/cs\/wp-json\/wp\/v2\/product\/8686","targetHints":{"allow":["GET"]}}],"collection":[{"href":"https:\/\/sklep.thepartners.pl\/cs\/wp-json\/wp\/v2\/product"}],"about":[{"href":"https:\/\/sklep.thepartners.pl\/cs\/wp-json\/wp\/v2\/types\/product"}],"replies":[{"embeddable":true,"href":"https:\/\/sklep.thepartners.pl\/cs\/wp-json\/wp\/v2\/comments?post=8686"}],"wp:featuredmedia":[{"embeddable":true,"href":"https:\/\/sklep.thepartners.pl\/cs\/wp-json\/wp\/v2\/media\/8685"}],"wp:attachment":[{"href":"https:\/\/sklep.thepartners.pl\/cs\/wp-json\/wp\/v2\/media?parent=8686"}],"wp:term":[{"taxonomy":"product_brand","embeddable":true,"href":"https:\/\/sklep.thepartners.pl\/cs\/wp-json\/wp\/v2\/product_brand?post=8686"},{"taxonomy":"product_cat","embeddable":true,"href":"https:\/\/sklep.thepartners.pl\/cs\/wp-json\/wp\/v2\/product_cat?post=8686"},{"taxonomy":"product_tag","embeddable":true,"href":"https:\/\/sklep.thepartners.pl\/cs\/wp-json\/wp\/v2\/product_tag?post=8686"}],"curies":[{"name":"wp","href":"https:\/\/api.w.org\/{rel}","templated":true}]}}