{"id":8690,"date":"2024-12-09T14:22:49","date_gmt":"2024-12-09T13:22:49","guid":{"rendered":"https:\/\/sklep.thepartners.pl\/produkt\/paca-z-tworzywa-sztucznego-z-gabka-nacinana-140x280-mm-model-0387\/"},"modified":"2024-12-13T10:15:37","modified_gmt":"2024-12-13T09:15:37","slug":"paca-z-tworzywa-sztucznego-z-gabka-nacinana-140x280-mm-model-0387","status":"publish","type":"product","link":"https:\/\/sklep.thepartners.pl\/cs\/produkt\/paca-z-tworzywa-sztucznego-z-gabka-nacinana-140x280-mm-model-0387\/","title":{"rendered":"Plastov\u00e9 hlad\u00edtko s \u0161t\u011brbinovou houbou 140&#215;280 mm (model 0387)"},"content":{"rendered":"<p><strong>Plastov\u00e1 st\u011brka se \u0161t\u011brbinovou houbou 140&#215;280 mm (model 0387)<\/strong> je n\u00e1stroj ur\u010den\u00fd k efektivn\u00edmu \u010di\u0161t\u011bn\u00ed obklad\u016f a dla\u017eeb po sp\u00e1rov\u00e1n\u00ed. Vyrobeno z odoln\u00e9ho ABS plastu, opat\u0159eno ergonomickou, dvouslo\u017ekovou m\u011bkkou rukojet\u00ed, zaji\u0161\u0165uj\u00edc\u00ed pohodl\u00ed p\u0159i pou\u017e\u00edv\u00e1n\u00ed. Por\u00e9zn\u00ed houba, hust\u00e1, 30 mm siln\u00e1, m\u00e1 \u0159ezy, kter\u00e9 umo\u017e\u0148uj\u00ed rychlej\u0161\u00ed a efektivn\u011bj\u0161\u00ed sb\u011br ne\u010distot z \u010di\u0161t\u011bn\u00e9ho povrchu.<\/p>\n<p><strong>Specyfikacja:<\/strong><\/p>\n<ul>\n<li><strong>Materia\u0142:<\/strong> Tworzywo sztuczne ABS<\/li>\n<li><strong>Podk\u0142ad:<\/strong> G\u0105bka porowa, g\u0119sta, nacinana, grubo\u015b\u0107 30 mm<\/li>\n<li><strong>Uchwyt:<\/strong> Ergonomiczny, dwusk\u0142adnikowy (G-17), wyprofilowany<\/li>\n<li><strong>Wymiary:<\/strong> 140 x 280 mm<\/li>\n<\/ul>\n","protected":false},"excerpt":{"rendered":"<p><strong>Specifikace:<\/strong><\/p>\n<p><strong>Materi\u00e1l:<\/strong> ABS plast<br \/>\n<strong>Podklad:<\/strong> P\u00f3rov\u00e1 houba, hust\u00e1, \u0159ezan\u00e1, 30 mm siln\u00e1<br \/>\n<strong>Rukoje\u0165:<\/strong> Ergonomick\u00e1, dvouslo\u017ekov\u00e1 (G-17), profilovan\u00e1<br \/>\n<strong>Rozm\u011bry:<\/strong> 140 x 280 mm<\/p>\n","protected":false},"featured_media":8689,"comment_status":"open","ping_status":"closed","template":"","meta":{"_acf_changed":false},"product_brand":[],"product_cat":[1022,1023],"product_tag":[],"class_list":{"0":"post-8690","1":"product","2":"type-product","3":"status-publish","4":"has-post-thumbnail","6":"product_cat-naradi","7":"product_cat-rucni-naradi","8":"product_shipping_class-kurier-cs","9":"pa_producent-kubala-cs","11":"first","12":"instock","13":"taxable","14":"shipping-taxable","15":"purchasable","16":"product-type-simple"},"acf":[],"_links":{"self":[{"href":"https:\/\/sklep.thepartners.pl\/cs\/wp-json\/wp\/v2\/product\/8690","targetHints":{"allow":["GET"]}}],"collection":[{"href":"https:\/\/sklep.thepartners.pl\/cs\/wp-json\/wp\/v2\/product"}],"about":[{"href":"https:\/\/sklep.thepartners.pl\/cs\/wp-json\/wp\/v2\/types\/product"}],"replies":[{"embeddable":true,"href":"https:\/\/sklep.thepartners.pl\/cs\/wp-json\/wp\/v2\/comments?post=8690"}],"wp:featuredmedia":[{"embeddable":true,"href":"https:\/\/sklep.thepartners.pl\/cs\/wp-json\/wp\/v2\/media\/8689"}],"wp:attachment":[{"href":"https:\/\/sklep.thepartners.pl\/cs\/wp-json\/wp\/v2\/media?parent=8690"}],"wp:term":[{"taxonomy":"product_brand","embeddable":true,"href":"https:\/\/sklep.thepartners.pl\/cs\/wp-json\/wp\/v2\/product_brand?post=8690"},{"taxonomy":"product_cat","embeddable":true,"href":"https:\/\/sklep.thepartners.pl\/cs\/wp-json\/wp\/v2\/product_cat?post=8690"},{"taxonomy":"product_tag","embeddable":true,"href":"https:\/\/sklep.thepartners.pl\/cs\/wp-json\/wp\/v2\/product_tag?post=8690"}],"curies":[{"name":"wp","href":"https:\/\/api.w.org\/{rel}","templated":true}]}}