{"id":8695,"date":"2024-12-09T14:31:56","date_gmt":"2024-12-09T13:31:56","guid":{"rendered":"https:\/\/sklep.thepartners.pl\/produkt\/paca-z-tworzywa-z-gabka-porowa-140x280-mm-model-0389\/"},"modified":"2024-12-13T10:18:02","modified_gmt":"2024-12-13T09:18:02","slug":"paca-z-tworzywa-z-gabka-porowa-140x280-mm-model-0389","status":"publish","type":"product","link":"https:\/\/sklep.thepartners.pl\/cs\/produkt\/paca-z-tworzywa-z-gabka-porowa-140x280-mm-model-0389\/","title":{"rendered":"Plastov\u00e9 hlad\u00edtko s p\u00f3rovou houbou 140&#215;280 mm (model 0389)"},"content":{"rendered":"<p><strong>Plastov\u00e1 st\u011brka s p\u00f3rovou houbou 140&#215;280 mm (model 0389)<\/strong> je pom\u016fcka ur\u010den\u00e1 k efektivn\u00edmu \u010di\u0161t\u011bn\u00ed obklad\u016f a dla\u017eeb po sp\u00e1rov\u00e1n\u00ed. Vyrobeno z odoln\u00e9ho ABS plastu, opat\u0159eno ergonomickou, dvouslo\u017ekovou m\u011bkkou rukojet\u00ed, zaji\u0161\u0165uj\u00edc\u00ed pohodl\u00ed p\u0159i pou\u017e\u00edv\u00e1n\u00ed. Houba s p\u00f3ry o tlou\u0161\u0165ce 30 mm umo\u017e\u0148uje \u00fa\u010dinn\u00e9 odstran\u011bn\u00ed p\u0159ebyte\u010dn\u00e9 sp\u00e1rovac\u00ed hmoty a jin\u00fdch ne\u010distot.<\/p>\n<p><strong>Specifikace:<\/strong><\/p>\n<p><strong>Materi\u00e1l:<\/strong> ABS plast<br \/>\n<strong>Podklad:<\/strong> P\u00f3rov\u00e1 houba, tlou\u0161\u0165ka 30 mm<br \/>\n<strong>Rukoje\u0165:<\/strong> Ergonomick\u00e1, dvouslo\u017ekov\u00e1 (G-17), profilovan\u00e1<br \/>\n<strong>Rozm\u011bry:<\/strong> 140 x 280 mm<\/p>\n","protected":false},"excerpt":{"rendered":"<p><strong>Specifikace:<\/strong><\/p>\n<p><strong>Materi\u00e1l:<\/strong> ABS plast<br \/>\n<strong>Podklad:<\/strong> P\u00f3rov\u00e1 houba, tlou\u0161\u0165ka 30 mm<br \/>\n<strong>Rukoje\u0165:<\/strong> Ergonomick\u00e1, dvouslo\u017ekov\u00e1 (G-17), profilovan\u00e1<br \/>\n<strong>Rozm\u011bry:<\/strong> 140 x 280 mm<\/p>\n","protected":false},"featured_media":8694,"comment_status":"open","ping_status":"closed","template":"","meta":{"_acf_changed":false},"product_brand":[],"product_cat":[1022,1023],"product_tag":[],"class_list":{"0":"post-8695","1":"product","2":"type-product","3":"status-publish","4":"has-post-thumbnail","6":"product_cat-naradi","7":"product_cat-rucni-naradi","8":"product_shipping_class-kurier-cs","9":"pa_producent-kubala-cs","11":"first","12":"instock","13":"taxable","14":"shipping-taxable","15":"purchasable","16":"product-type-simple"},"acf":[],"_links":{"self":[{"href":"https:\/\/sklep.thepartners.pl\/cs\/wp-json\/wp\/v2\/product\/8695","targetHints":{"allow":["GET"]}}],"collection":[{"href":"https:\/\/sklep.thepartners.pl\/cs\/wp-json\/wp\/v2\/product"}],"about":[{"href":"https:\/\/sklep.thepartners.pl\/cs\/wp-json\/wp\/v2\/types\/product"}],"replies":[{"embeddable":true,"href":"https:\/\/sklep.thepartners.pl\/cs\/wp-json\/wp\/v2\/comments?post=8695"}],"wp:featuredmedia":[{"embeddable":true,"href":"https:\/\/sklep.thepartners.pl\/cs\/wp-json\/wp\/v2\/media\/8694"}],"wp:attachment":[{"href":"https:\/\/sklep.thepartners.pl\/cs\/wp-json\/wp\/v2\/media?parent=8695"}],"wp:term":[{"taxonomy":"product_brand","embeddable":true,"href":"https:\/\/sklep.thepartners.pl\/cs\/wp-json\/wp\/v2\/product_brand?post=8695"},{"taxonomy":"product_cat","embeddable":true,"href":"https:\/\/sklep.thepartners.pl\/cs\/wp-json\/wp\/v2\/product_cat?post=8695"},{"taxonomy":"product_tag","embeddable":true,"href":"https:\/\/sklep.thepartners.pl\/cs\/wp-json\/wp\/v2\/product_tag?post=8695"}],"curies":[{"name":"wp","href":"https:\/\/api.w.org\/{rel}","templated":true}]}}