{"id":8707,"date":"2024-12-12T10:32:59","date_gmt":"2024-12-12T09:32:59","guid":{"rendered":"https:\/\/sklep.thepartners.pl\/?post_type=product&#038;p=8707"},"modified":"2024-12-12T10:43:32","modified_gmt":"2024-12-12T09:43:32","slug":"nylonovy-samovrtny-spojovaci-prvek-pro-sadrokartonove-desky-16x36-mm-s-primym-hackem-blistr-12-ks-kopia-3","status":"publish","type":"product","link":"https:\/\/sklep.thepartners.pl\/cs\/produkt\/nylonovy-samovrtny-spojovaci-prvek-pro-sadrokartonove-desky-16x36-mm-s-primym-hackem-blistr-12-ks-kopia-3\/","title":{"rendered":"Nylonov\u00e1 samo\u0159ezn\u00e1 hmo\u017edinka pro s\u00e1drokartonov\u00e9 desky 16&#215;36 mm &#8211; kartonov\u00e9 balen\u00ed &#8211; 100 ks"},"content":{"rendered":"<div class=\"flex max-w-full flex-col flex-grow\">\n<div class=\"min-h-8 text-message flex w-full flex-col items-end gap-2 whitespace-normal break-words [.text-message+&amp;]:mt-5\" dir=\"auto\" data-message-author-role=\"assistant\" data-message-id=\"7cd05703-f01d-4beb-aaca-54c46d0630ec\" data-message-model-slug=\"gpt-4o\">\n<div class=\"flex w-full flex-col gap-1 empty:hidden first:pt-[3px]\">\n<div class=\"markdown prose w-full break-words dark:prose-invert light\">\n<div class=\"flex max-w-full flex-col flex-grow\">\n<div class=\"min-h-8 text-message flex w-full flex-col items-end gap-2 whitespace-normal break-words [.text-message+&amp;]:mt-5\" dir=\"auto\" data-message-author-role=\"assistant\" data-message-id=\"5bf5a221-97c5-4d46-a66b-16b490d5670e\" data-message-model-slug=\"gpt-4o\">\n<div class=\"flex w-full flex-col gap-1 empty:hidden first:pt-[3px]\">\n<div class=\"markdown prose w-full break-words dark:prose-invert light\">\n<div class=\"flex max-w-full flex-col flex-grow\">\n<div class=\"min-h-8 text-message flex w-full flex-col items-end gap-2 whitespace-normal break-words [.text-message+&amp;]:mt-5\" dir=\"auto\" data-message-author-role=\"assistant\" data-message-id=\"85d389bd-e45c-439f-a53a-27843655b7a2\" data-message-model-slug=\"gpt-4o\">\n<div class=\"flex w-full flex-col gap-1 empty:hidden first:pt-[3px]\">\n<div class=\"markdown prose w-full break-words dark:prose-invert light\">\n<div class=\"flex max-w-full flex-col flex-grow\">\n<div class=\"min-h-8 text-message flex w-full flex-col items-end gap-2 whitespace-normal break-words [.text-message+&amp;]:mt-5\" dir=\"auto\" data-message-author-role=\"assistant\" data-message-id=\"645e73b3-c7f3-4192-b778-ff831a10633d\" data-message-model-slug=\"gpt-4o\">\n<div class=\"flex w-full flex-col gap-1 empty:hidden first:pt-[3px]\">\n<div class=\"markdown prose w-full break-words dark:prose-invert light\">\n<div class=\"flex max-w-full flex-col flex-grow\">\n<div class=\"min-h-8 text-message flex w-full flex-col items-end gap-2 whitespace-normal break-words [.text-message+&amp;]:mt-5\" dir=\"auto\" data-message-author-role=\"assistant\" data-message-id=\"44dc1df1-18fd-4e3e-b7ae-55900924e733\" data-message-model-slug=\"gpt-4o\">\n<div class=\"flex w-full flex-col gap-1 empty:hidden first:pt-[3px]\">\n<div class=\"markdown prose w-full break-words dark:prose-invert light\">\n<div class=\"flex max-w-full flex-col flex-grow\">\n<div class=\"min-h-8 text-message flex w-full flex-col items-end gap-2 whitespace-normal break-words [.text-message+&amp;]:mt-5\" dir=\"auto\" data-message-author-role=\"assistant\" data-message-id=\"778a7b23-8831-4d4a-a220-8d70ec008f70\" data-message-model-slug=\"gpt-4o\">\n<div class=\"flex w-full flex-col gap-1 empty:hidden first:pt-[3px]\">\n<div class=\"markdown prose w-full break-words dark:prose-invert light\">\n<p>Samo\u0159ezn\u00e1 hmo\u017edinka <strong>R-DRA01<\/strong> o rozm\u011brech 16&#215;36 mm je spolehliv\u00fdm \u0159e\u0161en\u00edm pro rychlou a pevnou mont\u00e1\u017e do s\u00e1drokartonov\u00fdch desek. Produkt je vyroben z odoln\u00e9ho nylonu, kter\u00fd zaru\u010duje snadnou instalaci a vynikaj\u00edc\u00ed mechanickou odolnost.<\/p>\n<p><strong>Vlastnosti:<\/strong><\/p>\n<ul>\n<li><strong>Materi\u00e1l:<\/strong> Vysoce kvalitn\u00ed nylon.<\/li>\n<li><strong>Rozm\u011bry:<\/strong> 16&#215;36 mm.<\/li>\n<li><strong>Typ instalace:<\/strong> Samo\u0159ezn\u00fd.<\/li>\n<li><strong>Balen\u00ed:<\/strong> Kartonov\u00e9, 100 ks.<\/li>\n<\/ul>\n<p><strong>Pou\u017eit\u00ed:<\/strong><\/p>\n<ul>\n<li>Mont\u00e1\u017e do s\u00e1drokartonov\u00fdch desek.<\/li>\n<li>Upevn\u011bn\u00ed lehk\u00fdch prvk\u016f interi\u00e9rov\u00e9ho vybaven\u00ed, jako jsou police, dr\u017e\u00e1ky, obrazy.<\/li>\n<li>Ide\u00e1ln\u00ed pro pou\u017eit\u00ed v dom\u00e1cnostech, kancel\u00e1\u0159\u00edch a komer\u010dn\u00edch prostor\u00e1ch.<\/li>\n<\/ul>\n<p><strong>V\u00fdhody:<\/strong><\/p>\n<ul>\n<li>Snadn\u00e1 instalace bez nutnosti p\u0159edvrt\u00e1n\u00ed.<\/li>\n<li>Vysok\u00e1 mechanick\u00e1 odolnost.<\/li>\n<li>Odolnost proti po\u0161kozen\u00ed a deformaci.<\/li>\n<li>Estetick\u00fd vzhled po instalaci.<\/li>\n<\/ul>\n<\/div>\n<\/div>\n<\/div>\n<\/div>\n<\/div>\n<\/div>\n<\/div>\n<\/div>\n<\/div>\n<\/div>\n<\/div>\n<\/div>\n<\/div>\n<\/div>\n<\/div>\n<\/div>\n<\/div>\n<\/div>\n<\/div>\n<\/div>\n<\/div>\n<\/div>\n<\/div>\n<\/div>\n","protected":false},"excerpt":{"rendered":"<p>Samo\u0159ezn\u00e1 hmo\u017edinka R-DRA01 o rozm\u011brech 16&#215;36 mm je spolehliv\u00fdm \u0159e\u0161en\u00edm pro rychlou a pevnou mont\u00e1\u017e do s\u00e1drokartonov\u00fdch desek. Produkt je<\/p>\n","protected":false},"featured_media":8709,"comment_status":"open","ping_status":"closed","template":"","meta":{"_acf_changed":false},"product_brand":[],"product_cat":[954,956,156,946],"product_tag":[],"class_list":{"0":"post-8707","1":"product","2":"type-product","3":"status-publish","4":"has-post-thumbnail","6":"product_cat-montazni-prislusenstvi","7":"product_cat-natloukaci-hmozdinky","8":"product_cat-stavebni-materialy","9":"product_cat-sucha-vystavba","10":"product_shipping_class-kurier-cs","11":"pa_producent-rawplug-cs","13":"first","14":"instock","15":"taxable","16":"shipping-taxable","17":"purchasable","18":"product-type-simple"},"acf":[],"_links":{"self":[{"href":"https:\/\/sklep.thepartners.pl\/cs\/wp-json\/wp\/v2\/product\/8707","targetHints":{"allow":["GET"]}}],"collection":[{"href":"https:\/\/sklep.thepartners.pl\/cs\/wp-json\/wp\/v2\/product"}],"about":[{"href":"https:\/\/sklep.thepartners.pl\/cs\/wp-json\/wp\/v2\/types\/product"}],"replies":[{"embeddable":true,"href":"https:\/\/sklep.thepartners.pl\/cs\/wp-json\/wp\/v2\/comments?post=8707"}],"wp:featuredmedia":[{"embeddable":true,"href":"https:\/\/sklep.thepartners.pl\/cs\/wp-json\/wp\/v2\/media\/8709"}],"wp:attachment":[{"href":"https:\/\/sklep.thepartners.pl\/cs\/wp-json\/wp\/v2\/media?parent=8707"}],"wp:term":[{"taxonomy":"product_brand","embeddable":true,"href":"https:\/\/sklep.thepartners.pl\/cs\/wp-json\/wp\/v2\/product_brand?post=8707"},{"taxonomy":"product_cat","embeddable":true,"href":"https:\/\/sklep.thepartners.pl\/cs\/wp-json\/wp\/v2\/product_cat?post=8707"},{"taxonomy":"product_tag","embeddable":true,"href":"https:\/\/sklep.thepartners.pl\/cs\/wp-json\/wp\/v2\/product_tag?post=8707"}],"curies":[{"name":"wp","href":"https:\/\/api.w.org\/{rel}","templated":true}]}}