{"id":8714,"date":"2024-12-12T10:48:23","date_gmt":"2024-12-12T09:48:23","guid":{"rendered":"https:\/\/sklep.thepartners.pl\/?post_type=product&#038;p=8714"},"modified":"2024-12-12T10:51:48","modified_gmt":"2024-12-12T09:51:48","slug":"ramova-hmozdinka-s-pozinkovanym-sroubem-se-zapustnou-hlavou-r-ff1-10x240-mm-25-ks-kopia","status":"publish","type":"product","link":"https:\/\/sklep.thepartners.pl\/cs\/produkt\/ramova-hmozdinka-s-pozinkovanym-sroubem-se-zapustnou-hlavou-r-ff1-10x240-mm-25-ks-kopia\/","title":{"rendered":"R\u00e1mov\u00e1 hmo\u017edinka s pozinkovan\u00fdm \u0161roubem se z\u00e1pustnou hlavou R-FF1 10&#215;200 mm &#8211; kartonov\u00e9 balen\u00ed &#8211; 25 ks"},"content":{"rendered":"<div class=\"flex max-w-full flex-col flex-grow\">\n<div class=\"min-h-8 text-message flex w-full flex-col items-end gap-2 whitespace-normal break-words [.text-message+&amp;]:mt-5\" dir=\"auto\" data-message-author-role=\"assistant\" data-message-id=\"f4f3a212-7187-4693-ae87-122770bc99b8\" data-message-model-slug=\"gpt-4o\">\n<div class=\"flex w-full flex-col gap-1 empty:hidden first:pt-[3px]\">\n<div class=\"markdown prose w-full break-words dark:prose-invert light\">\n<div class=\"flex max-w-full flex-col flex-grow\">\n<div class=\"min-h-8 text-message flex w-full flex-col items-end gap-2 whitespace-normal break-words [.text-message+&amp;]:mt-5\" dir=\"auto\" data-message-author-role=\"assistant\" data-message-id=\"7d496ef6-86ff-4a64-b7a8-31123714e1e6\" data-message-model-slug=\"gpt-4o\">\n<div class=\"flex w-full flex-col gap-1 empty:hidden first:pt-[3px]\">\n<div class=\"markdown prose w-full break-words dark:prose-invert light\">\n<div class=\"flex max-w-full flex-col flex-grow\">\n<div class=\"min-h-8 text-message flex w-full flex-col items-end gap-2 whitespace-normal break-words text-start [.text-message+&amp;]:mt-5\" dir=\"auto\" data-message-author-role=\"assistant\" data-message-id=\"a3fc7c82-b8eb-4e02-9abf-aa2c0c16760d\" data-message-model-slug=\"gpt-4o\">\n<div class=\"flex w-full flex-col gap-1 empty:hidden first:pt-[3px]\">\n<div class=\"markdown prose w-full break-words dark:prose-invert light\">\n<p>R\u00e1mov\u00e1 hmo\u017edinka <strong>R-FF1<\/strong> o rozm\u011brech 10&#215;200 mm s pozinkovan\u00fdm \u0161roubem se z\u00e1pustnou hlavou je profesion\u00e1ln\u00ed \u0159e\u0161en\u00ed pro pevn\u00e9 a bezpe\u010dn\u00e9 kotven\u00ed v r\u016fzn\u00fdch stavebn\u00edch materi\u00e1lech. Ide\u00e1ln\u00ed pro mont\u00e1\u017en\u00ed syst\u00e9my vy\u017eaduj\u00edc\u00ed vysokou pevnost a p\u0159esnost.<\/p>\n<h4><strong>Vlastnosti:<\/strong><\/h4>\n<ul>\n<li><strong>Materi\u00e1l hmo\u017edinky:<\/strong> Odoln\u00fd plast, rezistentn\u00ed v\u016f\u010di po\u0161kozen\u00ed.<\/li>\n<li><strong>Materi\u00e1l \u0161roubu:<\/strong> Pozinkovan\u00e1 ocel, odoln\u00e1 v\u016f\u010di korozi.<\/li>\n<li><strong>D\u00e9lka:<\/strong> 200 mm.<\/li>\n<li><strong>Pr\u016fm\u011br:<\/strong> 10 mm.<\/li>\n<li><strong>Typ hlavy \u0161roubu:<\/strong> Z\u00e1pustn\u00e1.<\/li>\n<li><strong>Balen\u00ed:<\/strong> Kartonov\u00e9, obsahuje 25 ks.<\/li>\n<\/ul>\n<h4><strong>Pou\u017eit\u00ed:<\/strong><\/h4>\n<ul>\n<li>Kotven\u00ed do betonu, pln\u00e9 cihly, betonov\u00fdch blok\u016f a dal\u0161\u00edch zdic\u00edch materi\u00e1l\u016f.<\/li>\n<li>Mont\u00e1\u017e okenn\u00edch a dve\u0159n\u00edch r\u00e1m\u016f.<\/li>\n<li>Instalace fas\u00e1dn\u00edch a konstruk\u010dn\u00edch prvk\u016f.<\/li>\n<\/ul>\n<h4><strong>V\u00fdhody:<\/strong><\/h4>\n<ul>\n<li>Vysok\u00e1 odolnost proti mechanick\u00e9mu zat\u00ed\u017een\u00ed.<\/li>\n<li>Trvanlivost a odolnost v\u016f\u010di pov\u011btrnostn\u00edm vliv\u016fm d\u00edky pozinkov\u00e1n\u00ed.<\/li>\n<li>Jednoduch\u00e1 instalace pro rychl\u00e9 a bezpe\u010dn\u00e9 kotven\u00ed.<\/li>\n<\/ul>\n<\/div>\n<\/div>\n<\/div>\n<\/div>\n<div class=\"mb-2 flex gap-3 empty:hidden -ml-2\">\n<div class=\"items-center justify-start rounded-xl p-1 flex\"><\/div>\n<\/div>\n<\/div>\n<\/div>\n<\/div>\n<\/div>\n<\/div>\n<\/div>\n<\/div>\n<\/div>\n","protected":false},"excerpt":{"rendered":"<p>R\u00e1mov\u00e1 hmo\u017edinka R-FF1 o rozm\u011brech 10&#215;200 mm s pozinkovan\u00fdm \u0161roubem se z\u00e1pustnou hlavou je profesion\u00e1ln\u00ed \u0159e\u0161en\u00ed pro pevn\u00e9 a bezpe\u010dn\u00e9<\/p>\n","protected":false},"featured_media":8454,"comment_status":"open","ping_status":"closed","template":"","meta":{"_acf_changed":false},"product_brand":[],"product_cat":[956,156,946],"product_tag":[],"class_list":{"0":"post-8714","1":"product","2":"type-product","3":"status-publish","4":"has-post-thumbnail","6":"product_cat-natloukaci-hmozdinky","7":"product_cat-stavebni-materialy","8":"product_cat-sucha-vystavba","9":"product_shipping_class-kurier-cs","10":"pa_producent-rawplug-cs","12":"first","13":"instock","14":"taxable","15":"shipping-taxable","16":"purchasable","17":"product-type-simple"},"acf":[],"_links":{"self":[{"href":"https:\/\/sklep.thepartners.pl\/cs\/wp-json\/wp\/v2\/product\/8714","targetHints":{"allow":["GET"]}}],"collection":[{"href":"https:\/\/sklep.thepartners.pl\/cs\/wp-json\/wp\/v2\/product"}],"about":[{"href":"https:\/\/sklep.thepartners.pl\/cs\/wp-json\/wp\/v2\/types\/product"}],"replies":[{"embeddable":true,"href":"https:\/\/sklep.thepartners.pl\/cs\/wp-json\/wp\/v2\/comments?post=8714"}],"wp:featuredmedia":[{"embeddable":true,"href":"https:\/\/sklep.thepartners.pl\/cs\/wp-json\/wp\/v2\/media\/8454"}],"wp:attachment":[{"href":"https:\/\/sklep.thepartners.pl\/cs\/wp-json\/wp\/v2\/media?parent=8714"}],"wp:term":[{"taxonomy":"product_brand","embeddable":true,"href":"https:\/\/sklep.thepartners.pl\/cs\/wp-json\/wp\/v2\/product_brand?post=8714"},{"taxonomy":"product_cat","embeddable":true,"href":"https:\/\/sklep.thepartners.pl\/cs\/wp-json\/wp\/v2\/product_cat?post=8714"},{"taxonomy":"product_tag","embeddable":true,"href":"https:\/\/sklep.thepartners.pl\/cs\/wp-json\/wp\/v2\/product_tag?post=8714"}],"curies":[{"name":"wp","href":"https:\/\/api.w.org\/{rel}","templated":true}]}}