{"id":8768,"date":"2024-12-13T09:45:16","date_gmt":"2024-12-13T08:45:16","guid":{"rendered":"https:\/\/sklep.thepartners.pl\/?post_type=product&#038;p=8768"},"modified":"2024-12-13T10:38:41","modified_gmt":"2024-12-13T09:38:41","slug":"nylonova-samorezna-hmozdinka-pro-sadrokartonove-desky-16x36-mm-kartonove-baleni-100-ks-kopia","status":"publish","type":"product","link":"https:\/\/sklep.thepartners.pl\/cs\/produkt\/nylonova-samorezna-hmozdinka-pro-sadrokartonove-desky-16x36-mm-kartonove-baleni-100-ks-kopia\/","title":{"rendered":"Hmo\u017edinky DRIVA do polystyrenu 80 mm R-ISO-PLUG-80- 40ks"},"content":{"rendered":"<div class=\"flex max-w-full flex-col flex-grow\">\n<div class=\"min-h-8 text-message flex w-full flex-col items-end gap-2 whitespace-normal break-words [.text-message+&amp;]:mt-5\" dir=\"auto\" data-message-author-role=\"assistant\" data-message-id=\"7cd05703-f01d-4beb-aaca-54c46d0630ec\" data-message-model-slug=\"gpt-4o\">\n<div class=\"flex w-full flex-col gap-1 empty:hidden first:pt-[3px]\">\n<div class=\"markdown prose w-full break-words dark:prose-invert light\">\n<div class=\"flex max-w-full flex-col flex-grow\">\n<div class=\"min-h-8 text-message flex w-full flex-col items-end gap-2 whitespace-normal break-words [.text-message+&amp;]:mt-5\" dir=\"auto\" data-message-author-role=\"assistant\" data-message-id=\"5bf5a221-97c5-4d46-a66b-16b490d5670e\" data-message-model-slug=\"gpt-4o\">\n<div class=\"flex w-full flex-col gap-1 empty:hidden first:pt-[3px]\">\n<div class=\"markdown prose w-full break-words dark:prose-invert light\">\n<div class=\"flex max-w-full flex-col flex-grow\">\n<div class=\"min-h-8 text-message flex w-full flex-col items-end gap-2 whitespace-normal break-words [.text-message+&amp;]:mt-5\" dir=\"auto\" data-message-author-role=\"assistant\" data-message-id=\"85d389bd-e45c-439f-a53a-27843655b7a2\" data-message-model-slug=\"gpt-4o\">\n<div class=\"flex w-full flex-col gap-1 empty:hidden first:pt-[3px]\">\n<div class=\"markdown prose w-full break-words dark:prose-invert light\">\n<div class=\"flex max-w-full flex-col flex-grow\">\n<div class=\"min-h-8 text-message flex w-full flex-col items-end gap-2 whitespace-normal break-words [.text-message+&amp;]:mt-5\" dir=\"auto\" data-message-author-role=\"assistant\" data-message-id=\"645e73b3-c7f3-4192-b778-ff831a10633d\" data-message-model-slug=\"gpt-4o\">\n<div class=\"flex w-full flex-col gap-1 empty:hidden first:pt-[3px]\">\n<div class=\"markdown prose w-full break-words dark:prose-invert light\">\n<div class=\"flex max-w-full flex-col flex-grow\">\n<div class=\"min-h-8 text-message flex w-full flex-col items-end gap-2 whitespace-normal break-words [.text-message+&amp;]:mt-5\" dir=\"auto\" data-message-author-role=\"assistant\" data-message-id=\"44dc1df1-18fd-4e3e-b7ae-55900924e733\" data-message-model-slug=\"gpt-4o\">\n<div class=\"flex w-full flex-col gap-1 empty:hidden first:pt-[3px]\">\n<div class=\"markdown prose w-full break-words dark:prose-invert light\">\n<div class=\"flex max-w-full flex-col flex-grow\">\n<div class=\"min-h-8 text-message flex w-full flex-col items-end gap-2 whitespace-normal break-words [.text-message+&amp;]:mt-5\" dir=\"auto\" data-message-author-role=\"assistant\" data-message-id=\"778a7b23-8831-4d4a-a220-8d70ec008f70\" data-message-model-slug=\"gpt-4o\">\n<div class=\"flex w-full flex-col gap-1 empty:hidden first:pt-[3px]\">\n<div class=\"markdown prose w-full break-words dark:prose-invert light\">\n<p>Hmo\u017edinky DRIVA do polystyrenu 80 mm R-ISO-PLUG-80 jsou spolehliv\u00fdm \u0159e\u0161en\u00edm pro rychlou a stabiln\u00ed mont\u00e1\u017e v izola\u010dn\u00edch syst\u00e9mech. Vyroben\u00e9 z kvalitn\u00edho plastu, zaru\u010duj\u00ed odolnost a dlouhou \u017eivotnost i za nep\u0159\u00edzniv\u00fdch podm\u00ednek. Ide\u00e1ln\u00ed pro upevn\u011bn\u00ed lehk\u00fdch prvk\u016f, jako jsou informa\u010dn\u00ed tabule, dr\u017e\u00e1ky nebo dekorace na fas\u00e1d\u00e1ch zateplen\u00fdch polystyrenem.<\/p>\n<p><strong>Vlastnosti produktu:<\/strong><\/p>\n<ul>\n<li><strong>D\u00e9lka<\/strong>: 80 mm \u2013 vhodn\u00e9 pro b\u011b\u017en\u00e9 tlou\u0161\u0165ky polystyrenu.<\/li>\n<li><strong>Materi\u00e1l<\/strong>: Odoln\u00fd plast, rezistentn\u00ed v\u016f\u010di korozi.<\/li>\n<li><strong>Snadn\u00e1 instalace<\/strong>: Nen\u00ed nutn\u00e9 p\u0159edvrt\u00e1n\u00ed do polystyrenu.<\/li>\n<li><strong>Balen\u00ed<\/strong>: 40 kus\u016f \u2013 praktick\u00e9 a ekonomick\u00e9 \u0159e\u0161en\u00ed.<\/li>\n<\/ul>\n<p><strong>Pou\u017eit\u00ed:<\/strong><\/p>\n<ul>\n<li>Ide\u00e1ln\u00ed pro fas\u00e1dy s polystyrenovou izolac\u00ed.<\/li>\n<li>Pro mont\u00e1\u017e lehk\u00fdch prvk\u016f uvnit\u0159 i vn\u011b budov.<\/li>\n<\/ul>\n<\/div>\n<\/div>\n<\/div>\n<\/div>\n<\/div>\n<\/div>\n<\/div>\n<\/div>\n<\/div>\n<\/div>\n<\/div>\n<\/div>\n<\/div>\n<\/div>\n<\/div>\n<\/div>\n<\/div>\n<\/div>\n<\/div>\n<\/div>\n<\/div>\n<\/div>\n<\/div>\n<\/div>\n","protected":false},"excerpt":{"rendered":"<p>Hmo\u017edinky DRIVA do polystyrenu 80 mm R-ISO-PLUG-80 jsou spolehliv\u00fdm \u0159e\u0161en\u00edm pro rychlou a stabiln\u00ed mont\u00e1\u017e v izola\u010dn\u00edch syst\u00e9mech. Vyroben\u00e9 z<\/p>\n","protected":false},"featured_media":8776,"comment_status":"open","ping_status":"closed","template":"","meta":{"_acf_changed":false},"product_brand":[],"product_cat":[954,956,156,946],"product_tag":[],"class_list":{"0":"post-8768","1":"product","2":"type-product","3":"status-publish","4":"has-post-thumbnail","6":"product_cat-montazni-prislusenstvi","7":"product_cat-natloukaci-hmozdinky","8":"product_cat-stavebni-materialy","9":"product_cat-sucha-vystavba","10":"product_shipping_class-kurier-cs","11":"pa_producent-rawplug-cs","13":"first","14":"instock","15":"taxable","16":"shipping-taxable","17":"purchasable","18":"product-type-simple"},"acf":[],"_links":{"self":[{"href":"https:\/\/sklep.thepartners.pl\/cs\/wp-json\/wp\/v2\/product\/8768","targetHints":{"allow":["GET"]}}],"collection":[{"href":"https:\/\/sklep.thepartners.pl\/cs\/wp-json\/wp\/v2\/product"}],"about":[{"href":"https:\/\/sklep.thepartners.pl\/cs\/wp-json\/wp\/v2\/types\/product"}],"replies":[{"embeddable":true,"href":"https:\/\/sklep.thepartners.pl\/cs\/wp-json\/wp\/v2\/comments?post=8768"}],"wp:featuredmedia":[{"embeddable":true,"href":"https:\/\/sklep.thepartners.pl\/cs\/wp-json\/wp\/v2\/media\/8776"}],"wp:attachment":[{"href":"https:\/\/sklep.thepartners.pl\/cs\/wp-json\/wp\/v2\/media?parent=8768"}],"wp:term":[{"taxonomy":"product_brand","embeddable":true,"href":"https:\/\/sklep.thepartners.pl\/cs\/wp-json\/wp\/v2\/product_brand?post=8768"},{"taxonomy":"product_cat","embeddable":true,"href":"https:\/\/sklep.thepartners.pl\/cs\/wp-json\/wp\/v2\/product_cat?post=8768"},{"taxonomy":"product_tag","embeddable":true,"href":"https:\/\/sklep.thepartners.pl\/cs\/wp-json\/wp\/v2\/product_tag?post=8768"}],"curies":[{"name":"wp","href":"https:\/\/api.w.org\/{rel}","templated":true}]}}