{"id":8789,"date":"2024-12-13T10:57:47","date_gmt":"2024-12-13T09:57:47","guid":{"rendered":"https:\/\/sklep.thepartners.pl\/produkt\/paca-nierdzewna-wenecka-kubala-0459\/"},"modified":"2025-02-12T14:58:07","modified_gmt":"2025-02-12T13:58:07","slug":"paca-nierdzewna-wenecka-kubala-0459","status":"publish","type":"product","link":"https:\/\/sklep.thepartners.pl\/cs\/produkt\/paca-nierdzewna-wenecka-kubala-0459\/","title":{"rendered":"Ben\u00e1tsk\u00e9 nerezov\u00e9 hlad\u00edtko Kubala 0459"},"content":{"rendered":"<p>Ben\u00e1tsk\u00e9 nerezov\u00e9 hlad\u00edtko Kubala 0459 je n\u00e1stroj ur\u010den\u00fd pro zhotoven\u00ed dekorativn\u00edch om\u00edtek, jako je ben\u00e1tsk\u00fd \u0161tuk nebo betonov\u00fd efekt. Je vyroben z nerezov\u00e9 oceli o tlou\u0161\u0165ce 0,7 mm, polozrcadlov\u011b le\u0161t\u011bn\u00e9, co\u017e zaji\u0161\u0165uje hladkou pracovn\u00ed plochu. Okraje st\u011brky jsou le\u0161t\u011bn\u00e9 a chr\u00e1n\u011bn\u00e9 kryty a jej\u00ed rohy jsou zaoblen\u00e9, co\u017e zvy\u0161uje bezpe\u010dnost pou\u017e\u00edv\u00e1n\u00ed. Ergonomick\u00e1, profilovan\u00e1 2K m\u011bkk\u00e1 rukoje\u0165 je nasazena na patce vyroben\u00e9 z polyamidu s p\u0159\u00eddavkem skeln\u00e9ho vl\u00e1kna, co\u017e zaji\u0161\u0165uje pohodl\u00ed p\u0159i pr\u00e1ci a odolnost n\u00e1\u0159ad\u00ed.<\/p>\n","protected":false},"excerpt":{"rendered":"<p><strong>Specifikace:<\/strong><\/p>\n<p><strong>Materi\u00e1l:<\/strong> Nerezov\u00e1 ocel, kyselinovzdorn\u00e1, tlou\u0161\u0165ka 0,7 mm<br \/>\n<strong>Povrchov\u00e1 \u00faprava:<\/strong> Polozrcadlov\u011b le\u0161t\u011bn\u00e1<br \/>\n<strong>Hrany:<\/strong> Brou\u0161en\u00e9 se zaoblen\u00fdmi rohy<br \/>\n<strong>Rukoje\u0165:<\/strong> Ergonomick\u00e1, dvouslo\u017ekov\u00e1 m\u011bkk\u00e1 (G-1), namontovan\u00e1 na tarnamidov\u00e9 noze<br \/>\n<strong>Rozm\u011bry:<\/strong> 75 x 95 x 240 mm<\/p>\n","protected":false},"featured_media":8788,"comment_status":"open","ping_status":"closed","template":"","meta":{"_acf_changed":false},"product_brand":[],"product_cat":[1022,1023],"product_tag":[],"class_list":{"0":"post-8789","1":"product","2":"type-product","3":"status-publish","4":"has-post-thumbnail","6":"product_cat-naradi","7":"product_cat-rucni-naradi","8":"product_shipping_class-kurier-cs","9":"pa_producent-kubala-cs","11":"first","12":"instock","13":"taxable","14":"shipping-taxable","15":"purchasable","16":"product-type-simple"},"acf":[],"_links":{"self":[{"href":"https:\/\/sklep.thepartners.pl\/cs\/wp-json\/wp\/v2\/product\/8789","targetHints":{"allow":["GET"]}}],"collection":[{"href":"https:\/\/sklep.thepartners.pl\/cs\/wp-json\/wp\/v2\/product"}],"about":[{"href":"https:\/\/sklep.thepartners.pl\/cs\/wp-json\/wp\/v2\/types\/product"}],"replies":[{"embeddable":true,"href":"https:\/\/sklep.thepartners.pl\/cs\/wp-json\/wp\/v2\/comments?post=8789"}],"wp:featuredmedia":[{"embeddable":true,"href":"https:\/\/sklep.thepartners.pl\/cs\/wp-json\/wp\/v2\/media\/8788"}],"wp:attachment":[{"href":"https:\/\/sklep.thepartners.pl\/cs\/wp-json\/wp\/v2\/media?parent=8789"}],"wp:term":[{"taxonomy":"product_brand","embeddable":true,"href":"https:\/\/sklep.thepartners.pl\/cs\/wp-json\/wp\/v2\/product_brand?post=8789"},{"taxonomy":"product_cat","embeddable":true,"href":"https:\/\/sklep.thepartners.pl\/cs\/wp-json\/wp\/v2\/product_cat?post=8789"},{"taxonomy":"product_tag","embeddable":true,"href":"https:\/\/sklep.thepartners.pl\/cs\/wp-json\/wp\/v2\/product_tag?post=8789"}],"curies":[{"name":"wp","href":"https:\/\/api.w.org\/{rel}","templated":true}]}}