{"id":8802,"date":"2024-12-13T11:50:10","date_gmt":"2024-12-13T10:50:10","guid":{"rendered":"https:\/\/sklep.thepartners.pl\/produkt\/paca-nierdzewna-gladka-szlifowana-dluga-uchwyt-2k-typu-soft-na-stopce-z-poliamidu-130x350-mm-kubala\/"},"modified":"2025-07-21T12:55:58","modified_gmt":"2025-07-21T10:55:58","slug":"paca-nierdzewna-gladka-szlifowana-dluga-uchwyt-2k-typu-soft-na-stopce-z-poliamidu-130x350-mm-kubala","status":"publish","type":"product","link":"https:\/\/sklep.thepartners.pl\/cs\/produkt\/paca-nierdzewna-gladka-szlifowana-dluga-uchwyt-2k-typu-soft-na-stopce-z-poliamidu-130x350-mm-kubala\/","title":{"rendered":"Paca nierdzewna g\u0142adka szlifowana d\u0142uga uchwyt 2K typu soft na stopce z poliamidu 130&#215;350 mm &#8211; Kubala"},"content":{"rendered":"<p><strong>Paca nierdzewna g\u0142adka szlifowana d\u0142uga 130&#215;350 mm<\/strong> to profesjonalne narz\u0119dzie przeznaczone do nak\u0142adania bezpy\u0142owych g\u0142adzi gipsowych oraz klej\u00f3w. Wykonana z wysokogatunkowej stali nierdzewnej, kwasoodpornej, o grubo\u015bci 0,7 mm, zapewnia trwa\u0142o\u015b\u0107 i odporno\u015b\u0107 na \u015bcieranie.<\/p>\n<p><strong>Cechy produktu:<\/strong><\/p>\n<ul>\n<li><strong>Materia\u0142:<\/strong> Stal nierdzewna, kwasoodporna, grubo\u015b\u0107 0,7 mm<\/li>\n<li><strong>Wyko\u0144czenie:<\/strong> Szlifowana od spodu wzd\u0142u\u017c d\u0142ugich kraw\u0119dzi oraz przez \u015brodek pacy<\/li>\n<li><strong>Stopka:<\/strong> Przed\u0142u\u017cona, wykonana z poliamidu z dodatkiem w\u0142\u00f3kna szklanego, zapewniaj\u0105ca wi\u0119ksz\u0105 sztywno\u015b\u0107 cz\u0119\u015bci roboczej<\/li>\n<li><strong>Uchwyt:<\/strong> Ergonomiczny, profilowany 2K typu soft, zamocowany na stopce z poliamidu<\/li>\n<li><strong>Wymiary:<\/strong> 130 x 350 mm<\/li>\n<\/ul>\n","protected":false},"excerpt":{"rendered":"<p><strong>Cechy produktu:<\/strong><\/p>\n<ul>\n<li><strong>Materia\u0142:<\/strong> Stal nierdzewna, kwasoodporna, grubo\u015b\u0107 0,7 mm<\/li>\n<li><strong>Wyko\u0144czenie:<\/strong> Szlifowana od spodu wzd\u0142u\u017c d\u0142ugich kraw\u0119dzi oraz przez \u015brodek pacy<\/li>\n<li><strong>Stopka:<\/strong> Przed\u0142u\u017cona, wykonana z poliamidu z dodatkiem w\u0142\u00f3kna szklanego, zapewniaj\u0105ca wi\u0119ksz\u0105 sztywno\u015b\u0107 cz\u0119\u015bci roboczej<\/li>\n<li><strong>Uchwyt:<\/strong> Ergonomiczny, profilowany 2K typu soft, zamocowany na stopce z poliamidu<\/li>\n<li><strong>Wymiary:<\/strong> 130 x 350 mm<\/li>\n<\/ul>\n","protected":false},"featured_media":8801,"comment_status":"open","ping_status":"closed","template":"","meta":{"_acf_changed":false},"product_brand":[],"product_cat":[1022,1023],"product_tag":[],"class_list":{"0":"post-8802","1":"product","2":"type-product","3":"status-publish","4":"has-post-thumbnail","6":"product_cat-naradi","7":"product_cat-rucni-naradi","8":"product_shipping_class-kurier-cs","9":"pa_producent-kubala-cs","11":"first","12":"instock","13":"taxable","14":"shipping-taxable","15":"purchasable","16":"product-type-simple"},"acf":[],"_links":{"self":[{"href":"https:\/\/sklep.thepartners.pl\/cs\/wp-json\/wp\/v2\/product\/8802","targetHints":{"allow":["GET"]}}],"collection":[{"href":"https:\/\/sklep.thepartners.pl\/cs\/wp-json\/wp\/v2\/product"}],"about":[{"href":"https:\/\/sklep.thepartners.pl\/cs\/wp-json\/wp\/v2\/types\/product"}],"replies":[{"embeddable":true,"href":"https:\/\/sklep.thepartners.pl\/cs\/wp-json\/wp\/v2\/comments?post=8802"}],"wp:featuredmedia":[{"embeddable":true,"href":"https:\/\/sklep.thepartners.pl\/cs\/wp-json\/wp\/v2\/media\/8801"}],"wp:attachment":[{"href":"https:\/\/sklep.thepartners.pl\/cs\/wp-json\/wp\/v2\/media?parent=8802"}],"wp:term":[{"taxonomy":"product_brand","embeddable":true,"href":"https:\/\/sklep.thepartners.pl\/cs\/wp-json\/wp\/v2\/product_brand?post=8802"},{"taxonomy":"product_cat","embeddable":true,"href":"https:\/\/sklep.thepartners.pl\/cs\/wp-json\/wp\/v2\/product_cat?post=8802"},{"taxonomy":"product_tag","embeddable":true,"href":"https:\/\/sklep.thepartners.pl\/cs\/wp-json\/wp\/v2\/product_tag?post=8802"}],"curies":[{"name":"wp","href":"https:\/\/api.w.org\/{rel}","templated":true}]}}