{"id":8808,"date":"2024-12-13T12:01:25","date_gmt":"2024-12-13T11:01:25","guid":{"rendered":"https:\/\/sklep.thepartners.pl\/produkt\/szpachla-kubala-silver-line-80mm-ku-0525\/"},"modified":"2025-03-04T13:07:10","modified_gmt":"2025-03-04T12:07:10","slug":"szpachla-kubala-silver-line-80mm-ku-0525","status":"publish","type":"product","link":"https:\/\/sklep.thepartners.pl\/cs\/produkt\/szpachla-kubala-silver-line-80mm-ku-0525\/","title":{"rendered":"Szpachla Kubala Silver Line 80mm KU 0525"},"content":{"rendered":"<p><strong>Szpachla Kubala Silver Line 80mm KU 0525<\/strong> to wysokiej jako\u015bci narz\u0119dzie przeznaczone do precyzyjnych prac wyko\u0144czeniowych. Cz\u0119\u015b\u0107 robocza wykonana jest z kwasoodpornej stali nierdzewnej, kt\u00f3ra zosta\u0142a starannie szlifowana i polerowana, co zapewnia trwa\u0142o\u015b\u0107 oraz odporno\u015b\u0107 na korozj\u0119.<\/p>\n<p>Dzi\u0119ki sto\u017ckowemu szlifowaniu, szpachla charakteryzuje si\u0119 wysok\u0105 elastyczno\u015bci\u0105 w pobli\u017cu kraw\u0119dzi ostrza, umo\u017cliwiaj\u0105c nak\u0142adanie bardzo cienkich warstw mas szpachlowych. Ergonomiczny, dwukomponentowy uchwyt zapewnia komfort podczas d\u0142ugotrwa\u0142ej pracy.<\/p>\n","protected":false},"excerpt":{"rendered":"<p>Szpachla jest idealna do prac wyko\u0144czeniowych z wykorzystaniem r\u00f3\u017cnego rodzaju mas szpachlowych, umo\u017cliwiaj\u0105c precyzyjne i r\u00f3wnomierne rozprowadzanie materia\u0142u na powierzchni.<\/p>\n","protected":false},"featured_media":8807,"comment_status":"open","ping_status":"closed","template":"","meta":{"_acf_changed":false},"product_brand":[],"product_cat":[1022,1023],"product_tag":[],"class_list":{"0":"post-8808","1":"product","2":"type-product","3":"status-publish","4":"has-post-thumbnail","6":"product_cat-naradi","7":"product_cat-rucni-naradi","8":"product_shipping_class-kurier-dhl-cs","9":"pa_producent-kubala-cs","11":"first","12":"instock","13":"taxable","14":"shipping-taxable","15":"product-type-simple"},"acf":[],"_links":{"self":[{"href":"https:\/\/sklep.thepartners.pl\/cs\/wp-json\/wp\/v2\/product\/8808","targetHints":{"allow":["GET"]}}],"collection":[{"href":"https:\/\/sklep.thepartners.pl\/cs\/wp-json\/wp\/v2\/product"}],"about":[{"href":"https:\/\/sklep.thepartners.pl\/cs\/wp-json\/wp\/v2\/types\/product"}],"replies":[{"embeddable":true,"href":"https:\/\/sklep.thepartners.pl\/cs\/wp-json\/wp\/v2\/comments?post=8808"}],"wp:featuredmedia":[{"embeddable":true,"href":"https:\/\/sklep.thepartners.pl\/cs\/wp-json\/wp\/v2\/media\/8807"}],"wp:attachment":[{"href":"https:\/\/sklep.thepartners.pl\/cs\/wp-json\/wp\/v2\/media?parent=8808"}],"wp:term":[{"taxonomy":"product_brand","embeddable":true,"href":"https:\/\/sklep.thepartners.pl\/cs\/wp-json\/wp\/v2\/product_brand?post=8808"},{"taxonomy":"product_cat","embeddable":true,"href":"https:\/\/sklep.thepartners.pl\/cs\/wp-json\/wp\/v2\/product_cat?post=8808"},{"taxonomy":"product_tag","embeddable":true,"href":"https:\/\/sklep.thepartners.pl\/cs\/wp-json\/wp\/v2\/product_tag?post=8808"}],"curies":[{"name":"wp","href":"https:\/\/api.w.org\/{rel}","templated":true}]}}