{"id":8817,"date":"2024-12-13T13:24:41","date_gmt":"2024-12-13T12:24:41","guid":{"rendered":"https:\/\/sklep.thepartners.pl\/?post_type=product&#038;p=8817"},"modified":"2024-12-13T13:36:17","modified_gmt":"2024-12-13T12:36:17","slug":"ramova-hmozdinka-s-pozinkovanym-vrutem-s-kuzelovou-hlavou-r-ff1-8x120-mm-50-ks-kopia-2","status":"publish","type":"product","link":"https:\/\/sklep.thepartners.pl\/cs\/produkt\/ramova-hmozdinka-s-pozinkovanym-vrutem-s-kuzelovou-hlavou-r-ff1-8x120-mm-50-ks-kopia-2\/","title":{"rendered":"R\u00e1mov\u00fd hmo\u017edinka s pozinkovan\u00fdm \u0161roubem s ku\u017eelovou hlavou R-FF1 8&#215;160 mm (50 ks)"},"content":{"rendered":"<div class=\"flex max-w-full flex-col flex-grow\">\n<div class=\"min-h-8 text-message flex w-full flex-col items-end gap-2 whitespace-normal break-words [.text-message+&amp;]:mt-5\" dir=\"auto\" data-message-author-role=\"assistant\" data-message-id=\"f4f3a212-7187-4693-ae87-122770bc99b8\" data-message-model-slug=\"gpt-4o\">\n<div class=\"flex w-full flex-col gap-1 empty:hidden first:pt-[3px]\">\n<div class=\"markdown prose w-full break-words dark:prose-invert light\">\n<p><strong>R\u00e1mov\u00fd hmo\u017edinka s pozinkovan\u00fdm \u0161roubem s ku\u017eelovou hlavou R-FF1 8&#215;160 mm <\/strong>je vysoce kvalitn\u00ed produkt ur\u010den\u00fd k upevn\u011bn\u00ed konstruk\u010dn\u00edch prvk\u016f v r\u016fzn\u00fdch stavebn\u00edch materi\u00e1lech, jako je d\u0159evo, beton nebo cihla. Tento hmo\u017edinka poskytuje pevn\u00e9 a stabiln\u00ed uchycen\u00ed d\u00edky p\u0159esn\u00e9mu p\u0159izp\u016fsoben\u00ed materi\u00e1lu a pozinkovan\u00e9mu \u0161roubu, kter\u00fd zaru\u010duje dlouhotrvaj\u00edc\u00ed odolnost.<\/p>\n<p>\u0160roub s ku\u017eelovou hlavou umo\u017e\u0148uje estetickou a snadnou mont\u00e1\u017e, co\u017e zrychluje a usnad\u0148uje instalaci. Pozinkovan\u00e1 ocel zaji\u0161\u0165uje odolnost v\u016f\u010di korozi, co\u017e \u010din\u00ed tento produkt ide\u00e1ln\u00edm pro pou\u017eit\u00ed jak uvnit\u0159, tak venku. Balen\u00ed obsahuj\u00edc\u00ed 50 kus\u016f r\u00e1mov\u00fdch hmo\u017edinek R-FF1 8&#215;160 mm je ide\u00e1ln\u00ed pro v\u011bt\u0161\u00ed stavebn\u00ed a renova\u010dn\u00ed projekty.<\/p>\n<p><strong>Vlastnosti produktu:<\/strong><\/p>\n<ul>\n<li>Rozm\u011bry: 8&#215;160 mm \u2013 ide\u00e1ln\u00ed pro uchycen\u00ed st\u0159edn\u011b velk\u00fdch konstruk\u010dn\u00edch prvk\u016f.<\/li>\n<li>\u0160roub s ku\u017eelovou hlavou \u2013 umo\u017e\u0148uje estetickou a precizn\u00ed mont\u00e1\u017e.<\/li>\n<li>Odolnost v\u016f\u010di korozi d\u00edky pozinkovan\u00e9 oceli.<\/li>\n<li>Balen\u00ed: 50 kus\u016f \u2013 ide\u00e1ln\u00ed pro v\u011bt\u0161\u00ed projekty.<\/li>\n<\/ul>\n<p><strong>Pou\u017eit\u00ed:<\/strong><br \/>\nR\u00e1mov\u00fd hmo\u017edinka R-FF1 8&#215;160 mm je ide\u00e1ln\u00ed pro mont\u00e1\u017e okenn\u00edch a dve\u0159n\u00edch r\u00e1m\u016f, d\u0159ev\u011bn\u00fdch, kovov\u00fdch a dal\u0161\u00edch konstrukc\u00ed vy\u017eaduj\u00edc\u00edch stabiln\u00ed uchycen\u00ed. Tento produkt je vhodn\u00fd pro stavebn\u00ed a renova\u010dn\u00ed projekty jak uvnit\u0159, tak venku.<\/p>\n<\/div>\n<\/div>\n<\/div>\n<\/div>\n","protected":false},"excerpt":{"rendered":"<p>R\u00e1mov\u00fd hmo\u017edinka s pozinkovan\u00fdm \u0161roubem s ku\u017eelovou hlavou R-FF1 8&#215;160 mm je vysoce kvalitn\u00ed produkt ur\u010den\u00fd k upevn\u011bn\u00ed konstruk\u010dn\u00edch prvk\u016f<\/p>\n","protected":false},"featured_media":8454,"comment_status":"open","ping_status":"closed","template":"","meta":{"_acf_changed":false},"product_brand":[],"product_cat":[956,156,946],"product_tag":[],"class_list":{"0":"post-8817","1":"product","2":"type-product","3":"status-publish","4":"has-post-thumbnail","6":"product_cat-natloukaci-hmozdinky","7":"product_cat-stavebni-materialy","8":"product_cat-sucha-vystavba","9":"product_shipping_class-kurier-cs","10":"pa_producent-rawplug-cs","12":"first","13":"instock","14":"taxable","15":"shipping-taxable","16":"purchasable","17":"product-type-simple"},"acf":[],"_links":{"self":[{"href":"https:\/\/sklep.thepartners.pl\/cs\/wp-json\/wp\/v2\/product\/8817","targetHints":{"allow":["GET"]}}],"collection":[{"href":"https:\/\/sklep.thepartners.pl\/cs\/wp-json\/wp\/v2\/product"}],"about":[{"href":"https:\/\/sklep.thepartners.pl\/cs\/wp-json\/wp\/v2\/types\/product"}],"replies":[{"embeddable":true,"href":"https:\/\/sklep.thepartners.pl\/cs\/wp-json\/wp\/v2\/comments?post=8817"}],"wp:featuredmedia":[{"embeddable":true,"href":"https:\/\/sklep.thepartners.pl\/cs\/wp-json\/wp\/v2\/media\/8454"}],"wp:attachment":[{"href":"https:\/\/sklep.thepartners.pl\/cs\/wp-json\/wp\/v2\/media?parent=8817"}],"wp:term":[{"taxonomy":"product_brand","embeddable":true,"href":"https:\/\/sklep.thepartners.pl\/cs\/wp-json\/wp\/v2\/product_brand?post=8817"},{"taxonomy":"product_cat","embeddable":true,"href":"https:\/\/sklep.thepartners.pl\/cs\/wp-json\/wp\/v2\/product_cat?post=8817"},{"taxonomy":"product_tag","embeddable":true,"href":"https:\/\/sklep.thepartners.pl\/cs\/wp-json\/wp\/v2\/product_tag?post=8817"}],"curies":[{"name":"wp","href":"https:\/\/api.w.org\/{rel}","templated":true}]}}