{"id":8831,"date":"2024-12-13T14:08:43","date_gmt":"2024-12-13T13:08:43","guid":{"rendered":"https:\/\/sklep.thepartners.pl\/produkt\/szpachla-nierdzewna-stozkowo-szlifowana-silver-line-z-uchwytem-2k-typu-soft\/"},"modified":"2025-03-05T14:20:00","modified_gmt":"2025-03-05T13:20:00","slug":"szpachla-nierdzewna-stozkowo-szlifowana-silver-line-z-uchwytem-2k-typu-soft","status":"publish","type":"product","link":"https:\/\/sklep.thepartners.pl\/cs\/produkt\/szpachla-nierdzewna-stozkowo-szlifowana-silver-line-z-uchwytem-2k-typu-soft\/","title":{"rendered":"Nerezov\u00fd tmel, k\u00f3nicky brou\u0161en\u00fd SILVER LINE z uchwytem 2K typu soft"},"content":{"rendered":"<div class=\"flex-shrink-0 flex flex-col relative items-end\">\n<div>\n<div class=\"pt-0\">\n<div class=\"gizmo-bot-avatar flex h-8 w-8 items-center justify-center overflow-hidden rounded-full\">\n<div class=\"relative p-1 rounded-sm flex items-center justify-center bg-token-main-surface-primary text-token-text-primary h-8 w-8\"><strong>Nerezov\u00fd tmel, k\u00f3nicky brou\u0161en\u00fd SILVER LINE s rukojet\u00ed 2K typu soft <\/strong>je profesion\u00e1ln\u00ed n\u00e1stroj ur\u010den\u00fd pro nejvy\u0161\u0161\u00ed p\u0159esnost a komfort pr\u00e1ce. V\u00fdrobek se vyzna\u010duje vynikaj\u00edc\u00edmi technick\u00fdmi parametry, d\u00edky kter\u00fdm je ide\u00e1ln\u00ed pro dokon\u010dovac\u00ed pr\u00e1ce ve stavebnictv\u00ed a renovaci.<\/div>\n<\/div>\n<\/div>\n<\/div>\n<\/div>\n<div class=\"group\/conversation-turn relative flex w-full min-w-0 flex-col agent-turn\">\n<div class=\"flex-col gap-1 md:gap-3\">\n<div class=\"flex max-w-full flex-col flex-grow\">\n<div class=\"min-h-8 text-message flex w-full flex-col items-end gap-2 whitespace-normal break-words text-start [.text-message+&amp;]:mt-5\" dir=\"auto\" data-message-author-role=\"assistant\" data-message-id=\"1132fc1d-225b-4b10-abb7-e289132dfcc7\" data-message-model-slug=\"gpt-4o\">\n<div class=\"flex w-full flex-col gap-1 empty:hidden first:pt-[3px]\">\n<div class=\"markdown prose w-full break-words dark:prose-invert light\">\n<h3><\/h3>\n<\/div>\n<\/div>\n<\/div>\n<\/div>\n<\/div>\n<\/div>\n","protected":false},"excerpt":{"rendered":"<p><strong>Aplikace:<\/strong><\/p>\n<p>Tmel je skv\u011bl\u00fd pro \u00fakoly, jako jsou:<\/p>\n<p>Vyrovn\u00e1n\u00ed povrchu.<br \/>\nAplikace tmel\u016f a om\u00edtek.<br \/>\nMal\u00e9 dokon\u010dovac\u00ed pr\u00e1ce, kter\u00e9 vy\u017eaduj\u00ed vysokou p\u0159esnost.<\/p>\n","protected":false},"featured_media":8865,"comment_status":"open","ping_status":"closed","template":"","meta":{"_acf_changed":false},"product_brand":[],"product_cat":[1022,1023],"product_tag":[],"class_list":{"0":"post-8831","1":"product","2":"type-product","3":"status-publish","4":"has-post-thumbnail","6":"product_cat-naradi","7":"product_cat-rucni-naradi","8":"product_shipping_class-kurier-dhl-cs","9":"pa_producent-kubala-cs","11":"first","12":"instock","13":"taxable","14":"shipping-taxable","15":"product-type-simple"},"acf":[],"_links":{"self":[{"href":"https:\/\/sklep.thepartners.pl\/cs\/wp-json\/wp\/v2\/product\/8831","targetHints":{"allow":["GET"]}}],"collection":[{"href":"https:\/\/sklep.thepartners.pl\/cs\/wp-json\/wp\/v2\/product"}],"about":[{"href":"https:\/\/sklep.thepartners.pl\/cs\/wp-json\/wp\/v2\/types\/product"}],"replies":[{"embeddable":true,"href":"https:\/\/sklep.thepartners.pl\/cs\/wp-json\/wp\/v2\/comments?post=8831"}],"wp:featuredmedia":[{"embeddable":true,"href":"https:\/\/sklep.thepartners.pl\/cs\/wp-json\/wp\/v2\/media\/8865"}],"wp:attachment":[{"href":"https:\/\/sklep.thepartners.pl\/cs\/wp-json\/wp\/v2\/media?parent=8831"}],"wp:term":[{"taxonomy":"product_brand","embeddable":true,"href":"https:\/\/sklep.thepartners.pl\/cs\/wp-json\/wp\/v2\/product_brand?post=8831"},{"taxonomy":"product_cat","embeddable":true,"href":"https:\/\/sklep.thepartners.pl\/cs\/wp-json\/wp\/v2\/product_cat?post=8831"},{"taxonomy":"product_tag","embeddable":true,"href":"https:\/\/sklep.thepartners.pl\/cs\/wp-json\/wp\/v2\/product_tag?post=8831"}],"curies":[{"name":"wp","href":"https:\/\/api.w.org\/{rel}","templated":true}]}}