{"id":8836,"date":"2024-12-13T14:15:22","date_gmt":"2024-12-13T13:15:22","guid":{"rendered":"https:\/\/sklep.thepartners.pl\/produkt\/szpachla-nierdzewna-stozkowo-szlifowana-silver-line-0527-z-uchwytem-2k-typu-soft\/"},"modified":"2025-07-21T12:55:54","modified_gmt":"2025-07-21T10:55:54","slug":"szpachla-nierdzewna-stozkowo-szlifowana-silver-line-0527-z-uchwytem-2k-typu-soft","status":"publish","type":"product","link":"https:\/\/sklep.thepartners.pl\/cs\/produkt\/szpachla-nierdzewna-stozkowo-szlifowana-silver-line-0527-z-uchwytem-2k-typu-soft\/","title":{"rendered":"Szpachla nierdzewna sto\u017ckowo szlifowana SILVER LINE 0527 z uchwytem 2K typu soft"},"content":{"rendered":"<p><strong>Szpachla nierdzewna sto\u017ckowo szlifowana SILVER LINE 0527 z uchwytem 2K typu soft<\/strong> to wysokiej klasy narz\u0119dzie stworzone z my\u015bl\u0105 o precyzyjnym wyko\u0144czeniu powierzchni. Dedykowana dla profesjonalist\u00f3w i wymagaj\u0105cych u\u017cytkownik\u00f3w, zapewnia niezr\u00f3wnan\u0105 jako\u015b\u0107 pracy przy aplikacji r\u00f3\u017cnorodnych materia\u0142\u00f3w budowlanych.<\/p>\n<h3><strong>Zastosowanie:<\/strong><\/h3>\n<ul>\n<li>Idealna do aplikacji mas szpachlowych i g\u0142adzi.<\/li>\n<li>Precyzyjne wyr\u00f3wnywanie powierzchni \u015bcian i sufit\u00f3w.<\/li>\n<li>Sprawdza si\u0119 w ka\u017cdym etapie prac wyko\u0144czeniowych, od renowacji po finalne wyka\u0144czanie wn\u0119trz.<\/li>\n<\/ul>\n","protected":false},"excerpt":{"rendered":"<h3><strong>Zastosowanie:<\/strong><\/h3>\n<ul>\n<li>Idealna do aplikacji mas szpachlowych i g\u0142adzi.<\/li>\n<li>Precyzyjne wyr\u00f3wnywanie powierzchni \u015bcian i sufit\u00f3w.<\/li>\n<li>Sprawdza si\u0119 w ka\u017cdym etapie prac wyko\u0144czeniowych, od renowacji po finalne wyka\u0144czanie wn\u0119trz.<\/li>\n<\/ul>\n","protected":false},"featured_media":8835,"comment_status":"open","ping_status":"closed","template":"","meta":{"_acf_changed":false},"product_brand":[],"product_cat":[1022,1023],"product_tag":[],"class_list":{"0":"post-8836","1":"product","2":"type-product","3":"status-publish","4":"has-post-thumbnail","6":"product_cat-naradi","7":"product_cat-rucni-naradi","8":"product_shipping_class-kurier-cs","9":"pa_producent-kubala-cs","11":"first","12":"instock","13":"taxable","14":"shipping-taxable","15":"purchasable","16":"product-type-simple"},"acf":[],"_links":{"self":[{"href":"https:\/\/sklep.thepartners.pl\/cs\/wp-json\/wp\/v2\/product\/8836","targetHints":{"allow":["GET"]}}],"collection":[{"href":"https:\/\/sklep.thepartners.pl\/cs\/wp-json\/wp\/v2\/product"}],"about":[{"href":"https:\/\/sklep.thepartners.pl\/cs\/wp-json\/wp\/v2\/types\/product"}],"replies":[{"embeddable":true,"href":"https:\/\/sklep.thepartners.pl\/cs\/wp-json\/wp\/v2\/comments?post=8836"}],"wp:featuredmedia":[{"embeddable":true,"href":"https:\/\/sklep.thepartners.pl\/cs\/wp-json\/wp\/v2\/media\/8835"}],"wp:attachment":[{"href":"https:\/\/sklep.thepartners.pl\/cs\/wp-json\/wp\/v2\/media?parent=8836"}],"wp:term":[{"taxonomy":"product_brand","embeddable":true,"href":"https:\/\/sklep.thepartners.pl\/cs\/wp-json\/wp\/v2\/product_brand?post=8836"},{"taxonomy":"product_cat","embeddable":true,"href":"https:\/\/sklep.thepartners.pl\/cs\/wp-json\/wp\/v2\/product_cat?post=8836"},{"taxonomy":"product_tag","embeddable":true,"href":"https:\/\/sklep.thepartners.pl\/cs\/wp-json\/wp\/v2\/product_tag?post=8836"}],"curies":[{"name":"wp","href":"https:\/\/api.w.org\/{rel}","templated":true}]}}