{"id":8842,"date":"2024-12-13T14:20:42","date_gmt":"2024-12-13T13:20:42","guid":{"rendered":"https:\/\/sklep.thepartners.pl\/produkt\/szpachla-kubala-silver-line-150-mm-ku-0528\/"},"modified":"2025-07-21T12:55:49","modified_gmt":"2025-07-21T10:55:49","slug":"szpachla-kubala-silver-line-150-mm-ku-0528","status":"publish","type":"product","link":"https:\/\/sklep.thepartners.pl\/cs\/produkt\/szpachla-kubala-silver-line-150-mm-ku-0528\/","title":{"rendered":"Szpachla Kubala Silver Line 150 mm KU 0528"},"content":{"rendered":"<p><strong>Szpachla Kubala Silver Line 150 mm KU 0528<\/strong> to narz\u0119dzie najwy\u017cszej jako\u015bci, stworzone z my\u015bl\u0105 o profesjonalistach oraz wymagaj\u0105cych u\u017cytkownikach. Umo\u017cliwia precyzyjne wyko\u0144czenie powierzchni, niezast\u0105piona przy nak\u0142adaniu g\u0142adzi, mas szpachlowych i pracach wyko\u0144czeniowych.<\/p>\n<h3><strong>Zastosowanie:<\/strong><\/h3>\n<ul>\n<li>Nak\u0142adanie i wyr\u00f3wnywanie g\u0142adzi oraz mas szpachlowych.<\/li>\n<li>Prace wyko\u0144czeniowe wymagaj\u0105ce precyzji.<\/li>\n<li>Sprawdzi si\u0119 zar\u00f3wno w u\u017cytku profesjonalnym, jak i domowym.<\/li>\n<\/ul>\n","protected":false},"excerpt":{"rendered":"<h3><strong>Zastosowanie:<\/strong><\/h3>\n<ul>\n<li>Nak\u0142adanie i wyr\u00f3wnywanie g\u0142adzi oraz mas szpachlowych.<\/li>\n<li>Prace wyko\u0144czeniowe wymagaj\u0105ce precyzji.<\/li>\n<li>Sprawdzi si\u0119 zar\u00f3wno w u\u017cytku profesjonalnym, jak i domowym.<\/li>\n<\/ul>\n","protected":false},"featured_media":8841,"comment_status":"open","ping_status":"closed","template":"","meta":{"_acf_changed":false},"product_brand":[],"product_cat":[1022,1023],"product_tag":[],"class_list":{"0":"post-8842","1":"product","2":"type-product","3":"status-publish","4":"has-post-thumbnail","6":"product_cat-naradi","7":"product_cat-rucni-naradi","8":"product_shipping_class-kurier-cs","9":"pa_producent-kubala-cs","11":"first","12":"instock","13":"taxable","14":"shipping-taxable","15":"purchasable","16":"product-type-simple"},"acf":[],"_links":{"self":[{"href":"https:\/\/sklep.thepartners.pl\/cs\/wp-json\/wp\/v2\/product\/8842","targetHints":{"allow":["GET"]}}],"collection":[{"href":"https:\/\/sklep.thepartners.pl\/cs\/wp-json\/wp\/v2\/product"}],"about":[{"href":"https:\/\/sklep.thepartners.pl\/cs\/wp-json\/wp\/v2\/types\/product"}],"replies":[{"embeddable":true,"href":"https:\/\/sklep.thepartners.pl\/cs\/wp-json\/wp\/v2\/comments?post=8842"}],"wp:featuredmedia":[{"embeddable":true,"href":"https:\/\/sklep.thepartners.pl\/cs\/wp-json\/wp\/v2\/media\/8841"}],"wp:attachment":[{"href":"https:\/\/sklep.thepartners.pl\/cs\/wp-json\/wp\/v2\/media?parent=8842"}],"wp:term":[{"taxonomy":"product_brand","embeddable":true,"href":"https:\/\/sklep.thepartners.pl\/cs\/wp-json\/wp\/v2\/product_brand?post=8842"},{"taxonomy":"product_cat","embeddable":true,"href":"https:\/\/sklep.thepartners.pl\/cs\/wp-json\/wp\/v2\/product_cat?post=8842"},{"taxonomy":"product_tag","embeddable":true,"href":"https:\/\/sklep.thepartners.pl\/cs\/wp-json\/wp\/v2\/product_tag?post=8842"}],"curies":[{"name":"wp","href":"https:\/\/api.w.org\/{rel}","templated":true}]}}