{"id":8844,"date":"2024-12-13T14:29:50","date_gmt":"2024-12-13T13:29:50","guid":{"rendered":"https:\/\/sklep.thepartners.pl\/?post_type=product&#038;p=8844"},"modified":"2024-12-13T14:35:31","modified_gmt":"2024-12-13T13:35:31","slug":"univerzalni-hmozdinka-uno-10-mm-50-ks-kopia-2","status":"publish","type":"product","link":"https:\/\/sklep.thepartners.pl\/cs\/produkt\/univerzalni-hmozdinka-uno-10-mm-50-ks-kopia-2\/","title":{"rendered":"Univerz\u00e1ln\u00ed hmo\u017edinka UNO\u00ae 10 mm se \u0161roubem 5,0&#215;40 mm (100 ks)"},"content":{"rendered":"<div class=\"flex max-w-full flex-col flex-grow\">\n<div class=\"min-h-8 text-message flex w-full flex-col items-end gap-2 whitespace-normal break-words [.text-message+&amp;]:mt-5\" dir=\"auto\" data-message-author-role=\"assistant\" data-message-id=\"f4f3a212-7187-4693-ae87-122770bc99b8\" data-message-model-slug=\"gpt-4o\">\n<div class=\"flex w-full flex-col gap-1 empty:hidden first:pt-[3px]\">\n<div class=\"markdown prose w-full break-words dark:prose-invert light\">\n<p>Univerz\u00e1ln\u00ed hmo\u017edinka 10 mm se \u0161roubem 5,0&#215;40 mm je v\u0161estrann\u00fdm a spolehliv\u00fdm \u0159e\u0161en\u00edm pro upevn\u011bn\u00ed r\u016fzn\u00fdch prvk\u016f na st\u011bn\u00e1ch z r\u016fzn\u00fdch materi\u00e1l\u016f, jako je beton, cihla, s\u00e1drokartonov\u00e9 desky nebo d\u0159evo. D\u00edky pokro\u010dil\u00e9 konstrukci se hmo\u017edinka dokonale p\u0159izp\u016fsob\u00ed podkladu, \u010d\u00edm\u017e zaji\u0161\u0165uje pevn\u00e9 a stabiln\u00ed uchycen\u00ed.<\/p>\n<p>Produkt je vybaven \u0161roubem o rozm\u011brech 5,0&#215;40 mm, co\u017e umo\u017e\u0148uje rychlou mont\u00e1\u017e bez nutnosti pou\u017eit\u00ed dal\u0161\u00edch upev\u0148ovac\u00edch prvk\u016f. Vysoce kvalitn\u00ed materi\u00e1ly zaji\u0161\u0165uj\u00ed odolnost proti mechanick\u00e9mu po\u0161kozen\u00ed a korozi, co\u017e \u010din\u00ed univerz\u00e1ln\u00ed hmo\u017edinku vhodnou pro pou\u017eit\u00ed v interi\u00e9ru i exteri\u00e9ru.<\/p>\n<p><strong>Vlastnosti produktu:<\/strong><\/p>\n<ul>\n<li>Rozm\u011br hmo\u017edinky: 10 mm; d\u00e9lka \u0161roubu: 5,0&#215;40 mm.<\/li>\n<li>Univerz\u00e1ln\u00ed pou\u017eit\u00ed \u2013 vhodn\u00e1 pro r\u016fzn\u00e9 podklady (beton, cihla, d\u0159evo, s\u00e1drokarton).<\/li>\n<li>Vysok\u00e1 odolnost proti po\u0161kozen\u00ed a korozi.<\/li>\n<li>Balen\u00ed: 100 kus\u016f \u2013 ide\u00e1ln\u00ed pro v\u011bt\u0161\u00ed projekty.<\/li>\n<\/ul>\n<p><strong>Pou\u017eit\u00ed:<\/strong><br \/>\nUniverz\u00e1ln\u00ed hmo\u017edinka 10 mm se \u0161roubem 5,0&#215;40 mm je ur\u010dena pro upevn\u011bn\u00ed lehk\u00fdch a st\u0159edn\u00edch konstrukc\u00ed, jako jsou police, v\u011b\u0161\u00e1ky, obrazy nebo dr\u017e\u00e1ky, na st\u011bn\u00e1ch z r\u016fzn\u00fdch materi\u00e1l\u016f. Je ide\u00e1ln\u00edm \u0159e\u0161en\u00edm pro stavebn\u00ed i dokon\u010dovac\u00ed pr\u00e1ce v dom\u00e1cnostech a kancel\u00e1\u0159\u00edch.<\/p>\n<\/div>\n<\/div>\n<\/div>\n<\/div>\n","protected":false},"excerpt":{"rendered":"<p>Univerz\u00e1ln\u00ed hmo\u017edinka 10 mm se \u0161roubem 5,0&#215;40 mm je v\u0161estrann\u00fdm a spolehliv\u00fdm \u0159e\u0161en\u00edm pro upevn\u011bn\u00ed r\u016fzn\u00fdch prvk\u016f na st\u011bn\u00e1ch z<\/p>\n","protected":false},"featured_media":8851,"comment_status":"open","ping_status":"closed","template":"","meta":{"_acf_changed":false},"product_brand":[],"product_cat":[156,946,956],"product_tag":[],"class_list":{"0":"post-8844","1":"product","2":"type-product","3":"status-publish","4":"has-post-thumbnail","6":"product_cat-stavebni-materialy","7":"product_cat-sucha-vystavba","8":"product_cat-natloukaci-hmozdinky","9":"product_shipping_class-kurier-cs","10":"pa_producent-rawplug-cs","12":"first","13":"instock","14":"taxable","15":"shipping-taxable","16":"purchasable","17":"product-type-simple"},"acf":[],"_links":{"self":[{"href":"https:\/\/sklep.thepartners.pl\/cs\/wp-json\/wp\/v2\/product\/8844","targetHints":{"allow":["GET"]}}],"collection":[{"href":"https:\/\/sklep.thepartners.pl\/cs\/wp-json\/wp\/v2\/product"}],"about":[{"href":"https:\/\/sklep.thepartners.pl\/cs\/wp-json\/wp\/v2\/types\/product"}],"replies":[{"embeddable":true,"href":"https:\/\/sklep.thepartners.pl\/cs\/wp-json\/wp\/v2\/comments?post=8844"}],"wp:featuredmedia":[{"embeddable":true,"href":"https:\/\/sklep.thepartners.pl\/cs\/wp-json\/wp\/v2\/media\/8851"}],"wp:attachment":[{"href":"https:\/\/sklep.thepartners.pl\/cs\/wp-json\/wp\/v2\/media?parent=8844"}],"wp:term":[{"taxonomy":"product_brand","embeddable":true,"href":"https:\/\/sklep.thepartners.pl\/cs\/wp-json\/wp\/v2\/product_brand?post=8844"},{"taxonomy":"product_cat","embeddable":true,"href":"https:\/\/sklep.thepartners.pl\/cs\/wp-json\/wp\/v2\/product_cat?post=8844"},{"taxonomy":"product_tag","embeddable":true,"href":"https:\/\/sklep.thepartners.pl\/cs\/wp-json\/wp\/v2\/product_tag?post=8844"}],"curies":[{"name":"wp","href":"https:\/\/api.w.org\/{rel}","templated":true}]}}