{"id":8847,"date":"2024-12-13T14:35:04","date_gmt":"2024-12-13T13:35:04","guid":{"rendered":"https:\/\/sklep.thepartners.pl\/?post_type=product&#038;p=8847"},"modified":"2025-07-21T09:51:50","modified_gmt":"2025-07-21T07:51:50","slug":"szpachla-nierdzewna-stozkowo-szlifowana-silver-line-0529","status":"publish","type":"product","link":"https:\/\/sklep.thepartners.pl\/cs\/produkt\/szpachla-nierdzewna-stozkowo-szlifowana-silver-line-0529\/","title":{"rendered":"Szpachla nierdzewna sto\u017ckowo szlifowana SILVER LINE 0529"},"content":{"rendered":"<p><strong>Szpachla nierdzewna sto\u017ckowo szlifowana SILVER LINE 0529<\/strong> to narz\u0119dzie o najwy\u017cszej jako\u015bci, dedykowane zar\u00f3wno profesjonalistom, jak i majsterkowiczom, kt\u00f3rzy ceni\u0105 precyzj\u0119 i wygod\u0119 w pracy. Doskonale sprawdzi si\u0119 przy wymagaj\u0105cych pracach wyko\u0144czeniowych, takich jak nak\u0142adanie i wyr\u00f3wnywanie g\u0142adzi czy mas szpachlowych.<\/p>\n<h3><strong>Zastosowanie:<\/strong><\/h3>\n<ul>\n<li>R\u00f3wnomierne nak\u0142adanie g\u0142adzi i mas szpachlowych.<\/li>\n<li>Precyzyjne wyr\u00f3wnywanie powierzchni w pracach remontowo-wyko\u0144czeniowych.<\/li>\n<li>Sprawdzi si\u0119 zar\u00f3wno w profesjonalnych projektach, jak i podczas domowych remont\u00f3w.<\/li>\n<\/ul>\n","protected":false},"excerpt":{"rendered":"<h3><strong>Zastosowanie:<\/strong><\/h3>\n<ul>\n<li>R\u00f3wnomierne nak\u0142adanie g\u0142adzi i mas szpachlowych.<\/li>\n<li>Precyzyjne wyr\u00f3wnywanie powierzchni w pracach remontowo-wyko\u0144czeniowych.<\/li>\n<li>Sprawdzi si\u0119 zar\u00f3wno w profesjonalnych projektach, jak i podczas domowych remont\u00f3w.<\/li>\n<\/ul>\n","protected":false},"featured_media":8852,"comment_status":"open","ping_status":"closed","template":"","meta":{"_acf_changed":false},"product_brand":[],"product_cat":[1022,1023],"product_tag":[],"class_list":{"0":"post-8847","1":"product","2":"type-product","3":"status-publish","4":"has-post-thumbnail","6":"product_cat-naradi","7":"product_cat-rucni-naradi","8":"product_shipping_class-kurier-cs","9":"pa_producent-kubala-cs","11":"first","12":"instock","13":"taxable","14":"shipping-taxable","15":"purchasable","16":"product-type-simple"},"acf":[],"_links":{"self":[{"href":"https:\/\/sklep.thepartners.pl\/cs\/wp-json\/wp\/v2\/product\/8847","targetHints":{"allow":["GET"]}}],"collection":[{"href":"https:\/\/sklep.thepartners.pl\/cs\/wp-json\/wp\/v2\/product"}],"about":[{"href":"https:\/\/sklep.thepartners.pl\/cs\/wp-json\/wp\/v2\/types\/product"}],"replies":[{"embeddable":true,"href":"https:\/\/sklep.thepartners.pl\/cs\/wp-json\/wp\/v2\/comments?post=8847"}],"wp:featuredmedia":[{"embeddable":true,"href":"https:\/\/sklep.thepartners.pl\/cs\/wp-json\/wp\/v2\/media\/8852"}],"wp:attachment":[{"href":"https:\/\/sklep.thepartners.pl\/cs\/wp-json\/wp\/v2\/media?parent=8847"}],"wp:term":[{"taxonomy":"product_brand","embeddable":true,"href":"https:\/\/sklep.thepartners.pl\/cs\/wp-json\/wp\/v2\/product_brand?post=8847"},{"taxonomy":"product_cat","embeddable":true,"href":"https:\/\/sklep.thepartners.pl\/cs\/wp-json\/wp\/v2\/product_cat?post=8847"},{"taxonomy":"product_tag","embeddable":true,"href":"https:\/\/sklep.thepartners.pl\/cs\/wp-json\/wp\/v2\/product_tag?post=8847"}],"curies":[{"name":"wp","href":"https:\/\/api.w.org\/{rel}","templated":true}]}}