{"id":8855,"date":"2024-12-13T14:59:39","date_gmt":"2024-12-13T13:59:39","guid":{"rendered":"https:\/\/sklep.thepartners.pl\/?post_type=product&#038;p=8855"},"modified":"2024-12-13T15:04:08","modified_gmt":"2024-12-13T14:04:08","slug":"univerzalni-hmozdinka-10x50-mm-50-ks-kopia-2","status":"publish","type":"product","link":"https:\/\/sklep.thepartners.pl\/cs\/produkt\/univerzalni-hmozdinka-10x50-mm-50-ks-kopia-2\/","title":{"rendered":"Univerz\u00e1ln\u00ed hmo\u017edinka 10&#215;25 mm &#8211; 100 ks"},"content":{"rendered":"<div class=\"flex max-w-full flex-col flex-grow\">\n<div class=\"min-h-8 text-message flex w-full flex-col items-end gap-2 whitespace-normal break-words [.text-message+&amp;]:mt-5\" dir=\"auto\" data-message-author-role=\"assistant\" data-message-id=\"f4f3a212-7187-4693-ae87-122770bc99b8\" data-message-model-slug=\"gpt-4o\">\n<div class=\"flex w-full flex-col gap-1 empty:hidden first:pt-[3px]\">\n<div class=\"markdown prose w-full break-words dark:prose-invert light\">\n<p>Univerz\u00e1ln\u00ed mont\u00e1\u017en\u00ed hmo\u017edinka o rozm\u011brech 10&#215;25 mm je v\u0161estrann\u00fd prvek ur\u010den\u00fd pro uchycen\u00ed v r\u016fzn\u00fdch typech podklad\u016f. D\u00edky sv\u00e9 speci\u00e1ln\u00ed konstrukci zaji\u0161\u0165uje pevn\u00e9 a stabiln\u00ed uchycen\u00ed jak v pln\u00fdch, tak dut\u00fdch materi\u00e1lech. Produkt je dod\u00e1v\u00e1n v kartonov\u00e9m balen\u00ed obsahuj\u00edc\u00edm 100 kus\u016f, co\u017e ho \u010din\u00ed ide\u00e1ln\u00edm pro dom\u00e1c\u00ed i profesion\u00e1ln\u00ed pou\u017eit\u00ed.<\/p>\n<h4><strong>Pou\u017eit\u00ed:<\/strong><\/h4>\n<ul>\n<li>Mont\u00e1\u017e polic, v\u011b\u0161\u00e1k\u016f, sk\u0159\u00edn\u011bk, sv\u00edtidel a dal\u0161\u00edch interi\u00e9rov\u00fdch prvk\u016f.<\/li>\n<li>Vhodn\u00e1 pro podklady, jako jsou beton, cihly, p\u00f3robeton a s\u00e1drokarton.<\/li>\n<li>Ur\u010den\u00e1 pro lehk\u00e1 a st\u0159edn\u011b zat\u00ed\u017een\u00e1 uchycen\u00ed.<\/li>\n<\/ul>\n<h4><strong>Vlastnosti produktu:<\/strong><\/h4>\n<ul>\n<li><strong>Univerz\u00e1lnost:<\/strong> P\u0159izp\u016fsoben\u00ed r\u016fzn\u00fdm typ\u016fm podklad\u016f.<\/li>\n<li><strong>Odolnost:<\/strong> Vyrobena z kvalitn\u00edho plastu, kter\u00fd je odoln\u00fd v\u016f\u010di po\u0161kozen\u00ed.<\/li>\n<li><strong>Stabilita:<\/strong> Speci\u00e1ln\u00ed \u017eebrov\u00e1n\u00ed zaji\u0161\u0165uje pevn\u00e9 uchycen\u00ed ve st\u011bn\u011b.<\/li>\n<li><strong>Snadn\u00e1 instalace:<\/strong> Rychl\u00e9 upevn\u011bn\u00ed bez rizika ot\u00e1\u010den\u00ed hmo\u017edinky.<\/li>\n<\/ul>\n<\/div>\n<\/div>\n<\/div>\n<\/div>\n","protected":false},"excerpt":{"rendered":"<p>Univerz\u00e1ln\u00ed mont\u00e1\u017en\u00ed hmo\u017edinka o rozm\u011brech 10&#215;25 mm je v\u0161estrann\u00fd prvek ur\u010den\u00fd pro uchycen\u00ed v r\u016fzn\u00fdch typech podklad\u016f. D\u00edky sv\u00e9 speci\u00e1ln\u00ed<\/p>\n","protected":false},"featured_media":8379,"comment_status":"open","ping_status":"closed","template":"","meta":{"_acf_changed":false},"product_brand":[],"product_cat":[956,156,946],"product_tag":[],"class_list":{"0":"post-8855","1":"product","2":"type-product","3":"status-publish","4":"has-post-thumbnail","6":"product_cat-natloukaci-hmozdinky","7":"product_cat-stavebni-materialy","8":"product_cat-sucha-vystavba","9":"product_shipping_class-kurier-cs","10":"pa_producent-rawplug-cs","12":"first","13":"instock","14":"taxable","15":"shipping-taxable","16":"purchasable","17":"product-type-simple"},"acf":[],"_links":{"self":[{"href":"https:\/\/sklep.thepartners.pl\/cs\/wp-json\/wp\/v2\/product\/8855","targetHints":{"allow":["GET"]}}],"collection":[{"href":"https:\/\/sklep.thepartners.pl\/cs\/wp-json\/wp\/v2\/product"}],"about":[{"href":"https:\/\/sklep.thepartners.pl\/cs\/wp-json\/wp\/v2\/types\/product"}],"replies":[{"embeddable":true,"href":"https:\/\/sklep.thepartners.pl\/cs\/wp-json\/wp\/v2\/comments?post=8855"}],"wp:featuredmedia":[{"embeddable":true,"href":"https:\/\/sklep.thepartners.pl\/cs\/wp-json\/wp\/v2\/media\/8379"}],"wp:attachment":[{"href":"https:\/\/sklep.thepartners.pl\/cs\/wp-json\/wp\/v2\/media?parent=8855"}],"wp:term":[{"taxonomy":"product_brand","embeddable":true,"href":"https:\/\/sklep.thepartners.pl\/cs\/wp-json\/wp\/v2\/product_brand?post=8855"},{"taxonomy":"product_cat","embeddable":true,"href":"https:\/\/sklep.thepartners.pl\/cs\/wp-json\/wp\/v2\/product_cat?post=8855"},{"taxonomy":"product_tag","embeddable":true,"href":"https:\/\/sklep.thepartners.pl\/cs\/wp-json\/wp\/v2\/product_tag?post=8855"}],"curies":[{"name":"wp","href":"https:\/\/api.w.org\/{rel}","templated":true}]}}